{"id":5974,"date":"2025-07-30T08:35:30","date_gmt":"2025-07-30T08:35:30","guid":{"rendered":"https:\/\/altaroda.es\/?post_type=product&#038;p=5974"},"modified":"2025-07-30T08:35:30","modified_gmt":"2025-07-30T08:35:30","slug":"gato-para-montacargas-esco","status":"publish","type":"product","link":"https:\/\/altaroda.es\/fr\/product\/gato-para-montacargas-esco\/","title":{"rendered":"Gato para Montacargas ESCO"},"content":{"rendered":"<p>Ideal para el sector log\u00edstico.<br data-start=\"172\" data-end=\"175\" \/>Capacidad de elevaci\u00f3n de 7.500 kg hasta una altura de 419 mm.<br data-start=\"237\" data-end=\"240\" \/>El gato ESCO cuenta con una altura m\u00ednima de solo 57 mm, lo que permite colocarlo debajo de veh\u00edculos muy bajos.<br data-start=\"352\" data-end=\"355\" \/>Palanca desmontable para reducir el espacio de almacenamiento.<br data-start=\"417\" data-end=\"420\" data-is-only-node=\"\" \/>Equipado con ruedas macizas que facilitan la movilidad y el desplazamiento del gato.<\/p>","protected":false},"excerpt":{"rendered":"<p>Ideal para el sector log\u00edstico.Capacidad de elevaci\u00f3n de 7.500 kg hasta una altura de 419 mm.El gato ESCO cuenta con una altura m\u00ednima de solo 57 mm, lo que permite colocarlo debajo de veh\u00edculos muy bajos.Palanca desmontable para reducir el espacio de almacenamiento.Equipado con ruedas macizas que facilitan la movilidad y el desplazamiento del gato.<\/p>","protected":false},"featured_media":0,"comment_status":"open","ping_status":"closed","template":"","meta":{"_acf_changed":false},"product_brand":[21725],"product_cat":[42,21741],"product_tag":[21749,21750,21751,21727,134,21748],"class_list":{"0":"post-5974","1":"product","2":"type-product","3":"status-publish","5":"product_brand-esco","6":"product_cat-equipamiento","7":"product_cat-gatos","8":"product_tag-carretilla","9":"product_tag-elevadora","10":"product_tag-es10437","11":"product_tag-esco","12":"product_tag-gato","13":"product_tag-montecargas","15":"first","16":"instock","17":"taxable","18":"shipping-taxable","19":"purchasable","20":"product-type-simple"},"acf":[],"_links":{"self":[{"href":"https:\/\/altaroda.es\/fr\/wp-json\/wp\/v2\/product\/5974","targetHints":{"allow":["GET"]}}],"collection":[{"href":"https:\/\/altaroda.es\/fr\/wp-json\/wp\/v2\/product"}],"about":[{"href":"https:\/\/altaroda.es\/fr\/wp-json\/wp\/v2\/types\/product"}],"replies":[{"embeddable":true,"href":"https:\/\/altaroda.es\/fr\/wp-json\/wp\/v2\/comments?post=5974"}],"version-history":[{"count":0,"href":"https:\/\/altaroda.es\/fr\/wp-json\/wp\/v2\/product\/5974\/revisions"}],"wp:attachment":[{"href":"https:\/\/altaroda.es\/fr\/wp-json\/wp\/v2\/media?parent=5974"}],"wp:term":[{"taxonomy":"product_brand","embeddable":true,"href":"https:\/\/altaroda.es\/fr\/wp-json\/wp\/v2\/product_brand?post=5974"},{"taxonomy":"product_cat","embeddable":true,"href":"https:\/\/altaroda.es\/fr\/wp-json\/wp\/v2\/product_cat?post=5974"},{"taxonomy":"product_tag","embeddable":true,"href":"https:\/\/altaroda.es\/fr\/wp-json\/wp\/v2\/product_tag?post=5974"}],"curies":[{"name":"wp","href":"https:\/\/api.w.org\/{rel}","templated":true}]}}