{"id":5956,"date":"2025-07-30T08:18:03","date_gmt":"2025-07-30T08:18:03","guid":{"rendered":"https:\/\/altaroda.es\/?post_type=product&#038;p=5956"},"modified":"2025-07-30T08:18:03","modified_gmt":"2025-07-30T08:18:03","slug":"bomba-hidraulica-manual-esco-10508","status":"publish","type":"product","link":"https:\/\/altaroda.es\/fr\/product\/bomba-hidraulica-manual-esco-10508\/","title":{"rendered":"Bomba Hidr\u00e1ulica Manual ESCO 10508"},"content":{"rendered":"<h3 data-section-id=\"1y8pehq\" data-start=\"114\" data-end=\"149\"><strong data-start=\"120\" data-end=\"147\">Bomba Hidr\u00e1ulica Manual<\/strong><\/h3>\n<p data-start=\"150\" data-end=\"236\"><strong data-start=\"150\" data-end=\"174\">Capacidad de aceite:<\/strong> 1 litro<br data-start=\"182\" data-end=\"185\" \/><strong data-start=\"185\" data-end=\"208\">Presi\u00f3n hidr\u00e1ulica:<\/strong> 10.000 PSI<br data-start=\"219\" data-end=\"222\" \/><strong data-start=\"222\" data-end=\"231\">Peso:<\/strong> 7 kg<\/p>","protected":false},"excerpt":{"rendered":"<p>Bomba Hidr\u00e1ulica Manual Capacidad de aceite: 1 litroPresi\u00f3n hidr\u00e1ulica: 10.000 PSIPeso: 7 kg<\/p>","protected":false},"featured_media":0,"comment_status":"open","ping_status":"closed","template":"","meta":{"_acf_changed":false},"product_brand":[21725],"product_cat":[21740,42],"product_tag":[21742,21726,21727,21729],"class_list":{"0":"post-5956","1":"product","2":"type-product","3":"status-publish","5":"product_brand-esco","6":"product_cat-bombas","7":"product_cat-equipamiento","8":"product_tag-21742","9":"product_tag-bomba","10":"product_tag-esco","11":"product_tag-hidraulica","13":"first","14":"instock","15":"taxable","16":"shipping-taxable","17":"purchasable","18":"product-type-simple"},"acf":[],"_links":{"self":[{"href":"https:\/\/altaroda.es\/fr\/wp-json\/wp\/v2\/product\/5956","targetHints":{"allow":["GET"]}}],"collection":[{"href":"https:\/\/altaroda.es\/fr\/wp-json\/wp\/v2\/product"}],"about":[{"href":"https:\/\/altaroda.es\/fr\/wp-json\/wp\/v2\/types\/product"}],"replies":[{"embeddable":true,"href":"https:\/\/altaroda.es\/fr\/wp-json\/wp\/v2\/comments?post=5956"}],"version-history":[{"count":0,"href":"https:\/\/altaroda.es\/fr\/wp-json\/wp\/v2\/product\/5956\/revisions"}],"wp:attachment":[{"href":"https:\/\/altaroda.es\/fr\/wp-json\/wp\/v2\/media?parent=5956"}],"wp:term":[{"taxonomy":"product_brand","embeddable":true,"href":"https:\/\/altaroda.es\/fr\/wp-json\/wp\/v2\/product_brand?post=5956"},{"taxonomy":"product_cat","embeddable":true,"href":"https:\/\/altaroda.es\/fr\/wp-json\/wp\/v2\/product_cat?post=5956"},{"taxonomy":"product_tag","embeddable":true,"href":"https:\/\/altaroda.es\/fr\/wp-json\/wp\/v2\/product_tag?post=5956"}],"curies":[{"name":"wp","href":"https:\/\/api.w.org\/{rel}","templated":true}]}}