{"id":5937,"date":"2025-07-29T11:08:41","date_gmt":"2025-07-29T11:08:41","guid":{"rendered":"https:\/\/altaroda.es\/?post_type=product&#038;p=5937"},"modified":"2025-07-30T08:57:28","modified_gmt":"2025-07-30T08:57:28","slug":"destalonadora-industrial-esco-10107","status":"publish","type":"product","link":"https:\/\/altaroda.es\/fr\/product\/destalonadora-industrial-esco-10107\/","title":{"rendered":"Destalonadora  Industrial ESCO 10107"},"content":{"rendered":"<p>El rompe-esferas de aluminio ligero reduce el peso de la herramienta en aproximadamente un 20%.<br data-start=\"227\" data-end=\"230\" \/>Funciona en todos los neum\u00e1ticos y llantas de una pieza, dos piezas y tres piezas.<br data-start=\"312\" data-end=\"315\" \/>13,8 toneladas de fuerza de ruptura.<br data-start=\"351\" data-end=\"354\" \/>Abrazadera de gancho dise\u00f1ada espec\u00edficamente para ruedas de 3 piezas.<br data-start=\"424\" data-end=\"427\" data-is-only-node=\"\" \/>Construcci\u00f3n ligera en aluminio.<br data-start=\"459\" data-end=\"462\" \/>Mango en T para un uso y posicionamiento f\u00e1ciles.<\/p>","protected":false},"excerpt":{"rendered":"<p>El rompe-esferas de aluminio ligero reduce el peso de la herramienta en aproximadamente un 20%.Funciona en todos los neum\u00e1ticos y llantas de una pieza, dos piezas y tres piezas.13,8 toneladas de fuerza de ruptura.Abrazadera de gancho dise\u00f1ada espec\u00edficamente para ruedas de 3 piezas.Construcci\u00f3n ligera en aluminio.Mango en T para un uso y posicionamiento f\u00e1ciles.<\/p>","protected":false},"featured_media":0,"comment_status":"open","ping_status":"closed","template":"","meta":{"_acf_changed":false},"product_brand":[21725],"product_cat":[21739,42],"product_tag":[21736,21731,21754,21727,21732],"class_list":{"0":"post-5937","1":"product","2":"type-product","3":"status-publish","5":"product_brand-esco","6":"product_cat-destalonadoras","7":"product_cat-equipamiento","8":"product_tag-21736","9":"product_tag-desmontadora","10":"product_tag-destalonadora","11":"product_tag-esco","12":"product_tag-industrial","14":"first","15":"instock","16":"taxable","17":"shipping-taxable","18":"purchasable","19":"product-type-simple"},"acf":[],"_links":{"self":[{"href":"https:\/\/altaroda.es\/fr\/wp-json\/wp\/v2\/product\/5937","targetHints":{"allow":["GET"]}}],"collection":[{"href":"https:\/\/altaroda.es\/fr\/wp-json\/wp\/v2\/product"}],"about":[{"href":"https:\/\/altaroda.es\/fr\/wp-json\/wp\/v2\/types\/product"}],"replies":[{"embeddable":true,"href":"https:\/\/altaroda.es\/fr\/wp-json\/wp\/v2\/comments?post=5937"}],"version-history":[{"count":0,"href":"https:\/\/altaroda.es\/fr\/wp-json\/wp\/v2\/product\/5937\/revisions"}],"wp:attachment":[{"href":"https:\/\/altaroda.es\/fr\/wp-json\/wp\/v2\/media?parent=5937"}],"wp:term":[{"taxonomy":"product_brand","embeddable":true,"href":"https:\/\/altaroda.es\/fr\/wp-json\/wp\/v2\/product_brand?post=5937"},{"taxonomy":"product_cat","embeddable":true,"href":"https:\/\/altaroda.es\/fr\/wp-json\/wp\/v2\/product_cat?post=5937"},{"taxonomy":"product_tag","embeddable":true,"href":"https:\/\/altaroda.es\/fr\/wp-json\/wp\/v2\/product_tag?post=5937"}],"curies":[{"name":"wp","href":"https:\/\/api.w.org\/{rel}","templated":true}]}}