{"id":5917,"date":"2025-07-29T10:48:21","date_gmt":"2025-07-29T10:48:21","guid":{"rendered":"https:\/\/altaroda.es\/?post_type=product&#038;p=5917"},"modified":"2025-07-30T08:58:57","modified_gmt":"2025-07-30T08:58:57","slug":"destalonadora-industrial-esco-10104","status":"publish","type":"product","link":"https:\/\/altaroda.es\/fr\/product\/destalonadora-industrial-esco-10104\/","title":{"rendered":"Destalonadora  Industrial ESCO 10104"},"content":{"rendered":"<p>Incluye 6 cu\u00f1as curvas para evitar que el neum\u00e1tico vuelva a asentarse.<br data-start=\"223\" data-end=\"226\" \/>Funciona en ruedas de 5 piezas que no tienen cavidades para liberar el tal\u00f3n.<br data-start=\"303\" data-end=\"306\" \/>Equipado con un acoplamiento hidr\u00e1ulico de alto caudal.<br data-start=\"361\" data-end=\"364\" \/><strong data-start=\"364\" data-end=\"373\">Peso:<\/strong> 31 kg<\/p>","protected":false},"excerpt":{"rendered":"<p>Incluye 6 cu\u00f1as curvas para evitar que el neum\u00e1tico vuelva a asentarse.Funciona en ruedas de 5 piezas que no tienen cavidades para liberar el tal\u00f3n.Equipado con un acoplamiento hidr\u00e1ulico de alto caudal.Peso: 31 kg<\/p>","protected":false},"featured_media":0,"comment_status":"open","ping_status":"closed","template":"","meta":{"_acf_changed":false},"product_brand":[21725],"product_cat":[21739,42],"product_tag":[21733,21731,21727,21732],"class_list":{"0":"post-5917","1":"product","2":"type-product","3":"status-publish","5":"product_brand-esco","6":"product_cat-destalonadoras","7":"product_cat-equipamiento","8":"product_tag-21733","9":"product_tag-desmontadora","10":"product_tag-esco","11":"product_tag-industrial","13":"first","14":"instock","15":"taxable","16":"shipping-taxable","17":"purchasable","18":"product-type-simple"},"acf":[],"_links":{"self":[{"href":"https:\/\/altaroda.es\/fr\/wp-json\/wp\/v2\/product\/5917","targetHints":{"allow":["GET"]}}],"collection":[{"href":"https:\/\/altaroda.es\/fr\/wp-json\/wp\/v2\/product"}],"about":[{"href":"https:\/\/altaroda.es\/fr\/wp-json\/wp\/v2\/types\/product"}],"replies":[{"embeddable":true,"href":"https:\/\/altaroda.es\/fr\/wp-json\/wp\/v2\/comments?post=5917"}],"version-history":[{"count":0,"href":"https:\/\/altaroda.es\/fr\/wp-json\/wp\/v2\/product\/5917\/revisions"}],"wp:attachment":[{"href":"https:\/\/altaroda.es\/fr\/wp-json\/wp\/v2\/media?parent=5917"}],"wp:term":[{"taxonomy":"product_brand","embeddable":true,"href":"https:\/\/altaroda.es\/fr\/wp-json\/wp\/v2\/product_brand?post=5917"},{"taxonomy":"product_cat","embeddable":true,"href":"https:\/\/altaroda.es\/fr\/wp-json\/wp\/v2\/product_cat?post=5917"},{"taxonomy":"product_tag","embeddable":true,"href":"https:\/\/altaroda.es\/fr\/wp-json\/wp\/v2\/product_tag?post=5917"}],"curies":[{"name":"wp","href":"https:\/\/api.w.org\/{rel}","templated":true}]}}