{"id":584,"date":"2025-04-11T21:19:23","date_gmt":"2025-04-11T21:19:23","guid":{"rendered":"https:\/\/altaroda.es\/?post_type=product&#038;p=584"},"modified":"2025-04-11T21:19:23","modified_gmt":"2025-04-11T21:19:23","slug":"llave-de-impacto-a-bateria-ingersoll-rand-de-1-w9691-largador-4-baterias","status":"publish","type":"product","link":"https:\/\/altaroda.es\/fr\/product\/llave-de-impacto-a-bateria-ingersoll-rand-de-1-w9691-largador-4-baterias\/","title":{"rendered":"INGERSOLL RAND 1\u2033 BATTERY POWERED IMPACT SPANNER W9691 + WRENCH + 4 BATTERIES"},"content":{"rendered":"<p><em><strong>Presentamos la pistola de impacto inal\u00e1mbrica de 1\u00bb m\u00e1s potente del mundo:<\/strong><\/em><\/p>\n<p>La W9691 de ca\u00f1\u00f3n largo de Ingersoll Rand.<br \/>\nCon su r\u00e1pida configuraci\u00f3n y sin mangueras con las que tropezar, la resistente pistola de impacto inal\u00e1mbrica de 1\u00bb W9691 promueve una mayor seguridad y eficiencia. La innovaci\u00f3n de Ingersoll Rand garantiza un peso equilibrado, un mango en D ergon\u00f3mico con empu\u00f1adura auxiliar de 360 grados y una configuraci\u00f3n protegida por bater\u00eda IQV20 con potencia para un d\u00eda completo de trabajo.<\/p>\n<p><strong>Potencia<\/strong><br \/>\nCon la llave de impacto inal\u00e1mbrica Ingersoll Rand de 1\u00bb, siempre tendr\u00e1 hasta 3.000 Nm de potencia listos para usar y bajo control.<br \/>\nHasta 3.000 Nm de par de rotura de tuercas y 2.200 Nm de par de apriete<br \/>\nCuatro modos de control de potencia, dos de ellos con desconexi\u00f3n autom\u00e1tica (a 180 y 400 Nm de par de apriete)<br \/>\nEl sistema integrado de control de potencia incluye dos modos que detendr\u00e1n la herramienta en SNUG o MID-POWER cerca de los valores de ajuste indicados anteriormente.<\/p>\n<p><strong>Productividad<\/strong><br \/>\nReduzca el tiempo de preparaci\u00f3n hasta en un 15% en comparaci\u00f3n con la preparaci\u00f3n de herramientas neum\u00e1ticas, para realizar m\u00e1s trabajos en un d\u00eda. Mejore la productividad y el confort de sus operarios sin mangueras de aire que cargar y conectar.<br \/>\n4 modos de control de potencia con 2 con desconexi\u00f3n autom\u00e1tica a aprox. 180 y 400 Nm.<br \/>\nLa bater\u00eda de la llave de impacto de alto par aprovecha la plataforma de bater\u00edas IQV20 existente con potencia suficiente para un d\u00eda completo de trabajo.<br \/>\nOfrece una ergonom\u00eda superior &#8211; Las dos bater\u00edas est\u00e1n anidadas en el bastidor de la herramienta, lo que hace que su manejo sea menos engorroso<\/p>\n<p><strong>Durabilidad<\/strong><br \/>\nClasificaci\u00f3n IP56 para uso en condiciones ambientales duras, como mantenimiento de flotas de camiones, petr\u00f3leo y gas, generaci\u00f3n de energ\u00eda e industrias ferroviarias.<br \/>\nEsto significa que esta llave de impacto a bater\u00eda est\u00e1 protegida del polvo y las part\u00edculas del aire, as\u00ed como de potentes chorros de agua. Esto significa que esta llave de impacto a bater\u00eda est\u00e1 protegida contra el polvo y las part\u00edculas del aire, as\u00ed como contra potentes chorros de agua.<br \/>\nLa carcasa de material compuesto resistente a los impactos y a los productos qu\u00edmicos soporta casi todos los fluidos que se encuentran en los talleres de mantenimiento o en las obras.<\/p>\n<p><strong>Capacidad<\/strong><br \/>\nHasta 250 tornillos por carga &#8211; Capacidad suficiente para manejar todas las tuercas y tornillos en un d\u00eda completo de trabajo.<br \/>\nReduce el coste total de propiedad aprovechando el stock de bater\u00edas existente &#8211; La W9691 utiliza la misma bater\u00eda de iones de litio de 20 V utilizada en toda la gama de herramientas inal\u00e1mbricas IQV20 de Ingersoll Rand.<br \/>\nLa versi\u00f3n extendida de 6\u00bb ofrece un mejor acceso en zonas empotradas y aplicaciones de dif\u00edcil acceso.<\/p>\n<p>&nbsp;<\/p>\n<p><strong>Tama\u00f1o del bloque (pulg.):<\/strong> 1<br \/>\n<strong>Par de rotura de la tuerca (Nm):<\/strong> 4000Nm<br \/>\n<strong>Par de apriete m\u00e1ximo (Nm):<\/strong> 3000Nm<br \/>\n<strong>Modo de apriete confort (Nm):<\/strong> 250Nm<br \/>\n<strong>Par de apriete de potencia media (Nm):<\/strong> 550Nm<br \/>\n<strong>Par de apriete m\u00e1ximo (Nm):<\/strong> 3000Nm<br \/>\n<strong>Impactos por minuto (BPM):<\/strong> 1170<br \/>\n<strong>Velocidad libre (RPM):<\/strong> 890RPM<br \/>\n<strong>Voltaje:<\/strong> 2 x 20V<br \/>\n<strong>Modelo de bater\u00eda:<\/strong> BL2022<br \/>\n<strong>Peso (sin bater\u00eda) (kg):<\/strong> 11,7kg<br \/>\n<strong>Peso (con bater\u00eda) (kg):<\/strong> 13,2kg<br \/>\n<strong>Ancho x Ancho x Alto (mm):<\/strong> 663 x 176 x 206mm<\/p>\n<p>&nbsp;<\/p>\n<p><iframe title=\"World&#039;s Most Powerful 20V 1&quot; Cordless Impact Wrench - W9691\/W9491 - up to 4000Nm\" width=\"800\" height=\"450\" src=\"https:\/\/www.youtube.com\/embed\/3CK8R_ZvneM?feature=oembed\" frameborder=\"0\" allow=\"accelerometer; autoplay; clipboard-write; encrypted-media; gyroscope; picture-in-picture; web-share\" referrerpolicy=\"strict-origin-when-cross-origin\" allowfullscreen><\/iframe><\/p>","protected":false},"excerpt":{"rendered":"<p>Presentamos la pistola de impacto inal\u00e1mbrica de 1\u00bb m\u00e1s potente del mundo: La W9691 de ca\u00f1\u00f3n largo de Ingersoll Rand. Con su r\u00e1pida configuraci\u00f3n y sin mangueras con las que tropezar, la resistente pistola de impacto inal\u00e1mbrica de 1\u00bb W9691 promueve una mayor seguridad y eficiencia. La innovaci\u00f3n de Ingersoll Rand garantiza un peso equilibrado, [&hellip;]<\/p>","protected":false},"featured_media":0,"comment_status":"open","ping_status":"closed","template":"","meta":{"_acf_changed":false},"product_brand":[],"product_cat":[43],"product_tag":[73,74,72],"class_list":{"0":"post-584","1":"product","2":"type-product","3":"status-publish","5":"product_cat-herramientas","6":"product_tag-bateria","7":"product_tag-largador","8":"product_tag-llave-de-impacto","10":"first","11":"instock","12":"taxable","13":"shipping-taxable","14":"purchasable","15":"product-type-simple"},"acf":[],"_links":{"self":[{"href":"https:\/\/altaroda.es\/fr\/wp-json\/wp\/v2\/product\/584","targetHints":{"allow":["GET"]}}],"collection":[{"href":"https:\/\/altaroda.es\/fr\/wp-json\/wp\/v2\/product"}],"about":[{"href":"https:\/\/altaroda.es\/fr\/wp-json\/wp\/v2\/types\/product"}],"replies":[{"embeddable":true,"href":"https:\/\/altaroda.es\/fr\/wp-json\/wp\/v2\/comments?post=584"}],"version-history":[{"count":0,"href":"https:\/\/altaroda.es\/fr\/wp-json\/wp\/v2\/product\/584\/revisions"}],"wp:attachment":[{"href":"https:\/\/altaroda.es\/fr\/wp-json\/wp\/v2\/media?parent=584"}],"wp:term":[{"taxonomy":"product_brand","embeddable":true,"href":"https:\/\/altaroda.es\/fr\/wp-json\/wp\/v2\/product_brand?post=584"},{"taxonomy":"product_cat","embeddable":true,"href":"https:\/\/altaroda.es\/fr\/wp-json\/wp\/v2\/product_cat?post=584"},{"taxonomy":"product_tag","embeddable":true,"href":"https:\/\/altaroda.es\/fr\/wp-json\/wp\/v2\/product_tag?post=584"}],"curies":[{"name":"wp","href":"https:\/\/api.w.org\/{rel}","templated":true}]}}