{"id":577,"date":"2025-04-11T21:07:57","date_gmt":"2025-04-11T21:07:57","guid":{"rendered":"https:\/\/altaroda.es\/?post_type=product&#038;p=577"},"modified":"2025-04-11T21:07:58","modified_gmt":"2025-04-11T21:07:58","slug":"para-balanceadoras-elevador-de-ruedas","status":"publish","type":"product","link":"https:\/\/altaroda.es\/fr\/product\/para-balanceadoras-elevador-de-ruedas\/","title":{"rendered":"POUR LES \u00c9QUILIBREUSES DE ROUES \/ LES \u00c9L\u00c9VATEURS DE ROUES"},"content":{"rendered":"<p><strong>Mando neum\u00e1tico<\/strong> (arriba y abajo)<br \/>\nAccionado por joystick.<br \/>\n<strong>Capacidad de elevaci\u00f3n:<\/strong> 65 kg<br \/>\nUniversal<br \/>\nF\u00e1cil de utilizar<\/p>","protected":false},"excerpt":{"rendered":"<p>POUR LES \u00c9QUILIBREUSES DE ROUES \/ LES \u00c9L\u00c9VATEURS DE ROUES<\/p>","protected":false},"featured_media":0,"comment_status":"open","ping_status":"closed","template":"","meta":{"_acf_changed":false},"product_brand":[],"product_cat":[42],"product_tag":[63,59,64,60],"class_list":{"0":"post-577","1":"product","2":"type-product","3":"status-publish","5":"product_cat-equipamiento","6":"product_tag-balanceadora","7":"product_tag-elevador","8":"product_tag-para","9":"product_tag-ruedas","11":"first","12":"instock","13":"taxable","14":"shipping-taxable","15":"purchasable","16":"product-type-simple"},"acf":[],"_links":{"self":[{"href":"https:\/\/altaroda.es\/fr\/wp-json\/wp\/v2\/product\/577","targetHints":{"allow":["GET"]}}],"collection":[{"href":"https:\/\/altaroda.es\/fr\/wp-json\/wp\/v2\/product"}],"about":[{"href":"https:\/\/altaroda.es\/fr\/wp-json\/wp\/v2\/types\/product"}],"replies":[{"embeddable":true,"href":"https:\/\/altaroda.es\/fr\/wp-json\/wp\/v2\/comments?post=577"}],"version-history":[{"count":0,"href":"https:\/\/altaroda.es\/fr\/wp-json\/wp\/v2\/product\/577\/revisions"}],"wp:attachment":[{"href":"https:\/\/altaroda.es\/fr\/wp-json\/wp\/v2\/media?parent=577"}],"wp:term":[{"taxonomy":"product_brand","embeddable":true,"href":"https:\/\/altaroda.es\/fr\/wp-json\/wp\/v2\/product_brand?post=577"},{"taxonomy":"product_cat","embeddable":true,"href":"https:\/\/altaroda.es\/fr\/wp-json\/wp\/v2\/product_cat?post=577"},{"taxonomy":"product_tag","embeddable":true,"href":"https:\/\/altaroda.es\/fr\/wp-json\/wp\/v2\/product_tag?post=577"}],"curies":[{"name":"wp","href":"https:\/\/api.w.org\/{rel}","templated":true}]}}