{"id":5715,"date":"2025-07-28T08:38:44","date_gmt":"2025-07-28T08:38:44","guid":{"rendered":"https:\/\/altaroda.es\/?post_type=product&#038;p=5715"},"modified":"2025-07-29T09:15:27","modified_gmt":"2025-07-29T09:15:27","slug":"antirrobo-sicustar-14x1-25-ch17-bvn750-rosca-50mm-negro-especial-bmw","status":"publish","type":"product","link":"https:\/\/altaroda.es\/fr\/product\/antirrobo-sicustar-14x1-25-ch17-bvn750-rosca-50mm-negro-especial-bmw\/","title":{"rendered":"Antirrobo Sicustar 14&#215;1.25 Ch17 BVN750 (rosca 50mm) Negro ESPECIAL BMW"},"content":{"rendered":"<p>Los tornillos de seguridad son ideales para aumentar la seguridad de su veh\u00edculo, para evitar el robo de llantas y neum\u00e1ticos.<\/p>\n<p>Con este kit antirrobo, los tornillos s\u00f3lo pueden retirarse con las llaves espec\u00edficas suministradas en el kit.<\/p>\n<p>Nivel de seguridad: Muy alto<\/p>\n<p>&#8211; Caracter\u00edsticas:<\/p>\n<p>* Rosca M14x1,25<\/p>\n<p>* Forma: c\u00f3nica 60<\/p>\n<p>* Llave de apriete 17<\/p>\n<p>* Tama\u00f1o de rosca: 50<\/p>","protected":false},"excerpt":{"rendered":"<p>Los tornillos de seguridad son ideales para aumentar la seguridad de su veh\u00edculo, para evitar el robo de llantas y neum\u00e1ticos. Con este kit antirrobo, los tornillos s\u00f3lo pueden retirarse con las llaves espec\u00edficas suministradas en el kit. Nivel de seguridad: Muy alto &#8211; Caracter\u00edsticas: * Rosca M14x1,25 * Forma: c\u00f3nica 60 * Llave de [&hellip;]<\/p>","protected":false},"featured_media":0,"comment_status":"open","ping_status":"closed","template":"","meta":{"_acf_changed":false},"product_brand":[],"product_cat":[21683],"product_tag":[21695,21642,21696,21697],"class_list":{"0":"post-5715","1":"product","2":"type-product","3":"status-publish","5":"product_cat-tornillos","6":"product_tag-antirrobo","7":"product_tag-bmw","8":"product_tag-sicustar","9":"product_tag-tornillo","11":"first","12":"instock","13":"taxable","14":"shipping-taxable","15":"purchasable","16":"product-type-simple"},"acf":[],"_links":{"self":[{"href":"https:\/\/altaroda.es\/fr\/wp-json\/wp\/v2\/product\/5715","targetHints":{"allow":["GET"]}}],"collection":[{"href":"https:\/\/altaroda.es\/fr\/wp-json\/wp\/v2\/product"}],"about":[{"href":"https:\/\/altaroda.es\/fr\/wp-json\/wp\/v2\/types\/product"}],"replies":[{"embeddable":true,"href":"https:\/\/altaroda.es\/fr\/wp-json\/wp\/v2\/comments?post=5715"}],"version-history":[{"count":0,"href":"https:\/\/altaroda.es\/fr\/wp-json\/wp\/v2\/product\/5715\/revisions"}],"wp:attachment":[{"href":"https:\/\/altaroda.es\/fr\/wp-json\/wp\/v2\/media?parent=5715"}],"wp:term":[{"taxonomy":"product_brand","embeddable":true,"href":"https:\/\/altaroda.es\/fr\/wp-json\/wp\/v2\/product_brand?post=5715"},{"taxonomy":"product_cat","embeddable":true,"href":"https:\/\/altaroda.es\/fr\/wp-json\/wp\/v2\/product_cat?post=5715"},{"taxonomy":"product_tag","embeddable":true,"href":"https:\/\/altaroda.es\/fr\/wp-json\/wp\/v2\/product_tag?post=5715"}],"curies":[{"name":"wp","href":"https:\/\/api.w.org\/{rel}","templated":true}]}}