{"id":571,"date":"2025-04-11T21:03:44","date_gmt":"2025-04-11T21:03:44","guid":{"rendered":"https:\/\/altaroda.es\/?post_type=product&#038;p=571"},"modified":"2025-04-11T21:03:44","modified_gmt":"2025-04-11T21:03:44","slug":"elevador-de-neumaticos-univ-p-desmontadora-de-ruedas","status":"publish","type":"product","link":"https:\/\/altaroda.es\/fr\/product\/elevador-de-neumaticos-univ-p-desmontadora-de-ruedas\/","title":{"rendered":"D\u00c9MONTE-PNEUS UNIV. POUR D\u00c9MONTE-PNEUS"},"content":{"rendered":"<p>Se trata de un elevador de ruedas universal dise\u00f1ado para ayudar a agilizar el servicio al operario.<\/p>\n<p>El elevador es una estructura independiente y no requiere montaje en la desmontadora: basta con conectar el aire de la red neum\u00e1tica y ya est\u00e1 listo para funcionar.<\/p>\n<p>El ProGear UPM65-1 aumenta significativamente la comodidad de trabajo y alivia la tensi\u00f3n en la espalda del operario.<\/p>\n<p><strong>Capacidad de carga m\u00e1xima:<\/strong> 65 kg<br \/>\n<strong>Altura de elevaci\u00f3n:<\/strong> 741 mm<br \/>\n<strong>Presi\u00f3n de trabajo:<\/strong> 6-8 bar<br \/>\n<strong>Mando de pedal<\/strong><\/p>","protected":false},"excerpt":{"rendered":"<p>Se trata de un elevador de ruedas universal dise\u00f1ado para ayudar a agilizar el servicio al operario.<\/p>\n<p>&nbsp;<\/p>","protected":false},"featured_media":0,"comment_status":"open","ping_status":"closed","template":"","meta":{"_acf_changed":false},"product_brand":[],"product_cat":[42],"product_tag":[62,59,61,60],"class_list":{"0":"post-571","1":"product","2":"type-product","3":"status-publish","5":"product_cat-equipamiento","6":"product_tag-desmontador","7":"product_tag-elevador","8":"product_tag-pneumatico","9":"product_tag-ruedas","11":"first","12":"instock","13":"taxable","14":"shipping-taxable","15":"purchasable","16":"product-type-simple"},"acf":[],"_links":{"self":[{"href":"https:\/\/altaroda.es\/fr\/wp-json\/wp\/v2\/product\/571","targetHints":{"allow":["GET"]}}],"collection":[{"href":"https:\/\/altaroda.es\/fr\/wp-json\/wp\/v2\/product"}],"about":[{"href":"https:\/\/altaroda.es\/fr\/wp-json\/wp\/v2\/types\/product"}],"replies":[{"embeddable":true,"href":"https:\/\/altaroda.es\/fr\/wp-json\/wp\/v2\/comments?post=571"}],"version-history":[{"count":0,"href":"https:\/\/altaroda.es\/fr\/wp-json\/wp\/v2\/product\/571\/revisions"}],"wp:attachment":[{"href":"https:\/\/altaroda.es\/fr\/wp-json\/wp\/v2\/media?parent=571"}],"wp:term":[{"taxonomy":"product_brand","embeddable":true,"href":"https:\/\/altaroda.es\/fr\/wp-json\/wp\/v2\/product_brand?post=571"},{"taxonomy":"product_cat","embeddable":true,"href":"https:\/\/altaroda.es\/fr\/wp-json\/wp\/v2\/product_cat?post=571"},{"taxonomy":"product_tag","embeddable":true,"href":"https:\/\/altaroda.es\/fr\/wp-json\/wp\/v2\/product_tag?post=571"}],"curies":[{"name":"wp","href":"https:\/\/api.w.org\/{rel}","templated":true}]}}