{"id":5532,"date":"2025-07-23T10:40:35","date_gmt":"2025-07-23T10:40:35","guid":{"rendered":"https:\/\/altaroda.es\/?post_type=product&#038;p=5532"},"modified":"2025-07-23T10:40:35","modified_gmt":"2025-07-23T10:40:35","slug":"equilibrado-polvo-8-kg-magnum","status":"publish","type":"product","link":"https:\/\/altaroda.es\/fr\/product\/equilibrado-polvo-8-kg-magnum\/","title":{"rendered":"EQUILIBRADO POLVO 8 KG MAGNUM"},"content":{"rendered":"<p>Bolas de autoequilibrio.<\/p>\n<p>Cubo de 8 kg.<\/p>\n<p>Incluye cuchara medidora.<\/p>\n<p>Compatible con TPMS.<\/p>\n<p>No necesita una v\u00e1lvula espec\u00edfica en el interior.<\/p>\n<p>Bolas de vidrio perfectamente redondas &#8211; no se desintegran.<\/p>\n<p>Para la medida m\u00e1s com\u00fan, 315-80R22.5, cada paquete es suficiente para 24 equilibrios.<\/p>\n<p><strong>CARACTER\u00cdSTICAS:<\/strong><\/p>\n<p>La \u00faltima tecnolog\u00eda para calibrar neum\u00e1ticos de cami\u00f3n mediante el sistema de adherencia electrost\u00e1tica.<\/p>\n<p>Se trata de un polvo calibrador absorbente que se aplica directamente en el interior del neum\u00e1tico del cami\u00f3n o autob\u00fas (es necesario desmontar el neum\u00e1tico).<\/p>\n<p>Mientras el neum\u00e1tico est\u00e1 parado, el producto permanece en la parte inferior del neum\u00e1tico.<\/p>\n<p>En cuanto el veh\u00edculo alcanza una velocidad m\u00ednima de 25-30 km\/h, el polvo se distribuye uniformemente por todo el neum\u00e1tico por la fuerza centr\u00edfuga.<\/p>\n<p>Cuando esta fuerza desequilibrada aumenta, y a medida que la suspensi\u00f3n sube y baja, el polvo comienza a moverse, por inercia, en la posici\u00f3n opuesta al movimiento de subida y bajada.<\/p>\n<p>El polvo de calibraci\u00f3n contin\u00faa movi\u00e9ndose de esta manera hasta que el neum\u00e1tico alcanza el equilibrio.<\/p>\n<p>&nbsp;<\/p>\n<p><strong>VENTAJAS:<\/strong><\/p>\n<p>&#8211; Es un producto respetuoso con el medio ambiente, no t\u00f3xico y no inflamable.<\/p>\n<p>&#8211; Menor resistencia a la rodadura y mayor ahorro de combustible, ahorro superior al 3%.<\/p>\n<p>&#8211; No necesita costosas m\u00e1quinas de calibrado.<\/p>\n<p>&#8211; Una sola calibraci\u00f3n bastar\u00e1 para toda la vida del neum\u00e1tico.<\/p>\n<p>&#8211; Calibraci\u00f3n m\u00e1s r\u00e1pida y precisa en comparaci\u00f3n con las pesas de zinc, hierro, etc.<\/p>\n<p>&#8211; Los neum\u00e1ticos y las llantas se pueden reparar y recauchutar sin problemas, a menos que haya alg\u00fan problema con la estructura, pero nunca porque se est\u00e9 utilizando el polvo.<\/p>\n<p>&#8211; No causa ning\u00fan da\u00f1o ni al neum\u00e1tico ni a la llanta.<\/p>\n<p>&#8211; El exterior de un neum\u00e1tico inflado con nuestro polvo se desgasta de forma m\u00e1s uniforme.<\/p>\n<p>&#8211; La vida \u00fatil de un neum\u00e1tico inflado con nuestro polvo aumenta una media del 30% en comparaci\u00f3n con un inflado convencional debido a la reducci\u00f3n del desgaste.<\/p>\n<p>&#8211; Se reduce la carga innecesaria sobre otros componentes, como los cojinetes de las ruedas, los componentes de la direcci\u00f3n, etc.<\/p>\n<p>&#8211; Se minimizan las vibraciones en el volante y el chasis, mejorando as\u00ed la conducci\u00f3n y el confort del conductor.<\/p>\n<p>&#8211; Se absorbe la humedad del interior del neum\u00e1tico sin que se formen grumos.<\/p>\n<p>&#8211; Mejores resultados en veh\u00edculos de larga distancia.<\/p>\n<p>&#8211; La reparaci\u00f3n puede realizarse en fr\u00edo o en caliente.<\/p>\n<p>&#8211; Evita la necesidad de tener varios gramos de pesas de calibraci\u00f3n en el taller.<\/p>\n<p>&#8211; Garantiza un equilibrado duradero en comparaci\u00f3n con las pesas de calibraci\u00f3n convencionales, que a veces incluso se sueltan.<\/p>\n<p>&nbsp;<\/p>\n<p><strong>LIMITACIONES:<\/strong><\/p>\n<p>&#8211; El tama\u00f1o del producto dificulta su inserci\u00f3n a trav\u00e9s de la v\u00e1lvula, por lo que para una mayor eficacia recomendamos utilizar un barril de v\u00e1lvula largo.<\/p>\n<p>Es muy importante que el neum\u00e1tico est\u00e9 limpio y seco en el momento del montaje.<\/p>\n<p>&#8211; El compresor utilizado para inflar el neum\u00e1tico no debe introducir agua en el mismo.<\/p>\n<p>&#8211; Nunca utilices el compresor para rebordear el neum\u00e1tico.<\/p>\n<p>&#8211; Este tipo de producto es m\u00e1s eficaz en veh\u00edculos de largo y medio recorrido que en veh\u00edculos de corto recorrido, ya que no da tiempo a que el polvo se deposite en el neum\u00e1tico.<\/p>\n<p>&#8211; Si se notan vibraciones con 340 g de producto, probablemente se deban a problemas con los muelles, las cadenas u otro componente, pero nunca relacionados con el compuesto.<\/p>","protected":false},"excerpt":{"rendered":"<p>Bolas de autoequilibrio. Cubo de 8 kg. Incluye cuchara medidora. Compatible con TPMS. No necesita una v\u00e1lvula espec\u00edfica en el interior. Bolas de vidrio perfectamente redondas &#8211; no se desintegran. Para la medida m\u00e1s com\u00fan, 315-80R22.5, cada paquete es suficiente para 24 equilibrios. CARACTER\u00cdSTICAS: La \u00faltima tecnolog\u00eda para calibrar neum\u00e1ticos de cami\u00f3n mediante el sistema [&hellip;]<\/p>","protected":false},"featured_media":0,"comment_status":"open","ping_status":"closed","template":"","meta":{"_acf_changed":false},"product_brand":[],"product_cat":[21658],"product_tag":[67,21661,66],"class_list":{"0":"post-5532","1":"product","2":"type-product","3":"status-publish","5":"product_cat-pesos","6":"product_tag-equilibrado","7":"product_tag-magnum","8":"product_tag-polvo","10":"first","11":"instock","12":"taxable","13":"shipping-taxable","14":"purchasable","15":"product-type-simple"},"acf":[],"_links":{"self":[{"href":"https:\/\/altaroda.es\/fr\/wp-json\/wp\/v2\/product\/5532","targetHints":{"allow":["GET"]}}],"collection":[{"href":"https:\/\/altaroda.es\/fr\/wp-json\/wp\/v2\/product"}],"about":[{"href":"https:\/\/altaroda.es\/fr\/wp-json\/wp\/v2\/types\/product"}],"replies":[{"embeddable":true,"href":"https:\/\/altaroda.es\/fr\/wp-json\/wp\/v2\/comments?post=5532"}],"version-history":[{"count":0,"href":"https:\/\/altaroda.es\/fr\/wp-json\/wp\/v2\/product\/5532\/revisions"}],"wp:attachment":[{"href":"https:\/\/altaroda.es\/fr\/wp-json\/wp\/v2\/media?parent=5532"}],"wp:term":[{"taxonomy":"product_brand","embeddable":true,"href":"https:\/\/altaroda.es\/fr\/wp-json\/wp\/v2\/product_brand?post=5532"},{"taxonomy":"product_cat","embeddable":true,"href":"https:\/\/altaroda.es\/fr\/wp-json\/wp\/v2\/product_cat?post=5532"},{"taxonomy":"product_tag","embeddable":true,"href":"https:\/\/altaroda.es\/fr\/wp-json\/wp\/v2\/product_tag?post=5532"}],"curies":[{"name":"wp","href":"https:\/\/api.w.org\/{rel}","templated":true}]}}