{"id":5496,"date":"2025-07-23T10:00:37","date_gmt":"2025-07-23T10:00:37","guid":{"rendered":"https:\/\/altaroda.es\/?post_type=product&#038;p=5496"},"modified":"2025-07-23T10:00:37","modified_gmt":"2025-07-23T10:00:37","slug":"kit-de-mantenimiento-de-valvulas-72-20-546","status":"publish","type":"product","link":"https:\/\/altaroda.es\/fr\/product\/kit-de-mantenimiento-de-valvulas-72-20-546\/","title":{"rendered":"Kit de maintenance de soupapes 72-20-546"},"content":{"rendered":"<p>Este kit incluye: 16 kits de reparaci\u00f3n 32 v\u00e1lvulas met\u00e1licas 24 v\u00e1lvulas de goma Caja organizada<\/p>","protected":false},"excerpt":{"rendered":"<p>Este kit incluye: 16 kits de reparaci\u00f3n 32 v\u00e1lvulas met\u00e1licas 24 v\u00e1lvulas de goma Caja organizada<\/p>","protected":false},"featured_media":0,"comment_status":"open","ping_status":"closed","template":"","meta":{"_acf_changed":false},"product_brand":[],"product_cat":[21629],"product_tag":[21655,21630,21638],"class_list":{"0":"post-5496","1":"product","2":"type-product","3":"status-publish","5":"product_cat-valves","6":"product_tag-kit","7":"product_tag-valves","8":"product_tag-valvula","10":"first","11":"instock","12":"taxable","13":"shipping-taxable","14":"purchasable","15":"product-type-simple"},"acf":[],"_links":{"self":[{"href":"https:\/\/altaroda.es\/fr\/wp-json\/wp\/v2\/product\/5496","targetHints":{"allow":["GET"]}}],"collection":[{"href":"https:\/\/altaroda.es\/fr\/wp-json\/wp\/v2\/product"}],"about":[{"href":"https:\/\/altaroda.es\/fr\/wp-json\/wp\/v2\/types\/product"}],"replies":[{"embeddable":true,"href":"https:\/\/altaroda.es\/fr\/wp-json\/wp\/v2\/comments?post=5496"}],"version-history":[{"count":0,"href":"https:\/\/altaroda.es\/fr\/wp-json\/wp\/v2\/product\/5496\/revisions"}],"wp:attachment":[{"href":"https:\/\/altaroda.es\/fr\/wp-json\/wp\/v2\/media?parent=5496"}],"wp:term":[{"taxonomy":"product_brand","embeddable":true,"href":"https:\/\/altaroda.es\/fr\/wp-json\/wp\/v2\/product_brand?post=5496"},{"taxonomy":"product_cat","embeddable":true,"href":"https:\/\/altaroda.es\/fr\/wp-json\/wp\/v2\/product_cat?post=5496"},{"taxonomy":"product_tag","embeddable":true,"href":"https:\/\/altaroda.es\/fr\/wp-json\/wp\/v2\/product_tag?post=5496"}],"curies":[{"name":"wp","href":"https:\/\/api.w.org\/{rel}","templated":true}]}}