{"id":5464,"date":"2025-07-23T08:57:52","date_gmt":"2025-07-23T08:57:52","guid":{"rendered":"https:\/\/altaroda.es\/?post_type=product&#038;p=5464"},"modified":"2025-07-23T08:57:52","modified_gmt":"2025-07-23T08:57:52","slug":"valvula-de-camion-para-camaras-de-aire-v3-02-xx","status":"publish","type":"product","link":"https:\/\/altaroda.es\/fr\/product\/valvula-de-camion-para-camaras-de-aire-v3-02-xx\/","title":{"rendered":"V\u00e1lvula de cami\u00f3n para c\u00e1maras de aire V3-02-XX"},"content":{"rendered":"<p><img fetchpriority=\"high\" decoding=\"async\" src=\"https:\/\/cdnw1.omeuwebsite.com\/users\/novo-alta\/V302XX.JPG\" alt=\"\" width=\"599\" height=\"702\" \/><\/p>","protected":false},"excerpt":{"rendered":"","protected":false},"featured_media":0,"comment_status":"open","ping_status":"closed","template":"","meta":{"_acf_changed":false},"product_brand":[],"product_cat":[21629],"product_tag":[70,21652,21637,21638],"class_list":{"0":"post-5464","1":"product","2":"type-product","3":"status-publish","5":"product_cat-valves","6":"product_tag-camion","7":"product_tag-tuca","8":"product_tag-valve","9":"product_tag-valvula","11":"first","12":"instock","13":"taxable","14":"shipping-taxable","15":"purchasable","16":"product-type-variable"},"acf":[],"_links":{"self":[{"href":"https:\/\/altaroda.es\/fr\/wp-json\/wp\/v2\/product\/5464","targetHints":{"allow":["GET"]}}],"collection":[{"href":"https:\/\/altaroda.es\/fr\/wp-json\/wp\/v2\/product"}],"about":[{"href":"https:\/\/altaroda.es\/fr\/wp-json\/wp\/v2\/types\/product"}],"replies":[{"embeddable":true,"href":"https:\/\/altaroda.es\/fr\/wp-json\/wp\/v2\/comments?post=5464"}],"version-history":[{"count":0,"href":"https:\/\/altaroda.es\/fr\/wp-json\/wp\/v2\/product\/5464\/revisions"}],"wp:attachment":[{"href":"https:\/\/altaroda.es\/fr\/wp-json\/wp\/v2\/media?parent=5464"}],"wp:term":[{"taxonomy":"product_brand","embeddable":true,"href":"https:\/\/altaroda.es\/fr\/wp-json\/wp\/v2\/product_brand?post=5464"},{"taxonomy":"product_cat","embeddable":true,"href":"https:\/\/altaroda.es\/fr\/wp-json\/wp\/v2\/product_cat?post=5464"},{"taxonomy":"product_tag","embeddable":true,"href":"https:\/\/altaroda.es\/fr\/wp-json\/wp\/v2\/product_tag?post=5464"}],"curies":[{"name":"wp","href":"https:\/\/api.w.org\/{rel}","templated":true}]}}