{"id":5246,"date":"2025-06-08T13:41:19","date_gmt":"2025-06-08T13:41:19","guid":{"rendered":"https:\/\/altaroda.es\/product\/overland-17-gloss-black-mirror-ring-9\/"},"modified":"2025-06-08T13:41:26","modified_gmt":"2025-06-08T13:41:26","slug":"overland-17-gloss-black-mirror-ring-9","status":"publish","type":"product","link":"https:\/\/altaroda.es\/fr\/product\/overland-17-gloss-black-mirror-ring-9\/","title":{"rendered":"OVERLAND 17 GLOSS BLACK MIRROR RING"},"content":{"rendered":"<p>7J17 OVERL\/D3 ET62 5X118 71,1 BLMILCITROEN JUMPER CON RUOTA DA 15 DI SERIE \/ WHEEL 15 SERIE &#8211; PER TYPE 230\/244 KIT PARAFUSUS MAK DIFERENTES DOS ORIGINAIS &#8211; FOR TYPE 23\/244 KIT MAK BOLTS DIFFERENT THAN ORIGINALNotas:<br \/>\n                     &#8211; Pre\u00e7o unit\u00e1rio;<br \/>\n                     &#8211; IVA \u00e0 taxa em vigor inclu\u00eddo no pre\u00e7o;<br \/>\n                     &#8211; Limitado ao stock existente;<br \/>\n                     &#8211; Disponibilidade e pre\u00e7o carece de re-confirma\u00e7\u00e3o.<\/p>","protected":false},"excerpt":{"rendered":"<p>7J17 OVERL\/D3 ET62 5X118 71,1 BLMILCITROEN JUMPER CON RUOTA DA 15 DI SERIE \/ WHEEL 15 SERIE &#8211; PER TYPE 230\/244 KIT PARAFUSUS MAK DIFERENTES DOS ORIGINAIS &#8211; FOR TYPE 23\/244 KIT MAK BOLTS DIFFERENT THAN ORIGINALNotas:<br \/>\n                     &#8211; Pre\u00e7o unit\u00e1rio;<br \/>\n                     &#8211; IVA \u00e0 taxa em vigor inclu\u00eddo no pre\u00e7o;<br \/>\n                     &#8211; Limitado ao stock existente;<br \/>\n                     &#8211; Disponibilidade e pre\u00e7o carece de re-confirma\u00e7\u00e3o.<\/p>","protected":false},"featured_media":5248,"comment_status":"closed","ping_status":"open","template":"","meta":{"_acf_changed":false},"product_brand":[],"product_cat":[11362,11353,11360,11351,11358,11356,11363,11354,11361,11352,11359,11350,11357,11355,11269,11373,11378,11280,11376,11281,11374,11372,11379,11377,11273,11268,11375,11274,11425,11432,11423,11430,11421,11428,11426,11433,11424,11431,11422,11429,11420,11427,11292,11445,11287,11293,11443,11288,11448,11446,11299,11444,11300,11442,11449,11447,2014,2022,11457,11455,11311,11306,11453,11312,11307,11451,11458,11456,11318,11454,11319,11452,11337,11459,11466,11338,11464,11462,11460,11330,11325,11465,11331,11326,11463,11461,687,11168,11169,11342,11343,11173,681,11344,11345,635,11346,11347,11179,11180,11348,11349],"product_tag":[],"class_list":{"0":"post-5246","1":"product","2":"type-product","3":"status-publish","4":"has-post-thumbnail","6":"product_cat-03-1994-03-2002-peugeot-boxer-light-pcd-118-m1","7":"product_cat-03-1994-03-2002-citroen-ds-jumper-light-pcd-118n1","8":"product_cat-03-1994-03-2002-peugeot-boxer-m1","9":"product_cat-03-1994-03-2002-citroen-ds-jumper-n1","10":"product_cat-03-1994-03-2002-opel-movano-c-pcd-118-m1","11":"product_cat-03-1994-03-2002-fiat-ducato-light-pcd-118m1","12":"product_cat-03-1994-03-2002-peugeot-boxer-light-pcd-118-n1","13":"product_cat-03-1994-03-2002-fiat-ducato-m1","14":"product_cat-03-1994-03-2002-peugeot-boxer-n1","15":"product_cat-03-1994-03-2002-citroen-ds-jumper-light-pcd-118m1","16":"product_cat-03-1994-03-2002-opel-movano-c-pcd-118-n1","17":"product_cat-03-1994-03-2002","18":"product_cat-03-1994-03-2002-fiat-ducato-light-pcd-118n1","19":"product_cat-03-1994-03-2002-fiat-ducato-n1","20":"product_cat-07-2006-2013-citroen-ds-jumper-n1","21":"product_cat-07-2006-2013-citroen-ds-jumper-light-pcd-118n1","22":"product_cat-07-2006-2013-peugeot-boxer-light-pcd-118-m1","23":"product_cat-07-2006-2013-peugeot-boxer-m1","24":"product_cat-07-2006-2013-opel-movano-c-pcd-118-m1","25":"product_cat-07-2006-2013-peugeot-boxer-n1","26":"product_cat-07-2006-2013-fiat-ducato-light-pcd-118m1","27":"product_cat-07-2006-2013-citroen-ds-jumper-light-pcd-118m1","28":"product_cat-07-2006-2013-peugeot-boxer-light-pcd-118-n1","29":"product_cat-07-2006-2013-opel-movano-c-pcd-118-n1","30":"product_cat-07-2006-2013-fiat-ducato-m1","31":"product_cat-07-2006-2013-citroen-ds-jumper-m1","32":"product_cat-07-2006-2013-fiat-ducato-light-pcd-118n1","33":"product_cat-07-2006-2013-fiat-ducato-n1","34":"product_cat-1994-2002-fiat-ducato-n1","35":"product_cat-1994-2002-peugeot-boxer-light-pcd-118-m1","36":"product_cat-1994-2002-citroen-ds-jumper-light-pcd-118n1","37":"product_cat-1994-2002-peugeot-boxer-m1","38":"product_cat-1994-2002-citroen-ds-jumper-n1","39":"product_cat-1994-2002-opel-movano-c-pcd-118-m1","40":"product_cat-1994-2002-fiat-ducato-light-pcd-118m1","41":"product_cat-1994-2002-peugeot-boxer-light-pcd-118-n1","42":"product_cat-1994-2002-fiat-ducato-m1","43":"product_cat-1994-2002-peugeot-boxer-n1","44":"product_cat-1994-2002-citroen-ds-jumper-light-pcd-118m1","45":"product_cat-1994-2002-opel-movano-c-pcd-118-n1","46":"product_cat-1994-2002","47":"product_cat-1994-2002-fiat-ducato-light-pcd-118n1","48":"product_cat-1995-06-2006-fiat-ducato-m1","49":"product_cat-1995-06-2006-fiat-ducato-light-pcd-118n1","50":"product_cat-1995-06-2006-citroen-ds-jumper-m1","51":"product_cat-1995-06-2006-fiat-ducato-n1","52":"product_cat-1995-06-2006-citroen-ds-jumper-light-pcd-118n1","53":"product_cat-1995-06-2006-citroen-ds-jumper-n1","54":"product_cat-1995-06-2006-peugeot-boxer-light-pcd-118-m1","55":"product_cat-1995-06-2006-opel-movano-c-pcd-118-m1","56":"product_cat-1995-06-2006-peugeot-boxer-m1","57":"product_cat-1995-06-2006-fiat-ducato-light-pcd-118m1","58":"product_cat-1995-06-2006-peugeot-boxer-n1","59":"product_cat-1995-06-2006-citroen-ds-jumper-light-pcd-118m1","60":"product_cat-1995-06-2006-peugeot-boxer-light-pcd-118-n1","61":"product_cat-1995-06-2006-opel-movano-c-pcd-118-n1","62":"product_cat-2014-2019-audi-tt","63":"product_cat-2014-2019-subaru-legacy","64":"product_cat-2014-2021-peugeot-boxer-light-pcd-118-m1","65":"product_cat-2014-2021-opel-movano-c-pcd-118-m1","66":"product_cat-2014-2021-fiat-ducato-m1","67":"product_cat-2014-2021-citroen-ds-jumper-m1","68":"product_cat-2014-2021-fiat-ducato-light-pcd-118m1","69":"product_cat-2014-2021-fiat-ducato-n1","70":"product_cat-2014-2021-citroen-ds-jumper-n1","71":"product_cat-2014-2021-citroen-ds-jumper-light-pcd-118m1","72":"product_cat-2014-2021-peugeot-boxer-light-pcd-118-n1","73":"product_cat-2014-2021-opel-movano-c-pcd-118-n1","74":"product_cat-2014-2021-peugeot-boxer-m1","75":"product_cat-2014-2021-fiat-ducato-light-pcd-118n1","76":"product_cat-2014-2021-peugeot-boxer-n1","77":"product_cat-2014-2021-citroen-ds-jumper-light-pcd-118n1","78":"product_cat-2014-2022-peugeot-boxer-m1","79":"product_cat-2014-2022-citroen-ds-jumper-light-pcd-118m1","80":"product_cat-2014-2022-peugeot-boxer-light-pcd-118-n1","81":"product_cat-2014-2022-peugeot-boxer-n1","82":"product_cat-2014-2022-opel-movano-c-pcd-118-n1","83":"product_cat-2014-2022-fiat-ducato-light-pcd-118n1","84":"product_cat-2014-2022-citroen-ds-jumper-light-pcd-118n1","85":"product_cat-2014-2022-fiat-ducato-m1","86":"product_cat-2014-2022-citroen-ds-jumper-m1","87":"product_cat-2014-2022-peugeot-boxer-light-pcd-118-m1","88":"product_cat-2014-2022-fiat-ducato-n1","89":"product_cat-2014-2022-citroen-ds-jumper-n1","90":"product_cat-2014-2022-opel-movano-c-pcd-118-m1","91":"product_cat-2014-2022-fiat-ducato-light-pcd-118m1","92":"product_cat-2022-fiat-ducato-n1","93":"product_cat-citroen-ds-jumper-m1","94":"product_cat-citroen-ds-jumper-n1","95":"product_cat-citroen-ds-jumper-light-pcd-118m1","96":"product_cat-citroen-ds-jumper-light-pcd-118n1","97":"product_cat-fiat-ducato-m1","98":"product_cat-fiat-ducato-n1","99":"product_cat-fiat-ducato-light-pcd-118m1","100":"product_cat-fiat-ducato-light-pcd-118n1","101":"product_cat-jantes","102":"product_cat-opel-movano-c-pcd-118-m1","103":"product_cat-opel-movano-c-pcd-118-n1","104":"product_cat-peugeot-boxer-m1","105":"product_cat-peugeot-boxer-n1","106":"product_cat-peugeot-boxer-light-pcd-118-m1","107":"product_cat-peugeot-boxer-light-pcd-118-n1","109":"first","110":"instock","111":"purchasable","112":"product-type-simple"},"acf":[],"_links":{"self":[{"href":"https:\/\/altaroda.es\/fr\/wp-json\/wp\/v2\/product\/5246","targetHints":{"allow":["GET"]}}],"collection":[{"href":"https:\/\/altaroda.es\/fr\/wp-json\/wp\/v2\/product"}],"about":[{"href":"https:\/\/altaroda.es\/fr\/wp-json\/wp\/v2\/types\/product"}],"replies":[{"embeddable":true,"href":"https:\/\/altaroda.es\/fr\/wp-json\/wp\/v2\/comments?post=5246"}],"version-history":[{"count":1,"href":"https:\/\/altaroda.es\/fr\/wp-json\/wp\/v2\/product\/5246\/revisions"}],"predecessor-version":[{"id":5247,"href":"https:\/\/altaroda.es\/fr\/wp-json\/wp\/v2\/product\/5246\/revisions\/5247"}],"wp:featuredmedia":[{"embeddable":true,"href":"https:\/\/altaroda.es\/fr\/wp-json\/wp\/v2\/media\/5248"}],"wp:attachment":[{"href":"https:\/\/altaroda.es\/fr\/wp-json\/wp\/v2\/media?parent=5246"}],"wp:term":[{"taxonomy":"product_brand","embeddable":true,"href":"https:\/\/altaroda.es\/fr\/wp-json\/wp\/v2\/product_brand?post=5246"},{"taxonomy":"product_cat","embeddable":true,"href":"https:\/\/altaroda.es\/fr\/wp-json\/wp\/v2\/product_cat?post=5246"},{"taxonomy":"product_tag","embeddable":true,"href":"https:\/\/altaroda.es\/fr\/wp-json\/wp\/v2\/product_tag?post=5246"}],"curies":[{"name":"wp","href":"https:\/\/api.w.org\/{rel}","templated":true}]}}