{"id":5243,"date":"2025-06-08T13:41:19","date_gmt":"2025-06-08T13:41:19","guid":{"rendered":"https:\/\/altaroda.es\/product\/overland-17-light-titan-9\/"},"modified":"2025-06-08T13:41:24","modified_gmt":"2025-06-08T13:41:24","slug":"overland-17-light-titan-9","status":"publish","type":"product","link":"https:\/\/altaroda.es\/fr\/product\/overland-17-light-titan-9\/","title":{"rendered":"OVERLAND 17 LIGHT TITAN"},"content":{"rendered":"<p>7J17 OVERL\/D3 ET62 5X118 71,1 LIGTICITROEN JUMPER CON RUOTA DA 15 DI SERIE \/ WHEEL 15 SERIE &#8211; PER TYPE 230\/244 KIT PARAFUSUS MAK DIFERENTES DOS ORIGINAIS &#8211; FOR TYPE 23\/244 KIT MAK BOLTS DIFFERENT THAN ORIGINALNotas:<br \/>\n                     &#8211; Pre\u00e7o unit\u00e1rio;<br \/>\n                     &#8211; IVA \u00e0 taxa em vigor inclu\u00eddo no pre\u00e7o;<br \/>\n                     &#8211; Limitado ao stock existente;<br \/>\n                     &#8211; Disponibilidade e pre\u00e7o carece de re-confirma\u00e7\u00e3o.<\/p>","protected":false},"excerpt":{"rendered":"<p>7J17 OVERL\/D3 ET62 5X118 71,1 LIGTICITROEN JUMPER CON RUOTA DA 15 DI SERIE \/ WHEEL 15 SERIE &#8211; PER TYPE 230\/244 KIT PARAFUSUS MAK DIFERENTES DOS ORIGINAIS &#8211; FOR TYPE 23\/244 KIT MAK BOLTS DIFFERENT THAN ORIGINALNotas:<br \/>\n                     &#8211; Pre\u00e7o unit\u00e1rio;<br \/>\n                     &#8211; IVA \u00e0 taxa em vigor inclu\u00eddo no pre\u00e7o;<br \/>\n                     &#8211; Limitado ao stock existente;<br \/>\n                     &#8211; Disponibilidade e pre\u00e7o carece de re-confirma\u00e7\u00e3o.<\/p>","protected":false},"featured_media":5245,"comment_status":"closed","ping_status":"open","template":"","meta":{"_acf_changed":false},"product_brand":[],"product_cat":[11354,11367,11361,11352,11359,11350,11368,11357,11364,11355,11369,11362,11353,11365,11360,11351,11370,11358,11366,11356,11371,11363,11374,11400,11391,11414,11382,11405,11372,11396,11419,11387,11410,11379,11401,11392,11415,11383,11406,11377,11273,11397,11388,11411,11268,11375,11274,11402,11393,11416,11269,11384,11407,11373,11398,11389,11412,11380,11403,11394,11417,11385,11408,11378,11399,11280,11390,11413,11381,11376,11404,11281,11395,11418,11386,11409,11426,11441,11433,11424,11437,11431,11422,11429,11420,11438,11427,11434,11425,11439,11432,11423,11435,11430,11421,11440,11428,11436,11446,11299,11300,11444,11442,11449,11447,11292,11445,11287,11293,11443,11288,11450,11448,2014,2022,11458,11456,11318,11454,11319,11452,11457,11455,11311,11306,11453,11312,11307,11451,11330,11325,11465,11331,11326,11463,11461,11459,11337,11466,11338,11464,11462,11460,687,11168,11169,11342,11343,11173,681,11344,11345,635,11346,11347,11179,11180,11348,11349],"product_tag":[],"class_list":{"0":"post-5243","1":"product","2":"type-product","3":"status-publish","4":"has-post-thumbnail","6":"product_cat-03-1994-03-2002-fiat-ducato-m1","7":"product_cat-03-1994-03-2002-fiat-ducato-light-pcd-118n1-2","8":"product_cat-03-1994-03-2002-peugeot-boxer-n1","9":"product_cat-03-1994-03-2002-citroen-ds-jumper-light-pcd-118m1","10":"product_cat-03-1994-03-2002-opel-movano-c-pcd-118-n1","11":"product_cat-03-1994-03-2002","12":"product_cat-03-1994-03-2002-opel-movano-c-pcd-118-m1-2","13":"product_cat-03-1994-03-2002-fiat-ducato-light-pcd-118n1","14":"product_cat-03-1994-03-2002-citroen-ds-jumper-light-pcd-118m1-2","15":"product_cat-03-1994-03-2002-fiat-ducato-n1","16":"product_cat-03-1994-03-2002-opel-movano-c-pcd-118-n1-2","17":"product_cat-03-1994-03-2002-peugeot-boxer-light-pcd-118-m1","18":"product_cat-03-1994-03-2002-citroen-ds-jumper-light-pcd-118n1","19":"product_cat-03-1994-03-2002-citroen-ds-jumper-light-pcd-118n1-2","20":"product_cat-03-1994-03-2002-peugeot-boxer-m1","21":"product_cat-03-1994-03-2002-citroen-ds-jumper-n1","22":"product_cat-03-1994-03-2002-peugeot-boxer-light-pcd-118-m1-2","23":"product_cat-03-1994-03-2002-opel-movano-c-pcd-118-m1","24":"product_cat-03-1994-03-2002-fiat-ducato-light-pcd-118m1-2","25":"product_cat-03-1994-03-2002-fiat-ducato-light-pcd-118m1","26":"product_cat-03-1994-03-2002-peugeot-boxer-light-pcd-118-n1-2","27":"product_cat-03-1994-03-2002-peugeot-boxer-light-pcd-118-n1","28":"product_cat-07-2006-2013-fiat-ducato-light-pcd-118m1","29":"product_cat-07-2006-2013-opel-movano-c-pcd-118-m1-4","30":"product_cat-07-2006-2013-fiat-ducato-light-pcd-118n1-3","31":"product_cat-07-2006-2013-fiat-ducato-light-pcd-118m1-6","32":"product_cat-07-2006-2013-fiat-ducato-light-pcd-118m1-2","33":"product_cat-07-2006-2013-citroen-ds-jumper-light-pcd-118n1-5","34":"product_cat-07-2006-2013-citroen-ds-jumper-light-pcd-118m1","35":"product_cat-07-2006-2013-citroen-ds-jumper-light-pcd-118m1-4","36":"product_cat-07-2006-2013-peugeot-boxer-light-pcd-118-n1-6","37":"product_cat-07-2006-2013-peugeot-boxer-light-pcd-118-n1-2","38":"product_cat-07-2006-2013-peugeot-boxer-light-pcd-118-m1-5","39":"product_cat-07-2006-2013-peugeot-boxer-light-pcd-118-n1","40":"product_cat-07-2006-2013-opel-movano-c-pcd-118-n1-4","41":"product_cat-07-2006-2013-opel-movano-c-pcd-118-m1-3","42":"product_cat-07-2006-2013-fiat-ducato-light-pcd-118n1-6","43":"product_cat-07-2006-2013-fiat-ducato-light-pcd-118n1-2","44":"product_cat-07-2006-2013-fiat-ducato-light-pcd-118m1-5","45":"product_cat-07-2006-2013-opel-movano-c-pcd-118-n1","46":"product_cat-07-2006-2013-fiat-ducato-m1","47":"product_cat-07-2006-2013-citroen-ds-jumper-light-pcd-118n1-4","48":"product_cat-07-2006-2013-citroen-ds-jumper-light-pcd-118m1-3","49":"product_cat-07-2006-2013-peugeot-boxer-light-pcd-118-n1-5","50":"product_cat-07-2006-2013-citroen-ds-jumper-m1","51":"product_cat-07-2006-2013-fiat-ducato-light-pcd-118n1","52":"product_cat-07-2006-2013-fiat-ducato-n1","53":"product_cat-07-2006-2013-peugeot-boxer-light-pcd-118-m1-4","54":"product_cat-07-2006-2013-opel-movano-c-pcd-118-n1-3","55":"product_cat-07-2006-2013-opel-movano-c-pcd-118-m1-6","56":"product_cat-07-2006-2013-citroen-ds-jumper-n1","57":"product_cat-07-2006-2013-opel-movano-c-pcd-118-m1-2","58":"product_cat-07-2006-2013-fiat-ducato-light-pcd-118n1-5","59":"product_cat-07-2006-2013-citroen-ds-jumper-light-pcd-118n1","60":"product_cat-07-2006-2013-fiat-ducato-light-pcd-118m1-4","61":"product_cat-07-2006-2013-citroen-ds-jumper-light-pcd-118n1-3","62":"product_cat-07-2006-2013-citroen-ds-jumper-light-pcd-118m1-6","63":"product_cat-07-2006-2013-citroen-ds-jumper-light-pcd-118m1-2","64":"product_cat-07-2006-2013-peugeot-boxer-light-pcd-118-n1-4","65":"product_cat-07-2006-2013-peugeot-boxer-light-pcd-118-m1-3","66":"product_cat-07-2006-2013-opel-movano-c-pcd-118-n1-6","67":"product_cat-07-2006-2013-opel-movano-c-pcd-118-n1-2","68":"product_cat-07-2006-2013-opel-movano-c-pcd-118-m1-5","69":"product_cat-07-2006-2013-peugeot-boxer-light-pcd-118-m1","70":"product_cat-07-2006-2013-fiat-ducato-light-pcd-118n1-4","71":"product_cat-07-2006-2013-peugeot-boxer-m1","72":"product_cat-07-2006-2013-fiat-ducato-light-pcd-118m1-3","73":"product_cat-07-2006-2013-citroen-ds-jumper-light-pcd-118n1-6","74":"product_cat-07-2006-2013-citroen-ds-jumper-light-pcd-118n1-2","75":"product_cat-07-2006-2013-opel-movano-c-pcd-118-m1","76":"product_cat-07-2006-2013-citroen-ds-jumper-light-pcd-118m1-5","77":"product_cat-07-2006-2013-peugeot-boxer-n1","78":"product_cat-07-2006-2013-peugeot-boxer-light-pcd-118-n1-3","79":"product_cat-07-2006-2013-peugeot-boxer-light-pcd-118-m1-6","80":"product_cat-07-2006-2013-peugeot-boxer-light-pcd-118-m1-2","81":"product_cat-07-2006-2013-opel-movano-c-pcd-118-n1-5","82":"product_cat-1994-2002-fiat-ducato-light-pcd-118m1","83":"product_cat-1994-2002-peugeot-boxer-light-pcd-118-n1-2","84":"product_cat-1994-2002-peugeot-boxer-light-pcd-118-n1","85":"product_cat-1994-2002-fiat-ducato-m1","86":"product_cat-1994-2002-fiat-ducato-light-pcd-118n1-2","87":"product_cat-1994-2002-peugeot-boxer-n1","88":"product_cat-1994-2002-citroen-ds-jumper-light-pcd-118m1","89":"product_cat-1994-2002-opel-movano-c-pcd-118-n1","90":"product_cat-1994-2002","91":"product_cat-1994-2002-opel-movano-c-pcd-118-m1-2","92":"product_cat-1994-2002-fiat-ducato-light-pcd-118n1","93":"product_cat-1994-2002-citroen-ds-jumper-light-pcd-118m1-2","94":"product_cat-1994-2002-fiat-ducato-n1","95":"product_cat-1994-2002-opel-movano-c-pcd-118-n1-2","96":"product_cat-1994-2002-peugeot-boxer-light-pcd-118-m1","97":"product_cat-1994-2002-citroen-ds-jumper-light-pcd-118n1","98":"product_cat-1994-2002-citroen-ds-jumper-light-pcd-118n1-2","99":"product_cat-1994-2002-peugeot-boxer-m1","100":"product_cat-1994-2002-citroen-ds-jumper-n1","101":"product_cat-1994-2002-peugeot-boxer-light-pcd-118-m1-2","102":"product_cat-1994-2002-opel-movano-c-pcd-118-m1","103":"product_cat-1994-2002-fiat-ducato-light-pcd-118m1-2","104":"product_cat-1995-06-2006-opel-movano-c-pcd-118-m1","105":"product_cat-1995-06-2006-peugeot-boxer-m1","106":"product_cat-1995-06-2006-peugeot-boxer-n1","107":"product_cat-1995-06-2006-fiat-ducato-light-pcd-118m1","108":"product_cat-1995-06-2006-citroen-ds-jumper-light-pcd-118m1","109":"product_cat-1995-06-2006-peugeot-boxer-light-pcd-118-n1","110":"product_cat-1995-06-2006-opel-movano-c-pcd-118-n1","111":"product_cat-1995-06-2006-fiat-ducato-m1","112":"product_cat-1995-06-2006-fiat-ducato-light-pcd-118n1","113":"product_cat-1995-06-2006-citroen-ds-jumper-m1","114":"product_cat-1995-06-2006-fiat-ducato-n1","115":"product_cat-1995-06-2006-citroen-ds-jumper-light-pcd-118n1","116":"product_cat-1995-06-2006-citroen-ds-jumper-n1","117":"product_cat-1995-06-2006-citroen-ds-jumper-light-pcd-118m1-2","118":"product_cat-1995-06-2006-peugeot-boxer-light-pcd-118-m1","119":"product_cat-2014-2019-audi-tt","120":"product_cat-2014-2019-subaru-legacy","121":"product_cat-2014-2021-peugeot-boxer-light-pcd-118-n1","122":"product_cat-2014-2021-opel-movano-c-pcd-118-n1","123":"product_cat-2014-2021-peugeot-boxer-m1","124":"product_cat-2014-2021-fiat-ducato-light-pcd-118n1","125":"product_cat-2014-2021-peugeot-boxer-n1","126":"product_cat-2014-2021-citroen-ds-jumper-light-pcd-118n1","127":"product_cat-2014-2021-peugeot-boxer-light-pcd-118-m1","128":"product_cat-2014-2021-opel-movano-c-pcd-118-m1","129":"product_cat-2014-2021-fiat-ducato-m1","130":"product_cat-2014-2021-citroen-ds-jumper-m1","131":"product_cat-2014-2021-fiat-ducato-light-pcd-118m1","132":"product_cat-2014-2021-fiat-ducato-n1","133":"product_cat-2014-2021-citroen-ds-jumper-n1","134":"product_cat-2014-2021-citroen-ds-jumper-light-pcd-118m1","135":"product_cat-2014-2022-fiat-ducato-m1","136":"product_cat-2014-2022-citroen-ds-jumper-m1","137":"product_cat-2014-2022-peugeot-boxer-light-pcd-118-m1","138":"product_cat-2014-2022-fiat-ducato-n1","139":"product_cat-2014-2022-citroen-ds-jumper-n1","140":"product_cat-2014-2022-opel-movano-c-pcd-118-m1","141":"product_cat-2014-2022-fiat-ducato-light-pcd-118m1","142":"product_cat-2014-2022-citroen-ds-jumper-light-pcd-118m1","143":"product_cat-2014-2022-peugeot-boxer-m1","144":"product_cat-2014-2022-peugeot-boxer-light-pcd-118-n1","145":"product_cat-2014-2022-peugeot-boxer-n1","146":"product_cat-2014-2022-opel-movano-c-pcd-118-n1","147":"product_cat-2014-2022-fiat-ducato-light-pcd-118n1","148":"product_cat-2014-2022-citroen-ds-jumper-light-pcd-118n1","149":"product_cat-2022-fiat-ducato-n1","150":"product_cat-citroen-ds-jumper-m1","151":"product_cat-citroen-ds-jumper-n1","152":"product_cat-citroen-ds-jumper-light-pcd-118m1","153":"product_cat-citroen-ds-jumper-light-pcd-118n1","154":"product_cat-fiat-ducato-m1","155":"product_cat-fiat-ducato-n1","156":"product_cat-fiat-ducato-light-pcd-118m1","157":"product_cat-fiat-ducato-light-pcd-118n1","158":"product_cat-jantes","159":"product_cat-opel-movano-c-pcd-118-m1","160":"product_cat-opel-movano-c-pcd-118-n1","161":"product_cat-peugeot-boxer-m1","162":"product_cat-peugeot-boxer-n1","163":"product_cat-peugeot-boxer-light-pcd-118-m1","164":"product_cat-peugeot-boxer-light-pcd-118-n1","166":"first","167":"instock","168":"purchasable","169":"product-type-simple"},"acf":[],"_links":{"self":[{"href":"https:\/\/altaroda.es\/fr\/wp-json\/wp\/v2\/product\/5243","targetHints":{"allow":["GET"]}}],"collection":[{"href":"https:\/\/altaroda.es\/fr\/wp-json\/wp\/v2\/product"}],"about":[{"href":"https:\/\/altaroda.es\/fr\/wp-json\/wp\/v2\/types\/product"}],"replies":[{"embeddable":true,"href":"https:\/\/altaroda.es\/fr\/wp-json\/wp\/v2\/comments?post=5243"}],"version-history":[{"count":1,"href":"https:\/\/altaroda.es\/fr\/wp-json\/wp\/v2\/product\/5243\/revisions"}],"predecessor-version":[{"id":5244,"href":"https:\/\/altaroda.es\/fr\/wp-json\/wp\/v2\/product\/5243\/revisions\/5244"}],"wp:featuredmedia":[{"embeddable":true,"href":"https:\/\/altaroda.es\/fr\/wp-json\/wp\/v2\/media\/5245"}],"wp:attachment":[{"href":"https:\/\/altaroda.es\/fr\/wp-json\/wp\/v2\/media?parent=5243"}],"wp:term":[{"taxonomy":"product_brand","embeddable":true,"href":"https:\/\/altaroda.es\/fr\/wp-json\/wp\/v2\/product_brand?post=5243"},{"taxonomy":"product_cat","embeddable":true,"href":"https:\/\/altaroda.es\/fr\/wp-json\/wp\/v2\/product_cat?post=5243"},{"taxonomy":"product_tag","embeddable":true,"href":"https:\/\/altaroda.es\/fr\/wp-json\/wp\/v2\/product_tag?post=5243"}],"curies":[{"name":"wp","href":"https:\/\/api.w.org\/{rel}","templated":true}]}}