{"id":5211,"date":"2025-06-08T13:40:37","date_gmt":"2025-06-08T13:40:37","guid":{"rendered":"https:\/\/altaroda.es\/product\/epica-18-light-titan-6\/"},"modified":"2025-06-08T13:40:42","modified_gmt":"2025-06-08T13:40:42","slug":"epica-18-light-titan-6","status":"publish","type":"product","link":"https:\/\/altaroda.es\/fr\/product\/epica-18-light-titan-6\/","title":{"rendered":"EPICA 18 LIGHT TITAN"},"content":{"rendered":"<p>7J18 EPICA\/FN2 ET40 5X114 66,1 LITIPARA RODAS HOMOLOGADAS VERIFIQUE OS DOCUMENTOS NADNotas:<br \/>\n                     &#8211; Pre\u00e7o unit\u00e1rio;<br \/>\n                     &#8211; IVA \u00e0 taxa em vigor inclu\u00eddo no pre\u00e7o;<br \/>\n                     &#8211; Limitado ao stock existente;<br \/>\n                     &#8211; Disponibilidade e pre\u00e7o carece de re-confirma\u00e7\u00e3o.<\/p>","protected":false},"excerpt":{"rendered":"<p>7J18 EPICA\/FN2 ET40 5X114 66,1 LITIPARA RODAS HOMOLOGADAS VERIFIQUE OS DOCUMENTOS NADNotas:<br \/>\n                     &#8211; Pre\u00e7o unit\u00e1rio;<br \/>\n                     &#8211; IVA \u00e0 taxa em vigor inclu\u00eddo no pre\u00e7o;<br \/>\n                     &#8211; Limitado ao stock existente;<br \/>\n                     &#8211; Disponibilidade e pre\u00e7o carece de re-confirma\u00e7\u00e3o.<\/p>","protected":false},"featured_media":5213,"comment_status":"closed","ping_status":"open","template":"","meta":{"_acf_changed":false},"product_brand":[],"product_cat":[9380,9375,9378,9373,9370,9367,9376,9364,9361,9374,9377,9372,9369,9366,9363,9360,9379,9371,9368,9365,9362,9398,9393,9390,9387,9384,9381,9400,9392,9389,9386,9383,9401,9396,9399,9394,9391,9388,9385,9397,9382,9395,9412,9403,9417,9408,9422,9413,9404,9418,9409,9414,9405,9419,9410,9415,9406,9420,9411,9402,9416,9407,9421,9430,9427,9439,9424,9437,9440,9435,9432,9429,9426,9423,9442,9434,9431,9428,9425,9443,9438,9441,9436,9433,9444,9463,9455,9452,9449,9446,9464,9459,9462,9457,9454,9451,9448,9460,9445,9458,9461,9456,9453,9450,9447,9480,9483,9478,9475,9472,9481,9469,9466,9479,9482,9477,9474,9471,9468,9465,9484,9476,9473,9470,9467,9485,2022,2023,2024,2021,2015,2018,2017,9499,9490,9504,9495,9486,9500,9491,9505,9496,9487,9501,9492,9506,9497,9488,9502,9493,9498,9489,9503,9494,9518,9515,9512,9509,9527,9522,9525,9520,9517,9514,9523,9511,9508,9521,9524,9519,9516,9513,9510,9507,9526,9532,9544,9529,9542,9545,9540,9537,9534,9531,9528,9547,9539,9536,9533,9530,9548,9543,9546,9541,9538,9535,9343,635,3033,3034,9344,9345,9346,9347,9348,9349,9350,9351,9352,9353,9354,3037,9355,9356,3039,9357,9358,9359],"product_tag":[],"class_list":{"0":"post-5211","1":"product","2":"type-product","3":"status-publish","4":"has-post-thumbnail","6":"product_cat-03-2007-2013-renault-scenic-e-tech","7":"product_cat-03-2007-2013-renault-espace-4-control","8":"product_cat-03-2007-2013-renault-kangoo-iii-m1","9":"product_cat-03-2007-2013-renault-austral-4-control","10":"product_cat-03-2007-2013-nissan-townstar-van-m1","11":"product_cat-03-2007-2013-nissan-pulsar","12":"product_cat-03-2007-2013-renault-kadjar","13":"product_cat-03-2007-2013-nissan-juke","14":"product_cat-03-2007-2013-mercedes-citan-m1-5-fori","15":"product_cat-03-2007-2013-renault-espace","16":"product_cat-03-2007-2013-renault-kangoo-express-n1","17":"product_cat-03-2007-2013-renault-austral","18":"product_cat-03-2007-2013-nissan-townstar-transporter-n1","19":"product_cat-03-2007-2013-nissan-leaf","20":"product_cat-03-2007-2013-mercedes-t-klasse-eqt","21":"product_cat-03-2007-2013-dacia-duster","22":"product_cat-03-2007-2013-renault-koleos","23":"product_cat-03-2007-2013-nissan-x-trail","24":"product_cat-03-2007-2013-nissan-qashqai","25":"product_cat-03-2007-2013-nissan-juke-nismo-rs","26":"product_cat-03-2007-2013-mercedes-citan-n1-5-fori","27":"product_cat-03-2010-renault-kangoo-express-n1","28":"product_cat-03-2010-renault-austral","29":"product_cat-03-2010-nissan-townstar-transporter-n1","30":"product_cat-03-2010-nissan-leaf","31":"product_cat-03-2010-mercedes-t-klasse-eqt","32":"product_cat-03-2010-dacia-duster","33":"product_cat-03-2010-renault-koleos","34":"product_cat-03-2010-nissan-x-trail","35":"product_cat-03-2010-nissan-qashqai","36":"product_cat-03-2010-nissan-juke-nismo-rs","37":"product_cat-03-2010-mercedes-citan-n1-5-fori","38":"product_cat-03-2010-renault-scenic-e-tech","39":"product_cat-03-2010-renault-espace-4-control","40":"product_cat-03-2010-renault-kangoo-iii-m1","41":"product_cat-03-2010-renault-austral-4-control","42":"product_cat-03-2010-nissan-townstar-van-m1","43":"product_cat-03-2010-nissan-pulsar","44":"product_cat-03-2010-nissan-juke","45":"product_cat-03-2010-renault-kadjar","46":"product_cat-03-2010-mercedes-citan-m1-5-fori","47":"product_cat-03-2010-renault-espace","48":"product_cat-06-2008-2016-nissan-townstar-van-m1","49":"product_cat-06-2008-2016-mercedes-citan-m1-5-fori","50":"product_cat-06-2008-2016-renault-espace-4-control","51":"product_cat-06-2008-2016-nissan-leaf","52":"product_cat-06-2008-2016-renault-scenic-e-tech","53":"product_cat-06-2008-2016-nissan-x-trail","54":"product_cat-06-2008-2016-mercedes-citan-n1-5-fori","55":"product_cat-06-2008-2016-renault-kadjar","56":"product_cat-06-2008-2016-nissan-pulsar","57":"product_cat-06-2008-2016-renault-austral","58":"product_cat-06-2008-2016-mercedes-t-klasse-eqt","59":"product_cat-06-2008-2016-renault-kangoo-express-n1","60":"product_cat-06-2008-2016-nissan-qashqai","61":"product_cat-06-2008-2016-renault-austral-4-control","62":"product_cat-06-2008-2016-nissan-juke","63":"product_cat-06-2008-2016-renault-kangoo-iii-m1","64":"product_cat-06-2008-2016-nissan-townstar-transporter-n1","65":"product_cat-06-2008-2016","66":"product_cat-06-2008-2016-renault-espace","67":"product_cat-06-2008-2016-nissan-juke-nismo-rs","68":"product_cat-06-2008-2016-renault-koleos","69":"product_cat-09-2010-2019-nissan-pulsar","70":"product_cat-09-2010-2019-nissan-juke","71":"product_cat-09-2010-2019-renault-kadjar","72":"product_cat-09-2010-2019-mercedes-citan-m1-5-fori","73":"product_cat-09-2010-2019-renault-espace","74":"product_cat-09-2010-2019-renault-kangoo-express-n1","75":"product_cat-09-2010-2019-renault-austral","76":"product_cat-09-2010-2019-nissan-townstar-transporter-n1","77":"product_cat-09-2010-2019-nissan-leaf","78":"product_cat-09-2010-2019-mercedes-t-klasse-eqt","79":"product_cat-09-2010-2019","80":"product_cat-09-2010-2019-renault-koleos","81":"product_cat-09-2010-2019-nissan-x-trail","82":"product_cat-09-2010-2019-nissan-qashqai","83":"product_cat-09-2010-2019-nissan-juke-nismo-rs","84":"product_cat-09-2010-2019-mercedes-citan-n1-5-fori","85":"product_cat-09-2010-2019-renault-scenic-e-tech","86":"product_cat-09-2010-2019-renault-espace-4-control","87":"product_cat-09-2010-2019-renault-kangoo-iii-m1","88":"product_cat-09-2010-2019-renault-austral-4-control","89":"product_cat-09-2010-2019-nissan-townstar-van-m1","90":"product_cat-10-2014","91":"product_cat-10-2014-renault-koleos","92":"product_cat-10-2014-nissan-x-trail","93":"product_cat-10-2014-nissan-qashqai","94":"product_cat-10-2014-nissan-juke-nismo-rs","95":"product_cat-10-2014-mercedes-citan-n1-5-fori","96":"product_cat-10-2014-renault-scenic-e-tech","97":"product_cat-10-2014-renault-espace-4-control","98":"product_cat-10-2014-renault-kangoo-iii-m1","99":"product_cat-10-2014-renault-austral-4-control","100":"product_cat-10-2014-nissan-townstar-van-m1","101":"product_cat-10-2014-nissan-pulsar","102":"product_cat-10-2014-nissan-juke","103":"product_cat-10-2014-renault-kadjar","104":"product_cat-10-2014-mercedes-citan-m1-5-fori","105":"product_cat-10-2014-renault-espace","106":"product_cat-10-2014-renault-kangoo-express-n1","107":"product_cat-10-2014-renault-austral","108":"product_cat-10-2014-nissan-townstar-transporter-n1","109":"product_cat-10-2014-nissan-leaf","110":"product_cat-10-2014-mercedes-t-klasse-eqt","111":"product_cat-2012-2019-renault-espace-4-control","112":"product_cat-2012-2019-renault-kangoo-iii-m1","113":"product_cat-2012-2019-renault-austral-4-control","114":"product_cat-2012-2019-nissan-townstar-van-m1","115":"product_cat-2012-2019-nissan-pulsar","116":"product_cat-2012-2019-renault-kadjar","117":"product_cat-2012-2019-nissan-juke","118":"product_cat-2012-2019-mercedes-citan-m1-5-fori","119":"product_cat-2012-2019-renault-espace","120":"product_cat-2012-2019-renault-kangoo-express-n1","121":"product_cat-2012-2019-renault-austral","122":"product_cat-2012-2019-nissan-townstar-transporter-n1","123":"product_cat-2012-2019-nissan-leaf","124":"product_cat-2012-2019-mercedes-t-klasse-eqt","125":"product_cat-2012-2019-dacia-duster","126":"product_cat-2012-2019-renault-koleos","127":"product_cat-2012-2019-nissan-x-trail","128":"product_cat-2012-2019-nissan-qashqai","129":"product_cat-2012-2019-nissan-juke-nismo-rs","130":"product_cat-2012-2019-mercedes-citan-n1-5-fori","131":"product_cat-2012-2019-renault-scenic-e-tech","132":"product_cat-2014-2019-subaru-legacy","133":"product_cat-2014-2019-subaru-outback-legacy","134":"product_cat-2014-2019-subaru-trezia","135":"product_cat-2014-2019-subaru-impreza","136":"product_cat-2014-2019-chrysler-pt-cruiser","137":"product_cat-2014-2019-rover-75","138":"product_cat-2014-2019-lexus-ct-200h","139":"product_cat-2014-2020-renault-austral-4-control","140":"product_cat-2014-2020-nissan-juke","141":"product_cat-2014-2020-renault-kangoo-iii-m1","142":"product_cat-2014-2020-nissan-townstar-transporter-n1","143":"product_cat-2014-2020","144":"product_cat-2014-2020-renault-espace","145":"product_cat-2014-2020-nissan-juke-nismo-rs","146":"product_cat-2014-2020-renault-koleos","147":"product_cat-2014-2020-nissan-townstar-van-m1","148":"product_cat-2014-2020-mercedes-citan-m1-5-fori","149":"product_cat-2014-2020-renault-espace-4-control","150":"product_cat-2014-2020-nissan-leaf","151":"product_cat-2014-2020-renault-scenic-e-tech","152":"product_cat-2014-2020-nissan-x-trail","153":"product_cat-2014-2020-mercedes-citan-n1-5-fori","154":"product_cat-2014-2020-renault-kadjar","155":"product_cat-2014-2020-nissan-pulsar","156":"product_cat-2014-2020-renault-austral","157":"product_cat-2014-2020-mercedes-t-klasse-eqt","158":"product_cat-2014-2020-renault-kangoo-express-n1","159":"product_cat-2014-2020-nissan-qashqai","160":"product_cat-2014-2021-nissan-x-trail","161":"product_cat-2014-2021-nissan-qashqai","162":"product_cat-2014-2021-nissan-juke-nismo-rs","163":"product_cat-2014-2021-mercedes-citan-n1-5-fori","164":"product_cat-2014-2021-renault-scenic-e-tech","165":"product_cat-2014-2021-renault-espace-4-control","166":"product_cat-2014-2021-renault-kangoo-iii-m1","167":"product_cat-2014-2021-renault-austral-4-control","168":"product_cat-2014-2021-nissan-townstar-van-m1","169":"product_cat-2014-2021-nissan-pulsar","170":"product_cat-2014-2021-renault-kadjar","171":"product_cat-2014-2021-nissan-juke","172":"product_cat-2014-2021-mercedes-citan-m1-5-fori","173":"product_cat-2014-2021-renault-espace","174":"product_cat-2014-2021-renault-kangoo-express-n1","175":"product_cat-2014-2021-renault-austral","176":"product_cat-2014-2021-nissan-townstar-transporter-n1","177":"product_cat-2014-2021-nissan-leaf","178":"product_cat-2014-2021-mercedes-t-klasse-eqt","179":"product_cat-2014-2021","180":"product_cat-2014-2021-renault-koleos","181":"product_cat-2015-2022-nissan-juke","182":"product_cat-2015-2022-renault-kadjar","183":"product_cat-2015-2022-mercedes-citan-m1-5-fori","184":"product_cat-2015-2022-renault-espace","185":"product_cat-2015-2022-renault-kangoo-express-n1","186":"product_cat-2015-2022-renault-austral","187":"product_cat-2015-2022-nissan-townstar-transporter-n1","188":"product_cat-2015-2022-nissan-leaf","189":"product_cat-2015-2022-mercedes-t-klasse-eqt","190":"product_cat-2015-2022","191":"product_cat-2015-2022-renault-koleos","192":"product_cat-2015-2022-nissan-x-trail","193":"product_cat-2015-2022-nissan-qashqai","194":"product_cat-2015-2022-nissan-juke-nismo-rs","195":"product_cat-2015-2022-mercedes-citan-n1-5-fori","196":"product_cat-2015-2022-renault-scenic-e-tech","197":"product_cat-2015-2022-renault-espace-4-control","198":"product_cat-2015-2022-renault-kangoo-iii-m1","199":"product_cat-2015-2022-renault-austral-4-control","200":"product_cat-2015-2022-nissan-townstar-van-m1","201":"product_cat-2015-2022-nissan-pulsar","202":"product_cat-dacia-duster","203":"product_cat-jantes","204":"product_cat-mercedes-citan-m1-5-fori","205":"product_cat-mercedes-citan-n1-5-fori","206":"product_cat-mercedes-t-klasse-eqt","207":"product_cat-nissan-juke","208":"product_cat-nissan-juke-nismo-rs","209":"product_cat-nissan-leaf","210":"product_cat-nissan-pulsar","211":"product_cat-nissan-qashqai","212":"product_cat-nissan-townstar-transporter-n1","213":"product_cat-nissan-townstar-van-m1","214":"product_cat-nissan-x-trail","215":"product_cat-renault-austral","216":"product_cat-renault-austral-4-control","217":"product_cat-renault-espace","218":"product_cat-renault-espace-4-control","219":"product_cat-renault-kadjar","220":"product_cat-renault-kangoo-express-n1","221":"product_cat-renault-kangoo-iii-m1","222":"product_cat-renault-koleos","223":"product_cat-renault-scenic-e-tech","225":"first","226":"instock","227":"purchasable","228":"product-type-simple"},"acf":[],"_links":{"self":[{"href":"https:\/\/altaroda.es\/fr\/wp-json\/wp\/v2\/product\/5211","targetHints":{"allow":["GET"]}}],"collection":[{"href":"https:\/\/altaroda.es\/fr\/wp-json\/wp\/v2\/product"}],"about":[{"href":"https:\/\/altaroda.es\/fr\/wp-json\/wp\/v2\/types\/product"}],"replies":[{"embeddable":true,"href":"https:\/\/altaroda.es\/fr\/wp-json\/wp\/v2\/comments?post=5211"}],"version-history":[{"count":1,"href":"https:\/\/altaroda.es\/fr\/wp-json\/wp\/v2\/product\/5211\/revisions"}],"predecessor-version":[{"id":5212,"href":"https:\/\/altaroda.es\/fr\/wp-json\/wp\/v2\/product\/5211\/revisions\/5212"}],"wp:featuredmedia":[{"embeddable":true,"href":"https:\/\/altaroda.es\/fr\/wp-json\/wp\/v2\/media\/5213"}],"wp:attachment":[{"href":"https:\/\/altaroda.es\/fr\/wp-json\/wp\/v2\/media?parent=5211"}],"wp:term":[{"taxonomy":"product_brand","embeddable":true,"href":"https:\/\/altaroda.es\/fr\/wp-json\/wp\/v2\/product_brand?post=5211"},{"taxonomy":"product_cat","embeddable":true,"href":"https:\/\/altaroda.es\/fr\/wp-json\/wp\/v2\/product_cat?post=5211"},{"taxonomy":"product_tag","embeddable":true,"href":"https:\/\/altaroda.es\/fr\/wp-json\/wp\/v2\/product_tag?post=5211"}],"curies":[{"name":"wp","href":"https:\/\/api.w.org\/{rel}","templated":true}]}}