{"id":5191,"date":"2025-06-08T13:39:57","date_gmt":"2025-06-08T13:39:57","guid":{"rendered":"https:\/\/altaroda.es\/product\/wolf-bm-16-gloss-black\/"},"modified":"2025-06-08T13:40:14","modified_gmt":"2025-06-08T13:40:14","slug":"wolf-bm-16-gloss-black","status":"publish","type":"product","link":"https:\/\/altaroda.es\/fr\/product\/wolf-bm-16-gloss-black\/","title":{"rendered":"WOLF-BM 16 GLOSS BLACK"},"content":{"rendered":"<p>7J16 WOLF-BM\/WS5X E52 5112 66,6 GLBO.E. (BMW) Compat\u00edvel com tampa central Pe\u00e7a Nr.. 36136850834 &#8211; PARA RODAS HOMOLOGADAS VERIFIQUE OS DOCUMENTOS ECENotas:<br \/>\n                     &#8211; Pre\u00e7o unit\u00e1rio;<br \/>\n                     &#8211; IVA \u00e0 taxa em vigor inclu\u00eddo no pre\u00e7o;<br \/>\n                     &#8211; Limitado ao stock existente;<br \/>\n                     &#8211; Disponibilidade e pre\u00e7o carece de re-confirma\u00e7\u00e3o.<\/p>","protected":false},"excerpt":{"rendered":"<p>7J16 WOLF-BM\/WS5X E52 5112 66,6 GLBO.E. (BMW) Compat\u00edvel com tampa central Pe\u00e7a Nr.. 36136850834 &#8211; PARA RODAS HOMOLOGADAS VERIFIQUE OS DOCUMENTOS ECENotas:<br \/>\n                     &#8211; Pre\u00e7o unit\u00e1rio;<br \/>\n                     &#8211; IVA \u00e0 taxa em vigor inclu\u00eddo no pre\u00e7o;<br \/>\n                     &#8211; Limitado ao stock existente;<br \/>\n                     &#8211; Disponibilidade e pre\u00e7o carece de re-confirma\u00e7\u00e3o.<\/p>","protected":false},"featured_media":5193,"comment_status":"closed","ping_status":"open","template":"","meta":{"_acf_changed":false},"product_brand":[],"product_cat":[8395,8386,8402,8393,8384,8400,8391,8398,8389,8405,8396,8387,8403,8394,8385,8401,8392,8399,8390,8406,8397,8388,8404,8434,8425,8441,8432,8423,8439,8430,8421,8437,8428,8435,8426,8442,8433,8424,8440,8431,8422,8438,8429,8436,8427,8443,8516,8523,8507,8514,8505,8521,8512,8503,8519,8510,8517,8524,8508,8515,8506,8522,8513,8504,8520,8511,8518,8525,8509,8532,3978,8539,8530,3977,8537,8528,8535,8526,8533,3952,8531,3955,8538,3981,8529,8536,3980,8527,8534,3956,3979,3959,8548,4026,4051,8546,8553,4022,4050,8544,8551,4049,8542,8549,4048,8540,4029,8547,4047,8545,4025,8552,8543,8550,8541,8564,8555,4086,8562,4085,8560,4064,8567,4084,8558,8565,4083,8556,4061,8563,4082,8554,4060,8561,8559,8566,4057,8557,2020,2017,8580,4187,8571,8578,8569,8576,4162,8574,8581,8572,4165,4191,8579,8570,4190,8577,8568,4166,4189,8575,4169,4188,8573,4261,8587,8594,4260,8585,4236,8592,4259,8583,4239,8590,4258,8588,4257,8595,8586,8593,8584,8591,4232,8582,4235,8589,8596,8603,8601,8608,4267,4270,8599,8606,4296,8597,8604,4295,4271,4294,8602,8609,4274,4293,8600,8607,4292,8598,8605,8612,8628,8619,8610,8626,8617,8624,8615,8631,8622,8613,8629,8620,8611,8627,8618,8625,8616,8632,8623,8614,8630,8621,3924,3927,3928,3931,635,3943,3944,3945,3946,3947,8370,8371,8372,8373,8374,8375,8376,8377,8378,8379,8380,8381,8382,8383],"product_tag":[],"class_list":{"0":"post-5191","1":"product","2":"type-product","3":"status-publish","4":"has-post-thumbnail","6":"product_cat-03-2014-mini-cooper-convertible","7":"product_cat-03-2014-bmw-serie-2-gran-coupe","8":"product_cat-03-2014-mini-cooper-sd","9":"product_cat-03-2014-mini-cooper","10":"product_cat-03-2014","11":"product_cat-03-2014-mini-cooper-s-5-door","12":"product_cat-03-2014-mini-clubman-cooper-sd","13":"product_cat-03-2014-mini-cooper-d-convertible","14":"product_cat-03-2014-mini-clubman-cooper-d","15":"product_cat-03-2014-mini-one-one-d","16":"product_cat-03-2014-mini-cooper-d","17":"product_cat-03-2014-bmw-serie-2-gran-tourer","18":"product_cat-03-2014-mini-cooper-sd-5-door","19":"product_cat-03-2014-mini-cooper-5-door","20":"product_cat-03-2014-bmw-serie-2-active-tourer","21":"product_cat-03-2014-mini-cooper-s-convertible","22":"product_cat-03-2014-mini-clubman-one-clubman-one-d","23":"product_cat-03-2014-mini-cooper-s","24":"product_cat-03-2014-mini-clubman-cooper-s","25":"product_cat-03-2014-mini-one-one-d-5-door","26":"product_cat-03-2014-mini-cooper-d-5-door","27":"product_cat-03-2014-mini-clubman-cooper","28":"product_cat-03-2014-mini-cooper-se","29":"product_cat-03-2014-2016-mini-cooper-d-5-door","30":"product_cat-03-2014-2016-mini-clubman-cooper","31":"product_cat-03-2014-2016-mini-cooper-se","32":"product_cat-03-2014-2016-mini-cooper-convertible","33":"product_cat-03-2014-2016-bmw-serie-2-gran-coupe","34":"product_cat-03-2014-2016-mini-cooper-sd","35":"product_cat-03-2014-2016-mini-cooper","36":"product_cat-03-2014-2016","37":"product_cat-03-2014-2016-mini-cooper-s-5-door","38":"product_cat-03-2014-2016-mini-clubman-cooper-sd","39":"product_cat-03-2014-2016-mini-cooper-d-convertible","40":"product_cat-03-2014-2016-mini-clubman-cooper-d","41":"product_cat-03-2014-2016-mini-one-one-d","42":"product_cat-03-2014-2016-mini-cooper-d","43":"product_cat-03-2014-2016-bmw-serie-2-gran-tourer","44":"product_cat-03-2014-2016-mini-cooper-sd-5-door","45":"product_cat-03-2014-2016-mini-cooper-5-door","46":"product_cat-03-2014-2016-bmw-serie-2-active-tourer","47":"product_cat-03-2014-2016-mini-cooper-s-convertible","48":"product_cat-03-2014-2016-mini-clubman-one-clubman-one-d","49":"product_cat-03-2014-2016-mini-cooper-s","50":"product_cat-03-2014-2016-mini-clubman-cooper-s","51":"product_cat-03-2014-2016-mini-one-one-d-5-door","52":"product_cat-03-2014-2018-mini-cooper-d-5-door","53":"product_cat-03-2014-2018-mini-cooper-se","54":"product_cat-03-2014-2018-mini-clubman-cooper","55":"product_cat-03-2014-2018-mini-cooper-convertible","56":"product_cat-03-2014-2018-bmw-serie-2-gran-coupe","57":"product_cat-03-2014-2018-mini-cooper-sd","58":"product_cat-03-2014-2018-mini-cooper","59":"product_cat-03-2014-2018","60":"product_cat-03-2014-2018-mini-cooper-s-5-door","61":"product_cat-03-2014-2018-mini-clubman-cooper-sd","62":"product_cat-03-2014-2018-mini-cooper-d-convertible","63":"product_cat-03-2014-2018-mini-one-one-d","64":"product_cat-03-2014-2018-mini-clubman-cooper-d","65":"product_cat-03-2014-2018-mini-cooper-d","66":"product_cat-03-2014-2018-bmw-serie-2-gran-tourer","67":"product_cat-03-2014-2018-mini-cooper-sd-5-door","68":"product_cat-03-2014-2018-mini-cooper-5-door","69":"product_cat-03-2014-2018-bmw-serie-2-active-tourer","70":"product_cat-03-2014-2018-mini-cooper-s-convertible","71":"product_cat-03-2014-2018-mini-clubman-one-clubman-one-d","72":"product_cat-03-2014-2018-mini-cooper-s","73":"product_cat-03-2014-2018-mini-one-one-d-5-door","74":"product_cat-03-2014-2018-mini-clubman-cooper-s","75":"product_cat-08-2014-2016-mini-cooper-s","76":"product_cat-08-2014-2016-mini-clubman-cooper-d","77":"product_cat-08-2014-2016-mini-one-one-d-5-door","78":"product_cat-08-2014-2016-mini-cooper-d-5-door","79":"product_cat-08-2014-2016-mini-clubman-cooper","80":"product_cat-08-2014-2016-mini-cooper-se","81":"product_cat-08-2014-2016-mini-cooper-convertible","82":"product_cat-08-2014-2016-mini-cooper-sd","83":"product_cat-08-2014-2016-mini-cooper","84":"product_cat-08-2014-2016-mini-cooper-s-5-door","85":"product_cat-08-2014-2016-bmw-serie-1","86":"product_cat-08-2014-2016-mini-cooper-d-convertible","87":"product_cat-08-2014-2016-bmw-serie-2-active-tourer","88":"product_cat-08-2014-2016-mini-one-one-d","89":"product_cat-08-2014-2016-mini-clubman-one-clubman-one-d","90":"product_cat-08-2014-2016-mini-cooper-d","91":"product_cat-08-2014-2016-mini-cooper-sd-5-door","92":"product_cat-08-2014-2016-mini-clubman-cooper-sd","93":"product_cat-08-2014-2016-mini-cooper-5-door","94":"product_cat-08-2014-2016-mini-cooper-s-convertible","95":"product_cat-08-2014-2016-bmw-serie-2-gran-coupe","96":"product_cat-08-2014-2016-mini-clubman-cooper-s","97":"product_cat-08-2014-2016-bmw-serie-2-gran-tourer","98":"product_cat-09-2019-mini-cooper-s-convertible","99":"product_cat-09-2019-bmw-serie-2-gran-coupe","100":"product_cat-09-2019-mini-clubman-one-clubman-one-d","101":"product_cat-09-2019-mini-cooper-s","102":"product_cat-09-2019-mini-one-one-d-5-door","103":"product_cat-09-2019-bmw-serie-1","104":"product_cat-09-2019-mini-clubman-cooper-sd","105":"product_cat-09-2019-mini-cooper-d-5-door","106":"product_cat-09-2019-mini-cooper-se","107":"product_cat-09-2019-mini-clubman-cooper-s","108":"product_cat-09-2019-mini-cooper-convertible","109":"product_cat-09-2019-mini-cooper-sd","110":"product_cat-09-2019-mini-clubman-cooper-d","111":"product_cat-09-2019-mini-cooper","112":"product_cat-09-2019-bmw-serie-2-gran-tourer","113":"product_cat-09-2019-mini-cooper-s-5-door","114":"product_cat-09-2019-mini-clubman-cooper","115":"product_cat-09-2019-mini-cooper-d-convertible","116":"product_cat-09-2019-bmw-serie-2-active-tourer","117":"product_cat-09-2019-mini-one-one-d","118":"product_cat-09-2019-mini-cooper-d","119":"product_cat-09-2019-mini-cooper-sd-5-door","120":"product_cat-09-2019-mini-cooper-5-door","121":"product_cat-10-2015-2016-mini-cooper-sd-5-door","122":"product_cat-10-2015-2016-mini-cooper-5-door","123":"product_cat-10-2015-2016-mini-clubman-one-clubman-one-d","124":"product_cat-10-2015-2016-mini-cooper-s-convertible","125":"product_cat-10-2015-2016-mini-clubman-cooper-sd","126":"product_cat-10-2015-2016-mini-cooper-s","127":"product_cat-10-2015-2016-bmw-serie-2-gran-tourer","128":"product_cat-10-2015-2016-mini-one-one-d-5-door","129":"product_cat-10-2015-2016-mini-clubman-cooper-s","130":"product_cat-10-2015-2016-mini-cooper-d-5-door","131":"product_cat-10-2015-2016-mini-cooper-se","132":"product_cat-10-2015-2016-mini-clubman-cooper-d","133":"product_cat-10-2015-2016-mini-cooper-convertible","134":"product_cat-10-2015-2016-bmw-serie-2-gran-coupe","135":"product_cat-10-2015-2016-mini-cooper-sd","136":"product_cat-10-2015-2016-mini-clubman-cooper","137":"product_cat-10-2015-2016-mini-cooper","138":"product_cat-10-2015-2016-bmw-serie-2-active-tourer","139":"product_cat-10-2015-2016-mini-cooper-s-5-door","140":"product_cat-10-2015-2016-mini-cooper-d-convertible","141":"product_cat-10-2015-2016-mini-one-one-d","142":"product_cat-10-2015-2016-bmw-serie-1","143":"product_cat-10-2015-2016-mini-cooper-d","144":"product_cat-2014-2019-subaru-forester","145":"product_cat-2014-2019-lexus-ct-200h","146":"product_cat-2015-2016-mini-one-one-d","147":"product_cat-2015-2016-mini-clubman-cooper","148":"product_cat-2015-2016-mini-cooper-d","149":"product_cat-2015-2016-mini-cooper-sd-5-door","150":"product_cat-2015-2016-mini-cooper-5-door","151":"product_cat-2015-2016-mini-cooper-s-convertible","152":"product_cat-2015-2016-bmw-serie-1","153":"product_cat-2015-2016-mini-cooper-s","154":"product_cat-2015-2016-mini-one-one-d-5-door","155":"product_cat-2015-2016-mini-cooper-d-5-door","156":"product_cat-2015-2016-bmw-serie-2-active-tourer","157":"product_cat-2015-2016-mini-clubman-one-clubman-one-d","158":"product_cat-2015-2016-mini-cooper-se","159":"product_cat-2015-2016-mini-cooper-convertible","160":"product_cat-2015-2016-mini-clubman-cooper-sd","161":"product_cat-2015-2016-mini-cooper-sd","162":"product_cat-2015-2016-mini-cooper","163":"product_cat-2015-2016-bmw-serie-2-gran-coupe","164":"product_cat-2015-2016-mini-clubman-cooper-s","165":"product_cat-2015-2016-mini-cooper-s-5-door","166":"product_cat-2015-2016-bmw-serie-2-gran-tourer","167":"product_cat-2015-2016-mini-clubman-cooper-d","168":"product_cat-2015-2016-mini-cooper-d-convertible","169":"product_cat-2017-2021-mini-clubman-one-clubman-one-d","170":"product_cat-2017-2021-mini-cooper-d-convertible","171":"product_cat-2017-2021-mini-one-one-d","172":"product_cat-2017-2021-mini-clubman-cooper-sd","173":"product_cat-2017-2021-mini-cooper-d","174":"product_cat-2017-2021-bmw-serie-2-gran-coupe","175":"product_cat-2017-2021-mini-cooper-sd-5-door","176":"product_cat-2017-2021-mini-clubman-cooper-s","177":"product_cat-2017-2021-mini-cooper-5-door","178":"product_cat-2017-2021-bmw-serie-2-gran-tourer","179":"product_cat-2017-2021-mini-cooper-s-convertible","180":"product_cat-2017-2021-mini-clubman-cooper-d","181":"product_cat-2017-2021-mini-cooper-s","182":"product_cat-2017-2021-mini-clubman-cooper","183":"product_cat-2017-2021-mini-one-one-d-5-door","184":"product_cat-2017-2021-mini-cooper-d-5-door","185":"product_cat-2017-2021-mini-cooper-se","186":"product_cat-2017-2021-mini-cooper-convertible","187":"product_cat-2017-2021-mini-cooper-sd","188":"product_cat-2017-2021-bmw-serie-1","189":"product_cat-2017-2021-mini-cooper","190":"product_cat-2017-2021-bmw-serie-2-active-tourer","191":"product_cat-2017-2021-mini-cooper-s-5-door","192":"product_cat-2017-2023-mini-cooper","193":"product_cat-2017-2023-mini-cooper-s-5-door","194":"product_cat-2017-2023-mini-cooper-d-convertible","195":"product_cat-2017-2023-mini-one-one-d","196":"product_cat-2017-2023-bmw-serie-1","197":"product_cat-2017-2023-bmw-serie-2-active-tourer","198":"product_cat-2017-2023-mini-cooper-d","199":"product_cat-2017-2023-mini-cooper-sd-5-door","200":"product_cat-2017-2023-mini-clubman-one-clubman-one-d","201":"product_cat-2017-2023-mini-cooper-5-door","202":"product_cat-2017-2023-mini-cooper-s-convertible","203":"product_cat-2017-2023-mini-clubman-cooper-sd","204":"product_cat-2017-2023-bmw-serie-2-gran-coupe","205":"product_cat-2017-2023-mini-clubman-cooper-s","206":"product_cat-2017-2023-mini-cooper-s","207":"product_cat-2017-2023-mini-one-one-d-5-door","208":"product_cat-2017-2023-bmw-serie-2-gran-tourer","209":"product_cat-2017-2023-mini-clubman-cooper-d","210":"product_cat-2017-2023-mini-cooper-d-5-door","211":"product_cat-2017-2023-mini-cooper-se","212":"product_cat-2017-2023-mini-clubman-cooper","213":"product_cat-2017-2023-mini-cooper-convertible","214":"product_cat-2017-2023-mini-cooper-sd","215":"product_cat-2020-2023-bmw-serie-2-gran-coupe","216":"product_cat-2020-2023-mini-cooper-sd","217":"product_cat-2020-2023-mini-cooper","218":"product_cat-2020-2023","219":"product_cat-2020-2023-mini-cooper-s-5-door","220":"product_cat-2020-2023-mini-clubman-cooper-sd","221":"product_cat-2020-2023-mini-cooper-d-convertible","222":"product_cat-2020-2023-mini-clubman-cooper-d","223":"product_cat-2020-2023-mini-one-one-d","224":"product_cat-2020-2023-mini-cooper-d","225":"product_cat-2020-2023-bmw-serie-2-gran-tourer","226":"product_cat-2020-2023-mini-cooper-sd-5-door","227":"product_cat-2020-2023-mini-cooper-5-door","228":"product_cat-2020-2023-bmw-serie-2-active-tourer","229":"product_cat-2020-2023-mini-cooper-s-convertible","230":"product_cat-2020-2023-mini-clubman-one-clubman-one-d","231":"product_cat-2020-2023-mini-cooper-s","232":"product_cat-2020-2023-mini-clubman-cooper-s","233":"product_cat-2020-2023-mini-one-one-d-5-door","234":"product_cat-2020-2023-mini-cooper-d-5-door","235":"product_cat-2020-2023-mini-clubman-cooper","236":"product_cat-2020-2023-mini-cooper-se","237":"product_cat-2020-2023-mini-cooper-convertible","238":"product_cat-bmw-serie-1","239":"product_cat-bmw-serie-2-active-tourer","240":"product_cat-bmw-serie-2-gran-coupe","241":"product_cat-bmw-serie-2-gran-tourer","242":"product_cat-jantes","243":"product_cat-mini-clubman-cooper","244":"product_cat-mini-clubman-cooper-d","245":"product_cat-mini-clubman-cooper-s","246":"product_cat-mini-clubman-cooper-sd","247":"product_cat-mini-clubman-one-clubman-one-d","248":"product_cat-mini-cooper","249":"product_cat-mini-cooper-5-door","250":"product_cat-mini-cooper-convertible","251":"product_cat-mini-cooper-d","252":"product_cat-mini-cooper-d-5-door","253":"product_cat-mini-cooper-d-convertible","254":"product_cat-mini-cooper-s","255":"product_cat-mini-cooper-s-5-door","256":"product_cat-mini-cooper-s-convertible","257":"product_cat-mini-cooper-sd","258":"product_cat-mini-cooper-sd-5-door","259":"product_cat-mini-cooper-se","260":"product_cat-mini-one-one-d","261":"product_cat-mini-one-one-d-5-door","263":"first","264":"instock","265":"purchasable","266":"product-type-simple"},"acf":[],"_links":{"self":[{"href":"https:\/\/altaroda.es\/fr\/wp-json\/wp\/v2\/product\/5191","targetHints":{"allow":["GET"]}}],"collection":[{"href":"https:\/\/altaroda.es\/fr\/wp-json\/wp\/v2\/product"}],"about":[{"href":"https:\/\/altaroda.es\/fr\/wp-json\/wp\/v2\/types\/product"}],"replies":[{"embeddable":true,"href":"https:\/\/altaroda.es\/fr\/wp-json\/wp\/v2\/comments?post=5191"}],"version-history":[{"count":1,"href":"https:\/\/altaroda.es\/fr\/wp-json\/wp\/v2\/product\/5191\/revisions"}],"predecessor-version":[{"id":5192,"href":"https:\/\/altaroda.es\/fr\/wp-json\/wp\/v2\/product\/5191\/revisions\/5192"}],"wp:featuredmedia":[{"embeddable":true,"href":"https:\/\/altaroda.es\/fr\/wp-json\/wp\/v2\/media\/5193"}],"wp:attachment":[{"href":"https:\/\/altaroda.es\/fr\/wp-json\/wp\/v2\/media?parent=5191"}],"wp:term":[{"taxonomy":"product_brand","embeddable":true,"href":"https:\/\/altaroda.es\/fr\/wp-json\/wp\/v2\/product_brand?post=5191"},{"taxonomy":"product_cat","embeddable":true,"href":"https:\/\/altaroda.es\/fr\/wp-json\/wp\/v2\/product_cat?post=5191"},{"taxonomy":"product_tag","embeddable":true,"href":"https:\/\/altaroda.es\/fr\/wp-json\/wp\/v2\/product_tag?post=5191"}],"curies":[{"name":"wp","href":"https:\/\/api.w.org\/{rel}","templated":true}]}}