{"id":5166,"date":"2025-06-08T13:39:40","date_gmt":"2025-06-08T13:39:40","guid":{"rendered":"https:\/\/altaroda.es\/product\/zenith-16-gloss-black-3\/"},"modified":"2025-06-08T13:39:50","modified_gmt":"2025-06-08T13:39:50","slug":"zenith-16-gloss-black-3","status":"publish","type":"product","link":"https:\/\/altaroda.es\/fr\/product\/zenith-16-gloss-black-3\/","title":{"rendered":"ZENITH 16 GLOSS BLACK"},"content":{"rendered":"<p>6,5J16 ZENI\/DF ET39 5X105 56,6 GLBLPARA RODAS HOMOLOGADAS VERIFIQUE OS DOCUMENTOS TUV-NADCertifica\u00e7\u00f5es: ZH6560 DF-56,6-A20Notas:<br \/>\n                     &#8211; Pre\u00e7o unit\u00e1rio;<br \/>\n                     &#8211; IVA \u00e0 taxa em vigor inclu\u00eddo no pre\u00e7o;<br \/>\n                     &#8211; Limitado ao stock existente;<br \/>\n                     &#8211; Disponibilidade e pre\u00e7o carece de re-confirma\u00e7\u00e3o.<\/p>","protected":false},"excerpt":{"rendered":"<p>6,5J16 ZENI\/DF ET39 5X105 56,6 GLBLPARA RODAS HOMOLOGADAS VERIFIQUE OS DOCUMENTOS TUV-NADCertifica\u00e7\u00f5es: ZH6560 DF-56,6-A20Notas:<br \/>\n                     &#8211; Pre\u00e7o unit\u00e1rio;<br \/>\n                     &#8211; IVA \u00e0 taxa em vigor inclu\u00eddo no pre\u00e7o;<br \/>\n                     &#8211; Limitado ao stock existente;<br \/>\n                     &#8211; Disponibilidade e pre\u00e7o carece de re-confirma\u00e7\u00e3o.<\/p>","protected":false},"featured_media":5168,"comment_status":"closed","ping_status":"open","template":"","meta":{"_acf_changed":false},"product_brand":[],"product_cat":[7168,7180,7177,7170,7182,7166,7175,7172,7179,7174,7171,7167,7176,7169,7181,7178,7173,7193,7184,7191,7198,7189,7196,7187,7194,7185,7192,7183,7199,7190,7197,7188,7195,7186,7209,7200,7216,7207,7214,7205,7212,7203,7210,7201,7208,7215,7206,7213,7204,7211,7202,7227,7232,7220,7229,7224,7231,7219,7228,7233,7221,7217,7226,7223,7230,7225,7222,7218,7280,7289,7286,7293,7288,7285,7281,7290,7283,7295,7292,7287,7282,7294,7291,7284,7296,7303,7310,7301,7308,7299,7306,7297,7313,7304,7311,7302,7309,7300,7307,7298,7305,7312,2018,2012,2013,7319,7326,7317,7324,7315,7322,7329,7320,7327,7318,7325,7316,7323,7330,7314,7321,7328,7335,7342,7333,7340,7331,7347,7338,7345,7336,7343,7334,7341,7332,7339,7346,7337,7344,7149,7150,7151,7152,635,7153,7154,7155,7156,7157,7158,7159,7160,7161,7162,7163,7164,7165],"product_tag":[],"class_list":{"0":"post-5166","1":"product","2":"type-product","3":"status-publish","4":"has-post-thumbnail","6":"product_cat-04-2009-chevrolet-former-daewoo-cruze-versione-benzina","7":"product_cat-04-2009-opel-astra-sports-tourer-1-6-benzina","8":"product_cat-04-2009-opel-astra-sports-tourer-1-3-diesel","9":"product_cat-04-2009-opel-ampera-e","10":"product_cat-04-2009-opel-mokka-x","11":"product_cat-04-2009","12":"product_cat-04-2009-opel-astra-k","13":"product_cat-04-2009-opel-astra-1-4-benzina","14":"product_cat-04-2009-opel-astra-sports-tourer-1-4-diesel","15":"product_cat-04-2009-opel-astra-1-6-benzina","16":"product_cat-04-2009-opel-astra-1-3-diesel","17":"product_cat-04-2009-chevrolet-former-daewoo-aveo-5h","18":"product_cat-04-2009-opel-astra-k-sports-tourer","19":"product_cat-04-2009-chevrolet-former-daewoo-trax","20":"product_cat-04-2009-opel-mokka","21":"product_cat-04-2009-opel-astra-sports-tourer-1-4-benzina","22":"product_cat-04-2009-opel-astra-1-4-diesel","23":"product_cat-06-2011-opel-astra-k-sports-tourer","24":"product_cat-06-2011-chevrolet-former-daewoo-aveo-5h","25":"product_cat-06-2011-opel-astra-1-6-benzina","26":"product_cat-06-2011-opel-mokka","27":"product_cat-06-2011-opel-astra-1-4-benzina","28":"product_cat-06-2011-opel-astra-sports-tourer-1-4-diesel","29":"product_cat-06-2011-opel-ampera-e","30":"product_cat-06-2011-opel-astra-sports-tourer-1-3-diesel","31":"product_cat-06-2011-chevrolet-former-daewoo-cruze-versione-benzina","32":"product_cat-06-2011-opel-astra-k","33":"product_cat-06-2011-buick-encore","34":"product_cat-06-2011-opel-mokka-x","35":"product_cat-06-2011-opel-astra-1-4-diesel","36":"product_cat-06-2011-opel-astra-sports-tourer-1-6-benzina","37":"product_cat-06-2011-opel-astra-1-3-diesel","38":"product_cat-06-2011-opel-astra-sports-tourer-1-4-benzina","39":"product_cat-06-2011-chevrolet-former-daewoo-trax","40":"product_cat-10-2015-2021-opel-astra-k","41":"product_cat-10-2015-2021","42":"product_cat-10-2015-2021-opel-mokka-x","43":"product_cat-10-2015-2021-opel-astra-1-4-diesel","44":"product_cat-10-2015-2021-opel-astra-sports-tourer-1-6-benzina","45":"product_cat-10-2015-2021-opel-astra-1-3-diesel","46":"product_cat-10-2015-2021-opel-astra-sports-tourer-1-4-benzina","47":"product_cat-10-2015-2021-chevrolet-former-daewoo-trax","48":"product_cat-10-2015-2021-opel-astra-k-sports-tourer","49":"product_cat-10-2015-2021-chevrolet-former-daewoo-aveo-5h","50":"product_cat-10-2015-2021-opel-astra-1-6-benzina","51":"product_cat-10-2015-2021-opel-mokka","52":"product_cat-10-2015-2021-opel-astra-1-4-benzina","53":"product_cat-10-2015-2021-opel-astra-sports-tourer-1-4-diesel","54":"product_cat-10-2015-2021-opel-ampera-e","55":"product_cat-10-2015-2021-opel-astra-sports-tourer-1-3-diesel","56":"product_cat-10-2015-2021-chevrolet-former-daewoo-cruze-versione-benzina","57":"product_cat-11-2009-2014-opel-astra-k-sports-tourer","58":"product_cat-11-2009-2014-opel-mokka","59":"product_cat-11-2009-2014-chevrolet-former-daewoo-trax","60":"product_cat-11-2009-2014-opel-astra-sports-tourer-1-4-benzina","61":"product_cat-11-2009-2014-opel-astra-1-4-diesel","62":"product_cat-11-2009-2014-opel-astra-sports-tourer-1-6-benzina","63":"product_cat-11-2009-2014-chevrolet-former-daewoo-cruze-versione-benzina","64":"product_cat-11-2009-2014-opel-astra-sports-tourer-1-3-diesel","65":"product_cat-11-2009-2014-opel-mokka-x","66":"product_cat-11-2009-2014-opel-ampera-e","67":"product_cat-11-2009-2014-buick-encore","68":"product_cat-11-2009-2014-opel-astra-k","69":"product_cat-11-2009-2014-opel-astra-1-4-benzina","70":"product_cat-11-2009-2014-opel-astra-sports-tourer-1-4-diesel","71":"product_cat-11-2009-2014-opel-astra-1-6-benzina","72":"product_cat-11-2009-2014-opel-astra-1-3-diesel","73":"product_cat-11-2009-2014-chevrolet-former-daewoo-aveo-5h","74":"product_cat-11-2010-2015","75":"product_cat-11-2010-2015-opel-astra-k","76":"product_cat-11-2010-2015-opel-astra-1-4-benzina","77":"product_cat-11-2010-2015-opel-astra-sports-tourer-1-4-diesel","78":"product_cat-11-2010-2015-opel-astra-1-6-benzina","79":"product_cat-11-2010-2015-opel-astra-1-3-diesel","80":"product_cat-11-2010-2015-chevrolet-former-daewoo-aveo-5h","81":"product_cat-11-2010-2015-opel-astra-k-sports-tourer","82":"product_cat-11-2010-2015-chevrolet-former-daewoo-trax","83":"product_cat-11-2010-2015-opel-mokka","84":"product_cat-11-2010-2015-opel-astra-sports-tourer-1-4-benzina","85":"product_cat-11-2010-2015-opel-astra-1-4-diesel","86":"product_cat-11-2010-2015-chevrolet-former-daewoo-cruze-versione-benzina","87":"product_cat-11-2010-2015-opel-astra-sports-tourer-1-6-benzina","88":"product_cat-11-2010-2015-opel-astra-sports-tourer-1-3-diesel","89":"product_cat-11-2010-2015-opel-ampera-e","90":"product_cat-11-2010-2015-opel-mokka-x","91":"product_cat-2012-2015-opel-astra-1-4-benzina","92":"product_cat-2012-2015-opel-astra-sports-tourer-1-4-diesel","93":"product_cat-2012-2015-opel-ampera-e","94":"product_cat-2012-2015-opel-astra-sports-tourer-1-3-diesel","95":"product_cat-2012-2015-chevrolet-former-daewoo-cruze-versione-benzina","96":"product_cat-2012-2015-opel-astra-k","97":"product_cat-2012-2015-buick-encore","98":"product_cat-2012-2015-opel-mokka-x","99":"product_cat-2012-2015-opel-astra-1-4-diesel","100":"product_cat-2012-2015-opel-astra-sports-tourer-1-6-benzina","101":"product_cat-2012-2015-opel-astra-1-3-diesel","102":"product_cat-2012-2015-opel-astra-sports-tourer-1-4-benzina","103":"product_cat-2012-2015-chevrolet-former-daewoo-trax","104":"product_cat-2012-2015-opel-astra-k-sports-tourer","105":"product_cat-2012-2015-chevrolet-former-daewoo-aveo-5h","106":"product_cat-2012-2015-opel-astra-1-6-benzina","107":"product_cat-2012-2015-opel-mokka","108":"product_cat-2014-2019-rover-75","109":"product_cat-2014-2019-audi-a1-citycarver","110":"product_cat-2014-2019-audi-s3","111":"product_cat-2016-2019-opel-astra-1-3-diesel","112":"product_cat-2016-2019-opel-astra-sports-tourer-1-4-benzina","113":"product_cat-2016-2019-chevrolet-former-daewoo-trax","114":"product_cat-2016-2019-opel-astra-k-sports-tourer","115":"product_cat-2016-2019-chevrolet-former-daewoo-aveo-5h","116":"product_cat-2016-2019-opel-astra-1-6-benzina","117":"product_cat-2016-2019-opel-mokka","118":"product_cat-2016-2019-opel-astra-1-4-benzina","119":"product_cat-2016-2019-opel-astra-sports-tourer-1-4-diesel","120":"product_cat-2016-2019-opel-ampera-e","121":"product_cat-2016-2019-opel-astra-sports-tourer-1-3-diesel","122":"product_cat-2016-2019-chevrolet-former-daewoo-cruze-versione-benzina","123":"product_cat-2016-2019-opel-astra-k","124":"product_cat-2016-2019-opel-mokka-x","125":"product_cat-2016-2019-buick-encore","126":"product_cat-2016-2019-opel-astra-1-4-diesel","127":"product_cat-2016-2019-opel-astra-sports-tourer-1-6-benzina","128":"product_cat-2016-2021-opel-ampera-e","129":"product_cat-2016-2021-opel-astra-sports-tourer-1-3-diesel","130":"product_cat-2016-2021-chevrolet-former-daewoo-cruze-versione-benzina","131":"product_cat-2016-2021-opel-astra-k","132":"product_cat-2016-2021","133":"product_cat-2016-2021-opel-mokka-x","134":"product_cat-2016-2021-opel-astra-1-4-diesel","135":"product_cat-2016-2021-opel-astra-sports-tourer-1-6-benzina","136":"product_cat-2016-2021-opel-astra-1-3-diesel","137":"product_cat-2016-2021-opel-astra-sports-tourer-1-4-benzina","138":"product_cat-2016-2021-chevrolet-former-daewoo-trax","139":"product_cat-2016-2021-opel-astra-k-sports-tourer","140":"product_cat-2016-2021-chevrolet-former-daewoo-aveo-5h","141":"product_cat-2016-2021-opel-astra-1-6-benzina","142":"product_cat-2016-2021-opel-mokka","143":"product_cat-2016-2021-opel-astra-1-4-benzina","144":"product_cat-2016-2021-opel-astra-sports-tourer-1-4-diesel","145":"product_cat-buick-encore","146":"product_cat-chevrolet-former-daewoo-aveo-5h","147":"product_cat-chevrolet-former-daewoo-cruze-versione-benzina","148":"product_cat-chevrolet-former-daewoo-trax","149":"product_cat-jantes","150":"product_cat-opel-ampera-e","151":"product_cat-opel-astra-1-3-diesel","152":"product_cat-opel-astra-1-4-benzina","153":"product_cat-opel-astra-1-4-diesel","154":"product_cat-opel-astra-1-6-benzina","155":"product_cat-opel-astra-k","156":"product_cat-opel-astra-k-sports-tourer","157":"product_cat-opel-astra-sports-tourer-1-3-diesel","158":"product_cat-opel-astra-sports-tourer-1-4-benzina","159":"product_cat-opel-astra-sports-tourer-1-4-diesel","160":"product_cat-opel-astra-sports-tourer-1-6-benzina","161":"product_cat-opel-mokka","162":"product_cat-opel-mokka-x","164":"first","165":"instock","166":"purchasable","167":"product-type-simple"},"acf":[],"_links":{"self":[{"href":"https:\/\/altaroda.es\/fr\/wp-json\/wp\/v2\/product\/5166","targetHints":{"allow":["GET"]}}],"collection":[{"href":"https:\/\/altaroda.es\/fr\/wp-json\/wp\/v2\/product"}],"about":[{"href":"https:\/\/altaroda.es\/fr\/wp-json\/wp\/v2\/types\/product"}],"replies":[{"embeddable":true,"href":"https:\/\/altaroda.es\/fr\/wp-json\/wp\/v2\/comments?post=5166"}],"version-history":[{"count":1,"href":"https:\/\/altaroda.es\/fr\/wp-json\/wp\/v2\/product\/5166\/revisions"}],"predecessor-version":[{"id":5167,"href":"https:\/\/altaroda.es\/fr\/wp-json\/wp\/v2\/product\/5166\/revisions\/5167"}],"wp:featuredmedia":[{"embeddable":true,"href":"https:\/\/altaroda.es\/fr\/wp-json\/wp\/v2\/media\/5168"}],"wp:attachment":[{"href":"https:\/\/altaroda.es\/fr\/wp-json\/wp\/v2\/media?parent=5166"}],"wp:term":[{"taxonomy":"product_brand","embeddable":true,"href":"https:\/\/altaroda.es\/fr\/wp-json\/wp\/v2\/product_brand?post=5166"},{"taxonomy":"product_cat","embeddable":true,"href":"https:\/\/altaroda.es\/fr\/wp-json\/wp\/v2\/product_cat?post=5166"},{"taxonomy":"product_tag","embeddable":true,"href":"https:\/\/altaroda.es\/fr\/wp-json\/wp\/v2\/product_tag?post=5166"}],"curies":[{"name":"wp","href":"https:\/\/api.w.org\/{rel}","templated":true}]}}