{"id":5127,"date":"2025-06-08T13:39:18","date_gmt":"2025-06-08T13:39:18","guid":{"rendered":"https:\/\/altaroda.es\/product\/zenith-15-light-titan-5\/"},"modified":"2025-06-08T13:39:20","modified_gmt":"2025-06-08T13:39:20","slug":"zenith-15-light-titan-5","status":"publish","type":"product","link":"https:\/\/altaroda.es\/fr\/product\/zenith-15-light-titan-5\/","title":{"rendered":"ZENITH 15 LIGHT TITAN"},"content":{"rendered":"<p>6,5J15 ZENI\/GG3 ET45 5X108 RS72 LITNotas:<br \/>\n                     &#8211; Pre\u00e7o unit\u00e1rio;<br \/>\n                     &#8211; IVA \u00e0 taxa em vigor inclu\u00eddo no pre\u00e7o;<br \/>\n                     &#8211; Limitado ao stock existente;<br \/>\n                     &#8211; Disponibilidade e pre\u00e7o carece de re-confirma\u00e7\u00e3o.<\/p>","protected":false},"excerpt":{"rendered":"<p>6,5J15 ZENI\/GG3 ET45 5X108 RS72 LITNotas:<br \/>\n                     &#8211; Pre\u00e7o unit\u00e1rio;<br \/>\n                     &#8211; IVA \u00e0 taxa em vigor inclu\u00eddo no pre\u00e7o;<br \/>\n                     &#8211; Limitado ao stock existente;<br \/>\n                     &#8211; Disponibilidade e pre\u00e7o carece de re-confirma\u00e7\u00e3o.<\/p>","protected":false},"featured_media":5129,"comment_status":"closed","ping_status":"open","template":"","meta":{"_acf_changed":false},"product_brand":[],"product_cat":[5671,5646,5663,5655,5649,5668,5660,5647,5664,5656,5669,5643,5652,5672,5665,5657,5650,5670,5644,5661,5653,5648,5666,5658,5645,5662,5654,5673,5667,5659,5651,5694,5686,5680,5704,5699,5691,5678,5695,5687,5674,5700,5683,5703,5696,5688,5681,5675,5701,5692,5684,5679,5697,5689,5676,5693,5685,5698,5690,5682,5677,5702,5728,5723,5707,5735,5713,5731,5722,5717,5733,5711,5729,5709,5725,5706,5718,5730,5721,5714,5726,5719,5734,5712,5708,5724,5705,5715,5732,5710,5727,5720,5716,3047,5752,5743,5757,3045,5748,5739,5753,3043,5744,3050,5749,5740,3048,5754,5745,5736,3046,5750,5741,5755,3044,5746,5737,3051,5751,5742,3049,5756,5747,5738,3064,5775,5766,3071,5771,5762,3069,5776,5767,5758,3067,5772,5763,3065,5777,5768,5759,3063,5773,5764,3070,5778,5769,5760,3068,5774,5765,3066,5779,5770,5761,5784,5801,5793,5780,5806,5789,5809,5802,5794,5787,5781,5807,5798,5790,5785,5803,5795,5782,5799,5791,5810,5804,5796,5788,5783,5808,5800,5792,5786,5805,5797,5832,5824,5837,5811,5820,5840,5833,5825,5818,5838,5812,5829,5821,5816,5834,5826,5813,5830,5822,5841,5835,5827,5819,5839,5814,5831,5823,5817,5836,5828,5815,5858,5851,5842,5872,5863,5854,5847,5868,5859,5843,5864,5855,5848,5869,5860,5852,5844,5865,5856,5849,5870,5861,5845,5866,5857,5850,5871,5862,5853,5846,5867,5890,5881,5895,5886,5877,5900,5891,5882,5873,5896,5887,5878,5901,5892,5883,5874,5897,5888,5879,5902,5893,5884,5875,5898,5889,5880,5903,5894,5885,5876,5899,5922,5913,5904,5927,5918,5909,5932,5923,5914,5905,5928,5919,5910,5933,5924,5915,5906,5929,5920,5911,5934,5925,5916,5907,5930,5921,5912,5926,5917,5908,5931,3090,5954,5945,5936,3088,5950,5941,5955,3086,5946,5937,5951,3084,5942,3091,5956,5947,5938,3089,5952,5943,3087,5948,5939,5953,3085,5944,5935,5949,3083,5940,5980,5972,5959,5976,5968,5987,5981,5973,5965,5985,5960,5977,5969,5963,5982,5974,5961,5978,5970,5983,5957,5966,5986,5979,5971,5964,5984,5958,5975,5967,5962,2006,2004,2018,2020,2024,2023,2094,2095,5629,5630,5631,2532,5632,2538,2539,3307,3308,635,3033,3034,3035,3036,5633,5634,5587,5635,5636,3037,3038,3039,3040,3041,5637,5638,5639,5640,5641,5642],"product_tag":[],"class_list":{"0":"post-5127","1":"product","2":"type-product","3":"status-publish","4":"has-post-thumbnail","6":"product_cat-05-2008-2012-volvo-s40","7":"product_cat-05-2008-2012-fiat-doblo-n1","8":"product_cat-05-2008-2012-renault-espace","9":"product_cat-05-2008-2012-mercedes-citan-n1-5-fori","10":"product_cat-05-2008-2012-ford-kuga","11":"product_cat-05-2008-2012-toyota-proace-city-n1","12":"product_cat-05-2008-2012-peugeot-308","13":"product_cat-05-2008-2012-ford-c-max","14":"product_cat-05-2008-2012-renault-kangoo-express-m1","15":"product_cat-05-2008-2012-nissan-nv250-m1","16":"product_cat-05-2008-2012-toyota-proace-city-verso-m1","17":"product_cat-05-2008-2012","18":"product_cat-05-2008-2012-ford-transit-tourneo-connect-m1","19":"product_cat-05-2008-2012-volvo-v40","20":"product_cat-05-2008-2012-renault-kangoo-express-n1","21":"product_cat-05-2008-2012-nissan-nv250-n1","22":"product_cat-05-2008-2012-ford-tourneo-courier-m1","23":"product_cat-05-2008-2012-volvo-c30","24":"product_cat-05-2008-2012-citroen-ds-berlingo-n1","25":"product_cat-05-2008-2012-peugeot-rifter-partner-n1","26":"product_cat-05-2008-2012-ford-transit-tourneo-connect-n1","27":"product_cat-05-2008-2012-ford-focus","28":"product_cat-05-2008-2012-renault-kangoo-ii-m1","29":"product_cat-05-2008-2012-opel-combo-m1","30":"product_cat-05-2008-2012-fiat-doblo-m1","31":"product_cat-05-2008-2012-peugeot-rifter-m1","32":"product_cat-05-2008-2012-mercedes-citan-m1-5-fori","33":"product_cat-05-2008-2012-volvo-v50","34":"product_cat-05-2008-2012-renault-kangoo-ii-n1","35":"product_cat-05-2008-2012-opel-combo-n1","36":"product_cat-05-2008-2012-ford-transit-courier-n1","37":"product_cat-06-2012-renault-espace","38":"product_cat-06-2012-mercedes-citan-n1-5-fori","39":"product_cat-06-2012-ford-kuga","40":"product_cat-06-2012-volvo-v50","41":"product_cat-06-2012-toyota-proace-city-n1","42":"product_cat-06-2012-peugeot-308","43":"product_cat-06-2012-ford-c-max","44":"product_cat-06-2012-renault-kangoo-express-m1","45":"product_cat-06-2012-nissan-nv250-m1","46":"product_cat-06-2012","47":"product_cat-06-2012-toyota-proace-city-verso-m1","48":"product_cat-06-2012-ford-transit-tourneo-connect-m1","49":"product_cat-06-2012-volvo-v40","50":"product_cat-06-2012-renault-kangoo-express-n1","51":"product_cat-06-2012-nissan-nv250-n1","52":"product_cat-06-2012-ford-tourneo-courier-m1","53":"product_cat-06-2012-citroen-ds-berlingo-n1","54":"product_cat-06-2012-volvo-c30","55":"product_cat-06-2012-peugeot-rifter-partner-n1","56":"product_cat-06-2012-ford-transit-tourneo-connect-n1","57":"product_cat-06-2012-ford-focus","58":"product_cat-06-2012-renault-kangoo-ii-m1","59":"product_cat-06-2012-opel-combo-m1","60":"product_cat-06-2012-fiat-doblo-m1","61":"product_cat-06-2012-peugeot-rifter-m1","62":"product_cat-06-2012-mercedes-citan-m1-5-fori","63":"product_cat-06-2012-renault-kangoo-ii-n1","64":"product_cat-06-2012-opel-combo-n1","65":"product_cat-06-2012-ford-transit-courier-n1","66":"product_cat-06-2012-fiat-doblo-n1","67":"product_cat-06-2012-volvo-s40","68":"product_cat-10-2013-2021-renault-kangoo-ii-m1","69":"product_cat-10-2013-2021-peugeot-rifter-partner-n1","70":"product_cat-10-2013-2021-fiat-doblo-m1","71":"product_cat-10-2013-2021-volvo-v50","72":"product_cat-10-2013-2021-ford-transit-courier-n1","73":"product_cat-10-2013-2021-toyota-proace-city-verso-m1","74":"product_cat-10-2013-2021-peugeot-308","75":"product_cat-10-2013-2021-mercedes-citan-n1-5-fori","76":"product_cat-10-2013-2021-volvo-s40","77":"product_cat-10-2013-2021-ford-kuga","78":"product_cat-10-2013-2021-renault-kangoo-ii-n1","79":"product_cat-10-2013-2021-ford-c-max","80":"product_cat-10-2013-2021-renault-espace","81":"product_cat-10-2013-2021-citroen-ds-berlingo-n1","82":"product_cat-10-2013-2021-nissan-nv250-m1","83":"product_cat-10-2013-2021-toyota-proace-city-n1","84":"product_cat-10-2013-2021-opel-combo-n1","85":"product_cat-10-2013-2021-ford-transit-tourneo-connect-m1","86":"product_cat-10-2013-2021-renault-kangoo-express-m1","87":"product_cat-10-2013-2021-nissan-nv250-n1","88":"product_cat-10-2013-2021-volvo-v40","89":"product_cat-10-2013-2021-ford-tourneo-courier-m1","90":"product_cat-10-2013-2021-fiat-doblo-n1","91":"product_cat-10-2013-2021-peugeot-rifter-m1","92":"product_cat-10-2013-2021","93":"product_cat-10-2013-2021-ford-transit-tourneo-connect-n1","94":"product_cat-10-2013-2021-volvo-c30","95":"product_cat-10-2013-2021-ford-focus","96":"product_cat-10-2013-2021-renault-kangoo-express-n1","97":"product_cat-10-2013-2021-opel-combo-m1","98":"product_cat-10-2013-2021-mercedes-citan-m1-5-fori","99":"product_cat-12-2012-2020-renault-espace","100":"product_cat-12-2012-2020-toyota-proace-city-n1","101":"product_cat-12-2012-2020-ford-tourneo-courier-m1","102":"product_cat-12-2012-2020-volvo-v50","103":"product_cat-12-2012-2020-nissan-nv250-m1","104":"product_cat-12-2012-2020-opel-combo-n1","105":"product_cat-12-2012-2020-fiat-doblo-n1","106":"product_cat-12-2012-2020-toyota-proace-city-verso-m1","107":"product_cat-12-2012-2020","108":"product_cat-12-2012-2020-ford-transit-courier-n1","109":"product_cat-12-2012-2020-renault-kangoo-ii-m1","110":"product_cat-12-2012-2020-peugeot-308","111":"product_cat-12-2012-2020-ford-c-max","112":"product_cat-12-2012-2020-renault-kangoo-express-m1","113":"product_cat-12-2012-2020-volvo-c30","114":"product_cat-12-2012-2020-ford-transit-tourneo-connect-m1","115":"product_cat-12-2012-2020-citroen-ds-berlingo-m1","116":"product_cat-12-2012-2020-nissan-nv250-n1","117":"product_cat-12-2012-2020-peugeot-rifter-partner-n1","118":"product_cat-12-2012-2020-ford-focus","119":"product_cat-12-2012-2020-volvo-s40","120":"product_cat-12-2012-2020-mercedes-citan-n1-5-fori","121":"product_cat-12-2012-2020-ford-transit-tourneo-connect-n1","122":"product_cat-12-2012-2020-citroen-ds-berlingo-n1","123":"product_cat-12-2012-2020-renault-kangoo-ii-n1","124":"product_cat-12-2012-2020-peugeot-rifter-m1","125":"product_cat-12-2012-2020-ford-kuga","126":"product_cat-12-2012-2020-renault-kangoo-express-n1","127":"product_cat-12-2012-2020-volvo-v40","128":"product_cat-12-2012-2020-opel-combo-m1","129":"product_cat-12-2012-2020-fiat-doblo-m1","130":"product_cat-1996-2002-mercedes-citan-n1-5-fori","131":"product_cat-1996-2002-toyota-proace-city-verso-m1","132":"product_cat-1996-2002-ford-transit-courier-n1","133":"product_cat-1996-2002-renault-kangoo-ii-n1","134":"product_cat-1996-2002-peugeot-308","135":"product_cat-1996-2002-ford-c-max","136":"product_cat-1996-2002-renault-kangoo-express-n1","137":"product_cat-1996-2002-volvo-c30","138":"product_cat-1996-2002-ford-transit-tourneo-connect-m1","139":"product_cat-1996-2002-citroen-ds-berlingo-m1","140":"product_cat-1996-2002-renault-espace","141":"product_cat-1996-2002-peugeot-rifter-partner-n1","142":"product_cat-1996-2002-ford-focus","143":"product_cat-1996-2002-nissan-nv250-m1","144":"product_cat-1996-2002-volvo-s40","145":"product_cat-1996-2002-ford-transit-tourneo-connect-n1","146":"product_cat-1996-2002-citroen-ds-berlingo-n1","147":"product_cat-1996-2002","148":"product_cat-1996-2002-peugeot-rifter-m1","149":"product_cat-1996-2002-ford-kuga","150":"product_cat-1996-2002-renault-kangoo-ii-m1","151":"product_cat-1996-2002-volvo-v40","152":"product_cat-1996-2002-opel-combo-m1","153":"product_cat-1996-2002-fiat-doblo-m1","154":"product_cat-1996-2002-renault-kangoo-express-m1","155":"product_cat-1996-2002-toyota-proace-city-n1","156":"product_cat-1996-2002-ford-tourneo-courier-m1","157":"product_cat-1996-2002-nissan-nv250-n1","158":"product_cat-1996-2002-volvo-v50","159":"product_cat-1996-2002-opel-combo-n1","160":"product_cat-1996-2002-fiat-doblo-n1","161":"product_cat-2003-10-2010-ford-c-max","162":"product_cat-2003-10-2010-renault-kangoo-express-m1","163":"product_cat-2003-10-2010-nissan-nv250-m1","164":"product_cat-2003-10-2010-citroen-ds-berlingo-m1","165":"product_cat-2003-10-2010-toyota-proace-city-verso-m1","166":"product_cat-2003-10-2010-ford-transit-tourneo-connect-m1","167":"product_cat-2003-10-2010-volvo-v40","168":"product_cat-2003-10-2010-renault-kangoo-express-n1","169":"product_cat-2003-10-2010-nissan-nv250-n1","170":"product_cat-2003-10-2010-ford-tourneo-courier-m1","171":"product_cat-2003-10-2010-citroen-ds-berlingo-n1","172":"product_cat-2003-10-2010-volvo-c30","173":"product_cat-2003-10-2010-peugeot-rifter-partner-n1","174":"product_cat-2003-10-2010-ford-transit-tourneo-connect-n1","175":"product_cat-2003-10-2010-ford-focus","176":"product_cat-2003-10-2010-renault-kangoo-ii-m1","177":"product_cat-2003-10-2010-opel-combo-m1","178":"product_cat-2003-10-2010-fiat-doblo-m1","179":"product_cat-2003-10-2010-peugeot-rifter-m1","180":"product_cat-2003-10-2010-mercedes-citan-m1-5-fori","181":"product_cat-2003-10-2010-volvo-v50","182":"product_cat-2003-10-2010-renault-kangoo-ii-n1","183":"product_cat-2003-10-2010-opel-combo-n1","184":"product_cat-2003-10-2010-ford-transit-courier-n1","185":"product_cat-2003-10-2010-fiat-doblo-n1","186":"product_cat-2003-10-2010-volvo-s40","187":"product_cat-2003-10-2010-renault-espace","188":"product_cat-2003-10-2010-mercedes-citan-n1-5-fori","189":"product_cat-2003-10-2010-ford-kuga","190":"product_cat-2003-10-2010-toyota-proace-city-n1","191":"product_cat-2003-10-2010-peugeot-308","192":"product_cat-2003-2010-renault-kangoo-express-m1","193":"product_cat-2003-2010-nissan-nv250-m1","194":"product_cat-2003-2010-toyota-proace-city-verso-m1","195":"product_cat-2003-2010","196":"product_cat-2003-2010-ford-transit-tourneo-connect-m1","197":"product_cat-2003-2010-volvo-v40","198":"product_cat-2003-2010-renault-kangoo-express-n1","199":"product_cat-2003-2010-nissan-nv250-n1","200":"product_cat-2003-2010-ford-tourneo-courier-m1","201":"product_cat-2003-2010-volvo-c30","202":"product_cat-2003-2010-citroen-ds-berlingo-n1","203":"product_cat-2003-2010-peugeot-rifter-partner-n1","204":"product_cat-2003-2010-ford-transit-tourneo-connect-n1","205":"product_cat-2003-2010-ford-focus","206":"product_cat-2003-2010-renault-kangoo-ii-m1","207":"product_cat-2003-2010-opel-combo-m1","208":"product_cat-2003-2010-fiat-doblo-m1","209":"product_cat-2003-2010-peugeot-rifter-m1","210":"product_cat-2003-2010-mercedes-citan-m1-5-fori","211":"product_cat-2003-2010-volvo-v50","212":"product_cat-2003-2010-renault-kangoo-ii-n1","213":"product_cat-2003-2010-opel-combo-n1","214":"product_cat-2003-2010-ford-transit-courier-n1","215":"product_cat-2003-2010-volvo-s40","216":"product_cat-2003-2010-fiat-doblo-n1","217":"product_cat-2003-2010-renault-espace","218":"product_cat-2003-2010-mercedes-citan-n1-5-fori","219":"product_cat-2003-2010-ford-kuga","220":"product_cat-2003-2010-toyota-proace-city-n1","221":"product_cat-2003-2010-peugeot-308","222":"product_cat-2003-2010-ford-c-max","223":"product_cat-2004-2012-opel-combo-n1","224":"product_cat-2004-2012-ford-transit-tourneo-connect-m1","225":"product_cat-2004-2012-citroen-ds-berlingo-m1","226":"product_cat-2004-2012-volvo-v50","227":"product_cat-2004-2012-renault-kangoo-express-m1","228":"product_cat-2004-2012-mercedes-citan-n1-5-fori","229":"product_cat-2004-2012-ford-focus","230":"product_cat-2004-2012-toyota-proace-city-verso-m1","231":"product_cat-2004-2012-peugeot-308","232":"product_cat-2004-2012-citroen-ds-berlingo-n1","233":"product_cat-2004-2012-renault-kangoo-express-n1","234":"product_cat-2004-2012-nissan-nv250-m1","235":"product_cat-2004-2012-ford-kuga","236":"product_cat-2004-2012-volvo-c30","237":"product_cat-2004-2012-peugeot-rifter-partner-n1","238":"product_cat-2004-2012-ford-transit-tourneo-connect-n1","239":"product_cat-2004-2012-fiat-doblo-m1","240":"product_cat-2004-2012-renault-kangoo-ii-m1","241":"product_cat-2004-2012-nissan-nv250-n1","242":"product_cat-2004-2012-ford-tourneo-courier-m1","243":"product_cat-2004-2012-volvo-s40","244":"product_cat-2004-2012-peugeot-rifter-m1","245":"product_cat-2004-2012-fiat-doblo-n1","246":"product_cat-2004-2012-renault-kangoo-ii-n1","247":"product_cat-2004-2012-opel-combo-m1","248":"product_cat-2004-2012-ford-transit-courier-n1","249":"product_cat-2004-2012-volvo-v40","250":"product_cat-2004-2012-renault-espace","251":"product_cat-2004-2012-mercedes-citan-m1-5-fori","252":"product_cat-2004-2012-ford-c-max","253":"product_cat-2004-2012-toyota-proace-city-n1","254":"product_cat-2005-2013-peugeot-308","255":"product_cat-2005-2013-ford-transit-courier-n1","256":"product_cat-2005-2013-renault-kangoo-express-n1","257":"product_cat-2005-2013-nissan-nv250-m1","258":"product_cat-2005-2013-ford-c-max","259":"product_cat-2005-2013-volvo-c30","260":"product_cat-2005-2013-peugeot-rifter-partner-n1","261":"product_cat-2005-2013-ford-transit-tourneo-connect-m1","262":"product_cat-2005-2013-citroen-ds-berlingo-m1","263":"product_cat-2005-2013-renault-kangoo-ii-m1","264":"product_cat-2005-2013-nissan-nv250-n1","265":"product_cat-2005-2013-ford-focus","266":"product_cat-2005-2013-volvo-s40","267":"product_cat-2005-2013-peugeot-rifter-m1","268":"product_cat-2005-2013-ford-transit-tourneo-connect-n1","269":"product_cat-2005-2013-citroen-ds-berlingo-n1","270":"product_cat-2005-2013-renault-kangoo-ii-n1","271":"product_cat-2005-2013-opel-combo-m1","272":"product_cat-2005-2013-ford-kuga","273":"product_cat-2005-2013-volvo-v40","274":"product_cat-2005-2013-renault-espace","275":"product_cat-2005-2013-mercedes-citan-m1-5-fori","276":"product_cat-2005-2013-fiat-doblo-m1","277":"product_cat-2005-2013-toyota-proace-city-n1","278":"product_cat-2005-2013-opel-combo-n1","279":"product_cat-2005-2013-ford-tourneo-courier-m1","280":"product_cat-2005-2013-volvo-v50","281":"product_cat-2005-2013-renault-kangoo-express-m1","282":"product_cat-2005-2013-mercedes-citan-n1-5-fori","283":"product_cat-2005-2013-fiat-doblo-n1","284":"product_cat-2005-2013-toyota-proace-city-verso-m1","285":"product_cat-2006-2012-peugeot-rifter-partner-n1","286":"product_cat-2006-2012-ford-transit-tourneo-connect-m1","287":"product_cat-2006-2012-citroen-ds-berlingo-m1","288":"product_cat-2006-2012-renault-kangoo-ii-m1","289":"product_cat-2006-2012-nissan-nv250-n1","290":"product_cat-2006-2012-ford-focus","291":"product_cat-2006-2012-volvo-s40","292":"product_cat-2006-2012-peugeot-rifter-m1","293":"product_cat-2006-2012-ford-transit-tourneo-connect-n1","294":"product_cat-2006-2012-citroen-ds-berlingo-n1","295":"product_cat-2006-2012-renault-kangoo-ii-n1","296":"product_cat-2006-2012-opel-combo-m1","297":"product_cat-2006-2012-ford-kuga","298":"product_cat-2006-2012-volvo-v40","299":"product_cat-2006-2012-renault-espace","300":"product_cat-2006-2012-mercedes-citan-m1-5-fori","301":"product_cat-2006-2012-fiat-doblo-m1","302":"product_cat-2006-2012-toyota-proace-city-n1","303":"product_cat-2006-2012-opel-combo-n1","304":"product_cat-2006-2012-ford-tourneo-courier-m1","305":"product_cat-2006-2012-volvo-v50","306":"product_cat-2006-2012-renault-kangoo-express-m1","307":"product_cat-2006-2012-mercedes-citan-n1-5-fori","308":"product_cat-2006-2012-fiat-doblo-n1","309":"product_cat-2006-2012-toyota-proace-city-verso-m1","310":"product_cat-2006-2012-peugeot-308","311":"product_cat-2006-2012-ford-transit-courier-n1","312":"product_cat-2006-2012-renault-kangoo-express-n1","313":"product_cat-2006-2012-nissan-nv250-m1","314":"product_cat-2006-2012-ford-c-max","315":"product_cat-2006-2012-volvo-c30","316":"product_cat-2008-2020-renault-kangoo-ii-m1","317":"product_cat-2008-2020-volvo-s40","318":"product_cat-2008-2020-ford-transit-tourneo-connect-n1","319":"product_cat-2008-2020-citroen-ds-berlingo-n1","320":"product_cat-2008-2020-renault-kangoo-express-m1","321":"product_cat-2008-2020-peugeot-rifter-m1","322":"product_cat-2008-2020-ford-kuga","323":"product_cat-2008-2020-volvo-v40","324":"product_cat-2008-2020-nissan-nv250-n1","325":"product_cat-2008-2020-opel-combo-m1","326":"product_cat-2008-2020-fiat-doblo-m1","327":"product_cat-2008-2020-toyota-proace-city-n1","328":"product_cat-2008-2020-mercedes-citan-n1-5-fori","329":"product_cat-2008-2020-ford-tourneo-courier-m1","330":"product_cat-2008-2020-renault-kangoo-ii-n1","331":"product_cat-2008-2020-volvo-v50","332":"product_cat-2008-2020-opel-combo-n1","333":"product_cat-2008-2020-fiat-doblo-n1","334":"product_cat-2008-2020-renault-kangoo-express-n1","335":"product_cat-2008-2020-toyota-proace-city-verso-m1","336":"product_cat-2008-2020-ford-transit-courier-n1","337":"product_cat-2008-2020-renault-espace","338":"product_cat-2008-2020-peugeot-308","339":"product_cat-2008-2020-ford-c-max","340":"product_cat-2008-2020-volvo-c30","341":"product_cat-2008-2020-nissan-nv250-m1","342":"product_cat-2008-2020-ford-transit-tourneo-connect-m1","343":"product_cat-2008-2020-citroen-ds-berlingo-m1","344":"product_cat-2008-2020-peugeot-rifter-partner-n1","345":"product_cat-2008-2020","346":"product_cat-2008-2020-ford-focus","347":"product_cat-2011-2017-renault-kangoo-ii-m1","348":"product_cat-2011-2017-opel-combo-m1","349":"product_cat-2011-2017-fiat-doblo-m1","350":"product_cat-2011-2017-peugeot-rifter-m1","351":"product_cat-2011-2017-mercedes-citan-m1-5-fori","352":"product_cat-2011-2017-volvo-v50","353":"product_cat-2011-2017-renault-kangoo-ii-n1","354":"product_cat-2011-2017-opel-combo-n1","355":"product_cat-2011-2017-ford-transit-courier-n1","356":"product_cat-2011-2017-volvo-s40","357":"product_cat-2011-2017-fiat-doblo-n1","358":"product_cat-2011-2017-renault-espace","359":"product_cat-2011-2017-mercedes-citan-n1-5-fori","360":"product_cat-2011-2017-ford-kuga","361":"product_cat-2011-2017-toyota-proace-city-n1","362":"product_cat-2011-2017-peugeot-308","363":"product_cat-2011-2017-ford-c-max","364":"product_cat-2011-2017-renault-kangoo-express-m1","365":"product_cat-2011-2017-nissan-nv250-m1","366":"product_cat-2011-2017-toyota-proace-city-verso-m1","367":"product_cat-2011-2017","368":"product_cat-2011-2017-ford-transit-tourneo-connect-m1","369":"product_cat-2011-2017-volvo-v40","370":"product_cat-2011-2017-renault-kangoo-express-n1","371":"product_cat-2011-2017-nissan-nv250-n1","372":"product_cat-2011-2017-ford-tourneo-courier-m1","373":"product_cat-2011-2017-volvo-c30","374":"product_cat-2011-2017-citroen-ds-berlingo-n1","375":"product_cat-2011-2017-peugeot-rifter-partner-n1","376":"product_cat-2011-2017-ford-transit-tourneo-connect-n1","377":"product_cat-2011-2017-ford-focus","378":"product_cat-2013-2017-toyota-verso-s","379":"product_cat-2013-2017-toyota-prius-iv-plugin-hybrid","380":"product_cat-2014-2019-rover-75","381":"product_cat-2014-2019-subaru-forester","382":"product_cat-2014-2019-subaru-trezia","383":"product_cat-2014-2019-subaru-outback-legacy","384":"product_cat-citroen-ds-berlingo-m1","385":"product_cat-citroen-ds-berlingo-n1","386":"product_cat-fiat-doblo-m1","387":"product_cat-fiat-doblo-n1","388":"product_cat-ford-c-max","389":"product_cat-ford-focus","390":"product_cat-ford-kuga","391":"product_cat-ford-tourneo-courier-m1","392":"product_cat-ford-transit-courier-n1","393":"product_cat-ford-transit-tourneo-connect-m1","394":"product_cat-ford-transit-tourneo-connect-n1","395":"product_cat-jantes","396":"product_cat-mercedes-citan-m1-5-fori","397":"product_cat-mercedes-citan-n1-5-fori","398":"product_cat-nissan-nv250-m1","399":"product_cat-nissan-nv250-n1","400":"product_cat-opel-combo-m1","401":"product_cat-opel-combo-n1","402":"product_cat-peugeot-308","403":"product_cat-peugeot-rifter-partner-n1","404":"product_cat-peugeot-rifter-m1","405":"product_cat-renault-espace","406":"product_cat-renault-kangoo-express-m1","407":"product_cat-renault-kangoo-express-n1","408":"product_cat-renault-kangoo-ii-m1","409":"product_cat-renault-kangoo-ii-n1","410":"product_cat-toyota-proace-city-n1","411":"product_cat-toyota-proace-city-verso-m1","412":"product_cat-volvo-c30","413":"product_cat-volvo-s40","414":"product_cat-volvo-v40","415":"product_cat-volvo-v50","417":"first","418":"instock","419":"purchasable","420":"product-type-simple"},"acf":[],"_links":{"self":[{"href":"https:\/\/altaroda.es\/fr\/wp-json\/wp\/v2\/product\/5127","targetHints":{"allow":["GET"]}}],"collection":[{"href":"https:\/\/altaroda.es\/fr\/wp-json\/wp\/v2\/product"}],"about":[{"href":"https:\/\/altaroda.es\/fr\/wp-json\/wp\/v2\/types\/product"}],"replies":[{"embeddable":true,"href":"https:\/\/altaroda.es\/fr\/wp-json\/wp\/v2\/comments?post=5127"}],"version-history":[{"count":1,"href":"https:\/\/altaroda.es\/fr\/wp-json\/wp\/v2\/product\/5127\/revisions"}],"predecessor-version":[{"id":5128,"href":"https:\/\/altaroda.es\/fr\/wp-json\/wp\/v2\/product\/5127\/revisions\/5128"}],"wp:featuredmedia":[{"embeddable":true,"href":"https:\/\/altaroda.es\/fr\/wp-json\/wp\/v2\/media\/5129"}],"wp:attachment":[{"href":"https:\/\/altaroda.es\/fr\/wp-json\/wp\/v2\/media?parent=5127"}],"wp:term":[{"taxonomy":"product_brand","embeddable":true,"href":"https:\/\/altaroda.es\/fr\/wp-json\/wp\/v2\/product_brand?post=5127"},{"taxonomy":"product_cat","embeddable":true,"href":"https:\/\/altaroda.es\/fr\/wp-json\/wp\/v2\/product_cat?post=5127"},{"taxonomy":"product_tag","embeddable":true,"href":"https:\/\/altaroda.es\/fr\/wp-json\/wp\/v2\/product_tag?post=5127"}],"curies":[{"name":"wp","href":"https:\/\/api.w.org\/{rel}","templated":true}]}}