{"id":5124,"date":"2025-06-08T13:39:18","date_gmt":"2025-06-08T13:39:18","guid":{"rendered":"https:\/\/altaroda.es\/product\/epica-17-black-mirror-9\/"},"modified":"2025-06-08T13:39:19","modified_gmt":"2025-06-08T13:39:19","slug":"epica-17-black-mirror-9","status":"publish","type":"product","link":"https:\/\/altaroda.es\/fr\/product\/epica-17-black-mirror-9\/","title":{"rendered":"EPICA 17 BLACK MIRROR"},"content":{"rendered":"<p>7J17 EPICA\/EG1X ET32 4X108 65,1 BLMPARA RODAS HOMOLOGADAS VERIFIQUE OS DOCUMENTOS NADNotas:<br \/>\n                     &#8211; Pre\u00e7o unit\u00e1rio;<br \/>\n                     &#8211; IVA \u00e0 taxa em vigor inclu\u00eddo no pre\u00e7o;<br \/>\n                     &#8211; Limitado ao stock existente;<br \/>\n                     &#8211; Disponibilidade e pre\u00e7o carece de re-confirma\u00e7\u00e3o.<\/p>","protected":false},"excerpt":{"rendered":"<p>7J17 EPICA\/EG1X ET32 4X108 65,1 BLMPARA RODAS HOMOLOGADAS VERIFIQUE OS DOCUMENTOS NADNotas:<br \/>\n                     &#8211; Pre\u00e7o unit\u00e1rio;<br \/>\n                     &#8211; IVA \u00e0 taxa em vigor inclu\u00eddo no pre\u00e7o;<br \/>\n                     &#8211; Limitado ao stock existente;<br \/>\n                     &#8211; Disponibilidade e pre\u00e7o carece de re-confirma\u00e7\u00e3o.<\/p>","protected":false},"featured_media":5126,"comment_status":"closed","ping_status":"open","template":"","meta":{"_acf_changed":false},"product_brand":[],"product_cat":[5595,5602,5593,5600,5591,5598,5589,5596,5594,5601,5592,5599,5590,5597,5604,5611,5609,5616,5607,5614,5605,5612,5603,5610,5608,5615,5606,5613,5620,3195,5619,3192,3189,926,3194,3191,3188,5622,3196,3193,3190,5621,3204,3201,5625,3198,5623,3206,3203,3200,3197,5626,5624,3205,3202,3199,2020,2019,2023,2021,2515,2516,2517,5585,2518,635,2519,925,2520,2521,2522,3187,5586,5587,5588],"product_tag":[],"class_list":{"0":"post-5124","1":"product","2":"type-product","3":"status-publish","4":"has-post-thumbnail","6":"product_cat-05-2009-2016-opel-corsa-f","7":"product_cat-05-2009-2016-peugeot-308-cc","8":"product_cat-05-2009-2016-fiat-600","9":"product_cat-05-2009-2016-peugeot-3008","10":"product_cat-05-2009-2016-citroen-ds-ds3-crossback","11":"product_cat-05-2009-2016-peugeot-2008-gt-line","12":"product_cat-05-2009-2016","13":"product_cat-05-2009-2016-opel-mokka-e-mokka","14":"product_cat-05-2009-2016-jeep-avenger","15":"product_cat-05-2009-2016-peugeot-308","16":"product_cat-05-2009-2016-citroen-ds-ds4","17":"product_cat-05-2009-2016-peugeot-208","18":"product_cat-05-2009-2016-citroen-ds-c4-x","19":"product_cat-05-2009-2016-peugeot-2008","20":"product_cat-11-2007-2012-citroen-ds-c4-x","21":"product_cat-11-2007-2012-peugeot-2008","22":"product_cat-11-2007-2012-opel-corsa-f","23":"product_cat-11-2007-2012-peugeot-308-cc","24":"product_cat-11-2007-2012-fiat-600","25":"product_cat-11-2007-2012-peugeot-3008","26":"product_cat-11-2007-2012-citroen-ds-ds3-crossback","27":"product_cat-11-2007-2012-peugeot-2008-gt-line","28":"product_cat-11-2007-2012","29":"product_cat-11-2007-2012-opel-mokka-e-mokka","30":"product_cat-11-2007-2012-jeep-avenger","31":"product_cat-11-2007-2012-peugeot-308","32":"product_cat-11-2007-2012-citroen-ds-ds4","33":"product_cat-11-2007-2012-peugeot-208","34":"product_cat-11-2019-peugeot-3008","35":"product_cat-11-2019-peugeot-2008-gt-line","36":"product_cat-11-2019-citroen-ds-ds4","37":"product_cat-11-2019-jeep-avenger","38":"product_cat-11-2019-citroen-ds-c4-x","39":"product_cat-11-2019","40":"product_cat-11-2019-peugeot-2008","41":"product_cat-11-2019-fiat-600","42":"product_cat-11-2019-citroen-ds-c4","43":"product_cat-11-2019-peugeot-308-cc","44":"product_cat-11-2019-peugeot-208","45":"product_cat-11-2019-opel-mokka-e-mokka","46":"product_cat-11-2019-citroen-ds-ds3-crossback","47":"product_cat-11-2019-peugeot-308","48":"product_cat-12-2010-2020-peugeot-2008","49":"product_cat-12-2010-2020-jeep-avenger","50":"product_cat-12-2010-2020-peugeot-308","51":"product_cat-12-2010-2020-citroen-ds-c4-x","52":"product_cat-12-2010-2020-citroen-ds-ds4","53":"product_cat-12-2010-2020-peugeot-208","54":"product_cat-12-2010-2020-opel-mokka-e-mokka","55":"product_cat-12-2010-2020-fiat-600","56":"product_cat-12-2010-2020","57":"product_cat-12-2010-2020-peugeot-308-cc","58":"product_cat-12-2010-2020-peugeot-3008","59":"product_cat-12-2010-2020-peugeot-2008-gt-line","60":"product_cat-12-2010-2020-opel-corsa-f","61":"product_cat-12-2010-2020-citroen-ds-ds3-crossback","62":"product_cat-2014-2019-subaru-forester","63":"product_cat-2014-2019-subaru-brz","64":"product_cat-2014-2019-subaru-outback-legacy","65":"product_cat-2014-2019-subaru-impreza","66":"product_cat-citroen-ds-c4","67":"product_cat-citroen-ds-c4-x","68":"product_cat-citroen-ds-ds3-crossback","69":"product_cat-citroen-ds-ds4","70":"product_cat-fiat-600","71":"product_cat-jantes","72":"product_cat-jeep-avenger","73":"product_cat-opel-corsa-f","74":"product_cat-opel-mokka-e-mokka","75":"product_cat-peugeot-2008","76":"product_cat-peugeot-2008-gt-line","77":"product_cat-peugeot-208","78":"product_cat-peugeot-3008","79":"product_cat-peugeot-308","80":"product_cat-peugeot-308-cc","82":"first","83":"instock","84":"purchasable","85":"product-type-simple"},"acf":[],"_links":{"self":[{"href":"https:\/\/altaroda.es\/fr\/wp-json\/wp\/v2\/product\/5124","targetHints":{"allow":["GET"]}}],"collection":[{"href":"https:\/\/altaroda.es\/fr\/wp-json\/wp\/v2\/product"}],"about":[{"href":"https:\/\/altaroda.es\/fr\/wp-json\/wp\/v2\/types\/product"}],"replies":[{"embeddable":true,"href":"https:\/\/altaroda.es\/fr\/wp-json\/wp\/v2\/comments?post=5124"}],"version-history":[{"count":1,"href":"https:\/\/altaroda.es\/fr\/wp-json\/wp\/v2\/product\/5124\/revisions"}],"predecessor-version":[{"id":5125,"href":"https:\/\/altaroda.es\/fr\/wp-json\/wp\/v2\/product\/5124\/revisions\/5125"}],"wp:featuredmedia":[{"embeddable":true,"href":"https:\/\/altaroda.es\/fr\/wp-json\/wp\/v2\/media\/5126"}],"wp:attachment":[{"href":"https:\/\/altaroda.es\/fr\/wp-json\/wp\/v2\/media?parent=5124"}],"wp:term":[{"taxonomy":"product_brand","embeddable":true,"href":"https:\/\/altaroda.es\/fr\/wp-json\/wp\/v2\/product_brand?post=5124"},{"taxonomy":"product_cat","embeddable":true,"href":"https:\/\/altaroda.es\/fr\/wp-json\/wp\/v2\/product_cat?post=5124"},{"taxonomy":"product_tag","embeddable":true,"href":"https:\/\/altaroda.es\/fr\/wp-json\/wp\/v2\/product_tag?post=5124"}],"curies":[{"name":"wp","href":"https:\/\/api.w.org\/{rel}","templated":true}]}}