{"id":5099,"date":"2025-06-08T13:39:02","date_gmt":"2025-06-08T13:39:02","guid":{"rendered":"https:\/\/altaroda.es\/product\/peak-20-matt-black\/"},"modified":"2025-06-08T13:39:07","modified_gmt":"2025-06-08T13:39:07","slug":"peak-20-matt-black","status":"publish","type":"product","link":"https:\/\/altaroda.es\/fr\/product\/peak-20-matt-black\/","title":{"rendered":"PEAK 20 MATT BLACK"},"content":{"rendered":"<p>9J20 PEAK\/VJ2Y ET40 6X139,7 93,1 MBRODAS SA\u00cdDAS DOS P\u00c1RA-LAMASPARA RODAS HOMOLOGADAS VERIFIQUE OS DOCUMENTOS TUVCertifica\u00e7\u00f5es: PX9020 VJ2Y-93,1-A07Notas:<br \/>\n                     &#8211; Pre\u00e7o unit\u00e1rio;<br \/>\n                     &#8211; IVA \u00e0 taxa em vigor inclu\u00eddo no pre\u00e7o;<br \/>\n                     &#8211; Limitado ao stock existente;<br \/>\n                     &#8211; Disponibilidade e pre\u00e7o carece de re-confirma\u00e7\u00e3o.<\/p>","protected":false},"excerpt":{"rendered":"<p>9J20 PEAK\/VJ2Y ET40 6X139,7 93,1 MBRODAS SA\u00cdDAS DOS P\u00c1RA-LAMASPARA RODAS HOMOLOGADAS VERIFIQUE OS DOCUMENTOS TUVCertifica\u00e7\u00f5es: PX9020 VJ2Y-93,1-A07Notas:<br \/>\n                     &#8211; Pre\u00e7o unit\u00e1rio;<br \/>\n                     &#8211; IVA \u00e0 taxa em vigor inclu\u00eddo no pre\u00e7o;<br \/>\n                     &#8211; Limitado ao stock existente;<br \/>\n                     &#8211; Disponibilidade e pre\u00e7o carece de re-confirma\u00e7\u00e3o.<\/p>","protected":false},"featured_media":5101,"comment_status":"closed","ping_status":"open","template":"","meta":{"_acf_changed":false},"product_brand":[],"product_cat":[5088,5093,5089,5094,5090,5091,5092,2022,2023,5097,5098,5095,5096,5085,5086,5087,635,3489],"product_tag":[],"class_list":{"0":"post-5099","1":"product","2":"type-product","3":"status-publish","4":"has-post-thumbnail","6":"product_cat-06-2012-2021","7":"product_cat-06-2012-2021-ford-ranger-n1-2","8":"product_cat-06-2012-2021-ford-ranger-n1","9":"product_cat-06-2012-2021-ford-ranger-raptor-n1-2","10":"product_cat-06-2012-2021-ford-ranger-raptor-n1","11":"product_cat-06-2012-2021-volkswagen-amarok-n1","12":"product_cat-06-2012-2021-ford-ranger-m1","13":"product_cat-2014-2019-subaru-legacy","14":"product_cat-2014-2019-subaru-outback-legacy","15":"product_cat-2020-2021-ford-ranger-raptor-n1","16":"product_cat-2020-2021-volkswagen-amarok-n1","17":"product_cat-2020-2021","18":"product_cat-2020-2021-ford-ranger-n1","19":"product_cat-ford-ranger-m1","20":"product_cat-ford-ranger-n1","21":"product_cat-ford-ranger-raptor-n1","22":"product_cat-jantes","23":"product_cat-volkswagen-amarok-n1","25":"first","26":"instock","27":"purchasable","28":"product-type-simple"},"acf":[],"_links":{"self":[{"href":"https:\/\/altaroda.es\/fr\/wp-json\/wp\/v2\/product\/5099","targetHints":{"allow":["GET"]}}],"collection":[{"href":"https:\/\/altaroda.es\/fr\/wp-json\/wp\/v2\/product"}],"about":[{"href":"https:\/\/altaroda.es\/fr\/wp-json\/wp\/v2\/types\/product"}],"replies":[{"embeddable":true,"href":"https:\/\/altaroda.es\/fr\/wp-json\/wp\/v2\/comments?post=5099"}],"version-history":[{"count":1,"href":"https:\/\/altaroda.es\/fr\/wp-json\/wp\/v2\/product\/5099\/revisions"}],"predecessor-version":[{"id":5100,"href":"https:\/\/altaroda.es\/fr\/wp-json\/wp\/v2\/product\/5099\/revisions\/5100"}],"wp:featuredmedia":[{"embeddable":true,"href":"https:\/\/altaroda.es\/fr\/wp-json\/wp\/v2\/media\/5101"}],"wp:attachment":[{"href":"https:\/\/altaroda.es\/fr\/wp-json\/wp\/v2\/media?parent=5099"}],"wp:term":[{"taxonomy":"product_brand","embeddable":true,"href":"https:\/\/altaroda.es\/fr\/wp-json\/wp\/v2\/product_brand?post=5099"},{"taxonomy":"product_cat","embeddable":true,"href":"https:\/\/altaroda.es\/fr\/wp-json\/wp\/v2\/product_cat?post=5099"},{"taxonomy":"product_tag","embeddable":true,"href":"https:\/\/altaroda.es\/fr\/wp-json\/wp\/v2\/product_tag?post=5099"}],"curies":[{"name":"wp","href":"https:\/\/api.w.org\/{rel}","templated":true}]}}