{"id":5087,"date":"2025-06-08T13:38:49","date_gmt":"2025-06-08T13:38:49","guid":{"rendered":"https:\/\/altaroda.es\/product\/koenig-d-19-gloss-black-3\/"},"modified":"2025-06-08T13:38:56","modified_gmt":"2025-06-08T13:38:56","slug":"koenig-d-19-gloss-black-3","status":"publish","type":"product","link":"https:\/\/altaroda.es\/fr\/product\/koenig-d-19-gloss-black-3\/","title":{"rendered":"KOENIG-D 19 GLOSS BLACK"},"content":{"rendered":"<p>9,5J19 KON-D\/WS2X E39 5X112 66,6 GBTR\u00c1S &#8211; O.E. (BMW) Compat\u00edvel com tampa central Pe\u00e7a Nr.. 36136850834Notas:<br \/>\n                     &#8211; Pre\u00e7o unit\u00e1rio;<br \/>\n                     &#8211; IVA \u00e0 taxa em vigor inclu\u00eddo no pre\u00e7o;<br \/>\n                     &#8211; Limitado ao stock existente;<br \/>\n                     &#8211; Disponibilidade e pre\u00e7o carece de re-confirma\u00e7\u00e3o.<\/p>","protected":false},"excerpt":{"rendered":"<p>9,5J19 KON-D\/WS2X E39 5X112 66,6 GBTR\u00c1S &#8211; O.E. (BMW) Compat\u00edvel com tampa central Pe\u00e7a Nr.. 36136850834Notas:<br \/>\n                     &#8211; Pre\u00e7o unit\u00e1rio;<br \/>\n                     &#8211; IVA \u00e0 taxa em vigor inclu\u00eddo no pre\u00e7o;<br \/>\n                     &#8211; Limitado ao stock existente;<br \/>\n                     &#8211; Disponibilidade e pre\u00e7o carece de re-confirma\u00e7\u00e3o.<\/p>","protected":false},"featured_media":5089,"comment_status":"closed","ping_status":"open","template":"","meta":{"_acf_changed":false},"product_brand":[],"product_cat":[4730,4726,4733,4588,4727,4738,4577,4567,4728,4579,4566,4587,4581,4734,4723,4568,4729,4583,4586,4735,4576,4731,4575,4574,4578,4736,4573,4580,4572,4571,4722,4570,4582,4585,4724,4569,4732,4584,4737,4725,4744,4777,4755,4800,4791,4745,4782,4756,4773,4741,4796,4787,4746,4766,4757,4778,4801,4770,4792,4747,4767,4783,4758,4774,4797,4748,4768,4739,4788,4759,4779,4802,4749,4740,4793,4760,4784,4765,4750,4775,4798,4761,4789,4751,4780,4762,4771,4794,4785,4752,4763,4776,4742,4799,4769,4790,4753,4764,4781,4743,4772,4795,4754,4786,4805,4831,4828,4825,4833,4822,4819,4816,4813,4810,4807,4804,4830,4827,4824,4821,4818,4815,4834,4812,4809,4806,4803,4832,4829,4826,4823,4820,4817,4814,4811,4808,2020,2023,2018,2019,2024,2021,2022,4611,4625,4835,4630,4627,4612,4836,4629,4614,4837,4616,4838,4618,4843,4620,4609,4839,4622,4624,4840,4626,4841,4628,4613,4842,4615,4617,4619,4621,4631,4610,4623,933,934,932,949,948,947,953,952,954,1107,1004,1011,4546,4547,927,4714,1105,4548,4549,4550,4551,4552,4553,4554,4555,4556,4557,4558,4559,4560,4561,4562,4715,4716,4717,4718,4719,4720,4721,928,929,4563,4564,635,4565],"product_tag":[],"class_list":{"0":"post-5087","1":"product","2":"type-product","3":"status-publish","4":"has-post-thumbnail","6":"product_cat-06-2020-bmw-serie-8","7":"product_cat-06-2020-bmw-serie-7-730-740-m-performance","8":"product_cat-06-2020-bmw-serie-7-730-740-2","9":"product_cat-06-2020-toyota-supra","10":"product_cat-06-2020-bmw-serie-7-750","11":"product_cat-06-2020-bmw-serie-8-2","12":"product_cat-06-2020-bmw-serie-5-m-performance","13":"product_cat-06-2020-bmw-i5","14":"product_cat-06-2020-bmw-serie-7-750-m-performance","15":"product_cat-06-2020-bmw-serie-5-touring","16":"product_cat-06-2020","17":"product_cat-06-2020-bmw-z4-m-performance","18":"product_cat-06-2020-bmw-serie-5-x-drive-m-performance","19":"product_cat-06-2020-bmw-serie-7-730-740-m-performance-2","20":"product_cat-06-2020-bmw-serie-2-coupe-m240i","21":"product_cat-06-2020-bmw-ix3","22":"product_cat-06-2020-bmw-serie-7-m760","23":"product_cat-06-2020-bmw-serie-5-x-drive-touring-m-performance","24":"product_cat-06-2020-bmw-z4","25":"product_cat-06-2020-bmw-serie-7-750-2","26":"product_cat-06-2020-bmw-serie-5","27":"product_cat-06-2020-bmw-serie-2-coupe-2","28":"product_cat-06-2020-bmw-serie-4-gran-coupe","29":"product_cat-06-2020-bmw-serie-4-coupe","30":"product_cat-06-2020-bmw-serie-5-m-performance-touring","31":"product_cat-06-2020-bmw-serie-7-750-m-performance-2","32":"product_cat-06-2020-bmw-serie-4-cabrio","33":"product_cat-06-2020-bmw-serie-5-x-drive","34":"product_cat-06-2020-bmw-serie-3-x-drive-touring","35":"product_cat-06-2020-bmw-serie-3-x-drive","36":"product_cat-06-2020-bmw-serie-2-coupe","37":"product_cat-06-2020-bmw-serie-3-touring","38":"product_cat-06-2020-bmw-serie-5-x-drive-touring","39":"product_cat-06-2020-bmw-x4","40":"product_cat-06-2020-bmw-serie-6-gran-turismo-gt","41":"product_cat-06-2020-bmw-serie-3","42":"product_cat-06-2020-bmw-serie-6-gran-turismo-gt-2","43":"product_cat-06-2020-bmw-x3","44":"product_cat-06-2020-bmw-serie-7-m760-2","45":"product_cat-06-2020-bmw-serie-7-730-740","46":"product_cat-10-2015-2022-bmw-serie-3","47":"product_cat-10-2015-2022-bmw-serie-7-m760-2","48":"product_cat-10-2015-2022-bmw-serie-5-x-drive","49":"product_cat-10-2015-2022-bmw-serie-7-750-m-performance-5","50":"product_cat-10-2015-2022-bmw-serie-7-750-4","51":"product_cat-10-2015-2022-bmw-serie-3-touring","52":"product_cat-10-2015-2022-bmw-serie-7-730-740-m-performance-3","53":"product_cat-10-2015-2022-bmw-serie-5-x-drive-m-performance","54":"product_cat-10-2015-2022-bmw-serie-7-730-740-2","55":"product_cat-10-2015-2022-bmw-ix3","56":"product_cat-10-2015-2022-bmw-serie-6-gran-turismo-gt-5","57":"product_cat-10-2015-2022-bmw-serie-2-coupe-4","58":"product_cat-10-2015-2022-bmw-serie-3-x-drive","59":"product_cat-10-2015-2022-bmw-x3","60":"product_cat-10-2015-2022-bmw-serie-5-x-drive-touring","61":"product_cat-10-2015-2022-bmw-serie-8-2","62":"product_cat-10-2015-2022-bmw-serie-7-m760-5","63":"product_cat-10-2015-2022-toyota-supra","64":"product_cat-10-2015-2022-bmw-serie-7-750-m-performance-4","65":"product_cat-10-2015-2022-bmw-serie-3-x-drive-touring","66":"product_cat-10-2015-2022-bmw-x4","67":"product_cat-10-2015-2022-bmw-serie-7-750-3","68":"product_cat-10-2015-2022-bmw-serie-5-x-drive-touring-m-performance","69":"product_cat-10-2015-2022-bmw-serie-7-730-740-m-performance-2","70":"product_cat-10-2015-2022-bmw-serie-7-730-740-5","71":"product_cat-10-2015-2022-bmw-serie-4-cabrio","72":"product_cat-10-2015-2022-bmw-z4","73":"product_cat-10-2015-2022","74":"product_cat-10-2015-2022-bmw-serie-6-gran-turismo-gt-4","75":"product_cat-10-2015-2022-bmw-serie-6-gran-turismo-gt","76":"product_cat-10-2015-2022-bmw-serie-2-coupe-3","77":"product_cat-10-2015-2022-bmw-serie-8-5","78":"product_cat-10-2015-2022-bmw-serie-4-coupe","79":"product_cat-10-2015-2022-bmw-i5","80":"product_cat-10-2015-2022-bmw-serie-7-m760-4","81":"product_cat-10-2015-2022-bmw-serie-7-730-740","82":"product_cat-10-2015-2022-bmw-serie-7-750-m-performance-3","83":"product_cat-10-2015-2022-bmw-serie-8","84":"product_cat-10-2015-2022-bmw-serie-4-gran-coupe","85":"product_cat-10-2015-2022-bmw-serie-7-750-2","86":"product_cat-10-2015-2022-bmw-serie-7-730-740-m-performance-5","87":"product_cat-10-2015-2022-bmw-serie-7-730-740-m-performance","88":"product_cat-10-2015-2022-bmw-serie-7-730-740-4","89":"product_cat-10-2015-2022-bmw-serie-5","90":"product_cat-10-2015-2022-bmw-serie-6-gran-turismo-gt-3","91":"product_cat-10-2015-2022-bmw-serie-7-750","92":"product_cat-10-2015-2022-bmw-serie-2-coupe-2","93":"product_cat-10-2015-2022-bmw-serie-8-4","94":"product_cat-10-2015-2022-bmw-serie-7-m760-3","95":"product_cat-10-2015-2022-bmw-serie-5-m-performance","96":"product_cat-10-2015-2022-bmw-serie-7-750-m-performance","97":"product_cat-10-2015-2022-bmw-serie-7-750-m-performance-2","98":"product_cat-10-2015-2022-bmw-serie-2-coupe","99":"product_cat-10-2015-2022-bmw-serie-7-750-5","100":"product_cat-10-2015-2022-bmw-z4-m-performance","101":"product_cat-10-2015-2022-bmw-serie-7-730-740-m-performance-4","102":"product_cat-10-2015-2022-bmw-serie-5-m-performance-touring","103":"product_cat-10-2015-2022-bmw-serie-7-m760","104":"product_cat-10-2015-2022-bmw-serie-7-730-740-3","105":"product_cat-10-2015-2022-bmw-serie-2-coupe-m240i","106":"product_cat-10-2015-2022-bmw-serie-6-gran-turismo-gt-2","107":"product_cat-10-2015-2022-bmw-serie-2-coupe-5","108":"product_cat-10-2015-2022-bmw-serie-5-touring","109":"product_cat-10-2015-2022-bmw-serie-8-3","110":"product_cat-10-2018-bmw-ix3","111":"product_cat-10-2018-bmw-x4","112":"product_cat-10-2018-bmw-serie-7-m760","113":"product_cat-10-2018-bmw-serie-7-730-740-m-performance","114":"product_cat-10-2018-bmw-z4-m-performance","115":"product_cat-10-2018-bmw-serie-5-x-drive-touring-m-performance","116":"product_cat-10-2018-bmw-serie-5-x-drive","117":"product_cat-10-2018-bmw-serie-5-m-performance","118":"product_cat-10-2018-bmw-serie-4-coupe","119":"product_cat-10-2018-bmw-serie-3-x-drive","120":"product_cat-10-2018-bmw-serie-2-coupe-m240i","121":"product_cat-10-2018-bmw-i5","122":"product_cat-10-2018-bmw-x3","123":"product_cat-10-2018-bmw-serie-7-750-m-performance","124":"product_cat-10-2018-bmw-serie-7-730-740","125":"product_cat-10-2018-bmw-serie-5-x-drive-touring","126":"product_cat-10-2018-bmw-serie-5-touring","127":"product_cat-10-2018-bmw-serie-5","128":"product_cat-10-2018-toyota-supra","129":"product_cat-10-2018-bmw-serie-4-cabrio","130":"product_cat-10-2018-bmw-serie-3-touring","131":"product_cat-10-2018-bmw-serie-2-coupe","132":"product_cat-10-2018","133":"product_cat-10-2018-bmw-z4","134":"product_cat-10-2018-bmw-serie-8","135":"product_cat-10-2018-bmw-serie-7-750","136":"product_cat-10-2018-bmw-serie-6-gran-turismo-gt","137":"product_cat-10-2018-bmw-serie-5-x-drive-m-performance","138":"product_cat-10-2018-bmw-serie-5-m-performance-touring","139":"product_cat-10-2018-bmw-serie-4-gran-coupe","140":"product_cat-10-2018-bmw-serie-3-x-drive-touring","141":"product_cat-10-2018-bmw-serie-3","142":"product_cat-2014-2019-subaru-forester","143":"product_cat-2014-2019-subaru-outback-legacy","144":"product_cat-2014-2019-rover-75","145":"product_cat-2014-2019-subaru-brz","146":"product_cat-2014-2019-subaru-trezia","147":"product_cat-2014-2019-subaru-impreza","148":"product_cat-2014-2019-subaru-legacy","149":"product_cat-2017-2022-bmw-ix3","150":"product_cat-2017-2022-bmw-serie-5-x-drive-touring","151":"product_cat-2017-2022-bmw-serie-2-coupe","152":"product_cat-2017-2022-bmw-z4-m-performance","153":"product_cat-2017-2022-bmw-x3","154":"product_cat-2017-2022-bmw-serie-3","155":"product_cat-2017-2022-bmw-serie-2-coupe-m240i","156":"product_cat-2017-2022-bmw-z4","157":"product_cat-2017-2022-bmw-serie-3-x-drive","158":"product_cat-2017-2022-bmw-serie-6-gran-turismo-gt","159":"product_cat-2017-2022-bmw-serie-4-cabrio","160":"product_cat-2017-2022-bmw-serie-7-730-740","161":"product_cat-2017-2022-bmw-serie-4-gran-coupe","162":"product_cat-2017-2022-bmw-serie-8","163":"product_cat-2017-2022-bmw-serie-5-m-performance","164":"product_cat-2017-2022-bmw-i4","165":"product_cat-2017-2022-bmw-serie-7-730-740-m-performance","166":"product_cat-2017-2022-bmw-serie-5-touring","167":"product_cat-2017-2022-bmw-serie-5-x-drive-m-performance","168":"product_cat-2017-2022-bmw-serie-7-750","169":"product_cat-2017-2022-bmw-serie-5-x-drive-touring-m-performance","170":"product_cat-2017-2022-bmw-serie-7-750-m-performance","171":"product_cat-2017-2022-bmw-x4","172":"product_cat-2017-2022-bmw-serie-3-touring","173":"product_cat-2017-2022-bmw-serie-7-m760","174":"product_cat-2017-2022-bmw-serie-3-x-drive-touring","175":"product_cat-2017-2022-bmw-serie-4-coupe","176":"product_cat-2017-2022-bmw-serie-5","177":"product_cat-2017-2022-bmw-serie-5-m-performance-touring","178":"product_cat-2017-2022-toyota-supra","179":"product_cat-2017-2022-bmw-i5","180":"product_cat-2017-2022-bmw-serie-5-x-drive","181":"product_cat-2018-bmw-x3","182":"product_cat-2018-bmw-x4","183":"product_cat-2018-bmw-ix3","184":"product_cat-2019-bmw-x4","185":"product_cat-2019-bmw-x3","186":"product_cat-947","187":"product_cat-2020-bmw-x3","188":"product_cat-2020-bmw-ix3","189":"product_cat-2020-bmw-x4","190":"product_cat-2021-bmw-serie-2-coupe-m240i","191":"product_cat-2022-bmw-x3","192":"product_cat-2024-bmw-x3","193":"product_cat-bmw-i4","194":"product_cat-bmw-i5","195":"product_cat-bmw-ix3","196":"product_cat-bmw-serie-2-coupe","197":"product_cat-bmw-serie-2-coupe-m240i","198":"product_cat-bmw-serie-3","199":"product_cat-bmw-serie-3-touring","200":"product_cat-bmw-serie-3-x-drive","201":"product_cat-bmw-serie-3-x-drive-touring","202":"product_cat-bmw-serie-4-cabrio","203":"product_cat-bmw-serie-4-coupe","204":"product_cat-bmw-serie-4-gran-coupe","205":"product_cat-bmw-serie-5","206":"product_cat-bmw-serie-5-m-performance","207":"product_cat-bmw-serie-5-m-performance-touring","208":"product_cat-bmw-serie-5-touring","209":"product_cat-bmw-serie-5-x-drive","210":"product_cat-bmw-serie-5-x-drive-m-performance","211":"product_cat-bmw-serie-5-x-drive-touring","212":"product_cat-bmw-serie-5-x-drive-touring-m-performance","213":"product_cat-bmw-serie-6-gran-turismo-gt","214":"product_cat-bmw-serie-7-730-740","215":"product_cat-bmw-serie-7-730-740-m-performance","216":"product_cat-bmw-serie-7-750","217":"product_cat-bmw-serie-7-750-m-performance","218":"product_cat-bmw-serie-7-m760","219":"product_cat-bmw-serie-8","220":"product_cat-bmw-x3","221":"product_cat-bmw-x4","222":"product_cat-bmw-z4","223":"product_cat-bmw-z4-m-performance","224":"product_cat-jantes","225":"product_cat-toyota-supra","227":"first","228":"instock","229":"purchasable","230":"product-type-simple"},"acf":[],"_links":{"self":[{"href":"https:\/\/altaroda.es\/fr\/wp-json\/wp\/v2\/product\/5087","targetHints":{"allow":["GET"]}}],"collection":[{"href":"https:\/\/altaroda.es\/fr\/wp-json\/wp\/v2\/product"}],"about":[{"href":"https:\/\/altaroda.es\/fr\/wp-json\/wp\/v2\/types\/product"}],"replies":[{"embeddable":true,"href":"https:\/\/altaroda.es\/fr\/wp-json\/wp\/v2\/comments?post=5087"}],"version-history":[{"count":1,"href":"https:\/\/altaroda.es\/fr\/wp-json\/wp\/v2\/product\/5087\/revisions"}],"predecessor-version":[{"id":5088,"href":"https:\/\/altaroda.es\/fr\/wp-json\/wp\/v2\/product\/5087\/revisions\/5088"}],"wp:featuredmedia":[{"embeddable":true,"href":"https:\/\/altaroda.es\/fr\/wp-json\/wp\/v2\/media\/5089"}],"wp:attachment":[{"href":"https:\/\/altaroda.es\/fr\/wp-json\/wp\/v2\/media?parent=5087"}],"wp:term":[{"taxonomy":"product_brand","embeddable":true,"href":"https:\/\/altaroda.es\/fr\/wp-json\/wp\/v2\/product_brand?post=5087"},{"taxonomy":"product_cat","embeddable":true,"href":"https:\/\/altaroda.es\/fr\/wp-json\/wp\/v2\/product_cat?post=5087"},{"taxonomy":"product_tag","embeddable":true,"href":"https:\/\/altaroda.es\/fr\/wp-json\/wp\/v2\/product_tag?post=5087"}],"curies":[{"name":"wp","href":"https:\/\/api.w.org\/{rel}","templated":true}]}}