{"id":5081,"date":"2025-06-08T13:38:49","date_gmt":"2025-06-08T13:38:49","guid":{"rendered":"https:\/\/altaroda.es\/product\/king5-18-ice-black\/"},"modified":"2025-06-08T13:38:53","modified_gmt":"2025-06-08T13:38:53","slug":"king5-18-ice-black","status":"publish","type":"product","link":"https:\/\/altaroda.es\/fr\/product\/king5-18-ice-black\/","title":{"rendered":"KING5 18 ICE BLACK"},"content":{"rendered":"<p>7,5J18 KING5\/N4 ET43 5X130 84,1 ICBPARA RODAS HOMOLOGADAS VERIFIQUE OS DOCUMENTOS TUV-NADCertifica\u00e7\u00f5es: 5K7580 N4-84,1-A06Notas:<br \/>\n                     &#8211; Pre\u00e7o unit\u00e1rio;<br \/>\n                     &#8211; IVA \u00e0 taxa em vigor inclu\u00eddo no pre\u00e7o;<br \/>\n                     &#8211; Limitado ao stock existente;<br \/>\n                     &#8211; Disponibilidade e pre\u00e7o carece de re-confirma\u00e7\u00e3o.<\/p>","protected":false},"excerpt":{"rendered":"<p>7,5J18 KING5\/N4 ET43 5X130 84,1 ICBPARA RODAS HOMOLOGADAS VERIFIQUE OS DOCUMENTOS TUV-NADCertifica\u00e7\u00f5es: 5K7580 N4-84,1-A06Notas:<br \/>\n                     &#8211; Pre\u00e7o unit\u00e1rio;<br \/>\n                     &#8211; IVA \u00e0 taxa em vigor inclu\u00eddo no pre\u00e7o;<br \/>\n                     &#8211; Limitado ao stock existente;<br \/>\n                     &#8211; Disponibilidade e pre\u00e7o carece de re-confirma\u00e7\u00e3o.<\/p>","protected":false},"featured_media":5083,"comment_status":"closed","ping_status":"open","template":"","meta":{"_acf_changed":false},"product_brand":[],"product_cat":[4523,4514,4519,4524,4515,4520,4511,4516,4521,4512,4517,4522,4513,4518,4532,4537,4528,4533,4538,4529,4534,4525,4530,4535,4526,4531,4536,4527,4542,4543,4539,4544,4540,4545,4541,2006,2007,2018,635,4504,4505,4506,4507,4508,4509,4510],"product_tag":[],"class_list":{"0":"post-5081","1":"product","2":"type-product","3":"status-publish","4":"has-post-thumbnail","6":"product_cat-07-2006-2017-ssangyong-rexton-ii-2","7":"product_cat-07-2006-2017-ssangyong-kyron","8":"product_cat-07-2006-2017-ssangyong-actyon-2","9":"product_cat-07-2006-2017-ssangyong-rexton-iii-rexton-iii-sports-xl-2","10":"product_cat-07-2006-2017-ssangyong-musso-n1","11":"product_cat-07-2006-2017-ssangyong-actyon-sports-2","12":"product_cat-07-2006-2017","13":"product_cat-07-2006-2017-ssangyong-rexton-ii","14":"product_cat-07-2006-2017-ssangyong-kyron-2","15":"product_cat-07-2006-2017-ssangyong-actyon","16":"product_cat-07-2006-2017-ssangyong-rexton-iii-rexton-iii-sports-xl","17":"product_cat-07-2006-2017-ssangyong-musso-n1-2","18":"product_cat-07-2006-2017-ssangyong-actyon-sports","19":"product_cat-07-2006-2017-mercedes-g-klasse","20":"product_cat-12-2006-mercedes-g-klasse","21":"product_cat-12-2006-ssangyong-rexton-ii-2","22":"product_cat-12-2006-ssangyong-kyron","23":"product_cat-12-2006-ssangyong-actyon-2","24":"product_cat-12-2006-ssangyong-rexton-iii-rexton-iii-sports-xl-2","25":"product_cat-12-2006-ssangyong-musso-n1","26":"product_cat-12-2006-ssangyong-actyon-sports-2","27":"product_cat-12-2006","28":"product_cat-12-2006-ssangyong-rexton-ii","29":"product_cat-12-2006-ssangyong-kyron-2","30":"product_cat-12-2006-ssangyong-actyon","31":"product_cat-12-2006-ssangyong-rexton-iii-rexton-iii-sports-xl","32":"product_cat-12-2006-ssangyong-musso-n1-2","33":"product_cat-12-2006-ssangyong-actyon-sports","34":"product_cat-1989-2017-ssangyong-kyron","35":"product_cat-1989-2017-ssangyong-musso-n1","36":"product_cat-1989-2017","37":"product_cat-1989-2017-ssangyong-rexton-ii","38":"product_cat-1989-2017-ssangyong-actyon","39":"product_cat-1989-2017-ssangyong-rexton-iii-rexton-iii-sports-xl","40":"product_cat-1989-2017-ssangyong-actyon-sports","41":"product_cat-2013-2017-toyota-verso-s","42":"product_cat-2013-2017-volkswagen-golf-iii-gti","43":"product_cat-2014-2019-rover-75","44":"product_cat-jantes","45":"product_cat-mercedes-g-klasse","46":"product_cat-ssangyong-actyon","47":"product_cat-ssangyong-actyon-sports","48":"product_cat-ssangyong-kyron","49":"product_cat-ssangyong-musso-n1","50":"product_cat-ssangyong-rexton-ii","51":"product_cat-ssangyong-rexton-iii-rexton-iii-sports-xl","53":"first","54":"instock","55":"purchasable","56":"product-type-simple"},"acf":[],"_links":{"self":[{"href":"https:\/\/altaroda.es\/fr\/wp-json\/wp\/v2\/product\/5081","targetHints":{"allow":["GET"]}}],"collection":[{"href":"https:\/\/altaroda.es\/fr\/wp-json\/wp\/v2\/product"}],"about":[{"href":"https:\/\/altaroda.es\/fr\/wp-json\/wp\/v2\/types\/product"}],"replies":[{"embeddable":true,"href":"https:\/\/altaroda.es\/fr\/wp-json\/wp\/v2\/comments?post=5081"}],"version-history":[{"count":1,"href":"https:\/\/altaroda.es\/fr\/wp-json\/wp\/v2\/product\/5081\/revisions"}],"predecessor-version":[{"id":5082,"href":"https:\/\/altaroda.es\/fr\/wp-json\/wp\/v2\/product\/5081\/revisions\/5082"}],"wp:featuredmedia":[{"embeddable":true,"href":"https:\/\/altaroda.es\/fr\/wp-json\/wp\/v2\/media\/5083"}],"wp:attachment":[{"href":"https:\/\/altaroda.es\/fr\/wp-json\/wp\/v2\/media?parent=5081"}],"wp:term":[{"taxonomy":"product_brand","embeddable":true,"href":"https:\/\/altaroda.es\/fr\/wp-json\/wp\/v2\/product_brand?post=5081"},{"taxonomy":"product_cat","embeddable":true,"href":"https:\/\/altaroda.es\/fr\/wp-json\/wp\/v2\/product_cat?post=5081"},{"taxonomy":"product_tag","embeddable":true,"href":"https:\/\/altaroda.es\/fr\/wp-json\/wp\/v2\/product_tag?post=5081"}],"curies":[{"name":"wp","href":"https:\/\/api.w.org\/{rel}","templated":true}]}}