{"id":5079,"date":"2025-06-08T13:38:49","date_gmt":"2025-06-08T13:38:49","guid":{"rendered":"https:\/\/altaroda.es\/product\/acciaio-16-silver-11\/"},"modified":"2025-06-08T13:38:53","modified_gmt":"2025-06-08T13:38:53","slug":"acciaio-16-silver-11","status":"publish","type":"product","link":"https:\/\/altaroda.es\/fr\/product\/acciaio-16-silver-11\/","title":{"rendered":"ACCIAIO 16 SILVER"},"content":{"rendered":"<p>5,5J16 ME616036\/JK2 111 6X205 161SIRODAS ADEQUADAS PARAGEMELLATO &#8211; PARA RODAS HOMOLOGADAS VERIFIQUE OS DOCUMENTOS ECENotas:<br \/>\n                     &#8211; Pre\u00e7o unit\u00e1rio;<br \/>\n                     &#8211; IVA \u00e0 taxa em vigor inclu\u00eddo no pre\u00e7o;<br \/>\n                     &#8211; Limitado ao stock existente;<br \/>\n                     &#8211; Disponibilidade e pre\u00e7o carece de re-confirma\u00e7\u00e3o.<\/p>","protected":false},"excerpt":{"rendered":"<p>5,5J16 ME616036\/JK2 111 6X205 161SIRODAS ADEQUADAS PARAGEMELLATO &#8211; PARA RODAS HOMOLOGADAS VERIFIQUE OS DOCUMENTOS ECENotas:<br \/>\n                     &#8211; Pre\u00e7o unit\u00e1rio;<br \/>\n                     &#8211; IVA \u00e0 taxa em vigor inclu\u00eddo no pre\u00e7o;<br \/>\n                     &#8211; Limitado ao stock existente;<br \/>\n                     &#8211; Disponibilidade e pre\u00e7o carece de re-confirma\u00e7\u00e3o.<\/p>","protected":false},"featured_media":0,"comment_status":"closed","ping_status":"open","template":"","meta":{"_acf_changed":false},"product_brand":[],"product_cat":[635],"product_tag":[],"class_list":{"0":"post-5079","1":"product","2":"type-product","3":"status-publish","5":"product_cat-jantes","7":"first","8":"instock","9":"purchasable","10":"product-type-simple"},"acf":[],"_links":{"self":[{"href":"https:\/\/altaroda.es\/fr\/wp-json\/wp\/v2\/product\/5079","targetHints":{"allow":["GET"]}}],"collection":[{"href":"https:\/\/altaroda.es\/fr\/wp-json\/wp\/v2\/product"}],"about":[{"href":"https:\/\/altaroda.es\/fr\/wp-json\/wp\/v2\/types\/product"}],"replies":[{"embeddable":true,"href":"https:\/\/altaroda.es\/fr\/wp-json\/wp\/v2\/comments?post=5079"}],"version-history":[{"count":1,"href":"https:\/\/altaroda.es\/fr\/wp-json\/wp\/v2\/product\/5079\/revisions"}],"predecessor-version":[{"id":5080,"href":"https:\/\/altaroda.es\/fr\/wp-json\/wp\/v2\/product\/5079\/revisions\/5080"}],"wp:attachment":[{"href":"https:\/\/altaroda.es\/fr\/wp-json\/wp\/v2\/media?parent=5079"}],"wp:term":[{"taxonomy":"product_brand","embeddable":true,"href":"https:\/\/altaroda.es\/fr\/wp-json\/wp\/v2\/product_brand?post=5079"},{"taxonomy":"product_cat","embeddable":true,"href":"https:\/\/altaroda.es\/fr\/wp-json\/wp\/v2\/product_cat?post=5079"},{"taxonomy":"product_tag","embeddable":true,"href":"https:\/\/altaroda.es\/fr\/wp-json\/wp\/v2\/product_tag?post=5079"}],"curies":[{"name":"wp","href":"https:\/\/api.w.org\/{rel}","templated":true}]}}