{"id":5061,"date":"2025-06-08T13:38:31","date_gmt":"2025-06-08T13:38:31","guid":{"rendered":"https:\/\/altaroda.es\/product\/overland-17-light-titan-4\/"},"modified":"2025-06-08T13:38:46","modified_gmt":"2025-06-08T13:38:46","slug":"overland-17-light-titan-4","status":"publish","type":"product","link":"https:\/\/altaroda.es\/fr\/product\/overland-17-light-titan-4\/","title":{"rendered":"OVERLAND 17 LIGHT TITAN"},"content":{"rendered":"<p>7J17 OVERL\/WS4X ET51 5X112 66,6 LITNotas:<br \/>\n                     &#8211; Pre\u00e7o unit\u00e1rio;<br \/>\n                     &#8211; IVA \u00e0 taxa em vigor inclu\u00eddo no pre\u00e7o;<br \/>\n                     &#8211; Limitado ao stock existente;<br \/>\n                     &#8211; Disponibilidade e pre\u00e7o carece de re-confirma\u00e7\u00e3o.<\/p>","protected":false},"excerpt":{"rendered":"<p>7J17 OVERL\/WS4X ET51 5X112 66,6 LITNotas:<br \/>\n                     &#8211; Pre\u00e7o unit\u00e1rio;<br \/>\n                     &#8211; IVA \u00e0 taxa em vigor inclu\u00eddo no pre\u00e7o;<br \/>\n                     &#8211; Limitado ao stock existente;<br \/>\n                     &#8211; Disponibilidade e pre\u00e7o carece de re-confirma\u00e7\u00e3o.<\/p>","protected":false},"featured_media":5063,"comment_status":"closed","ping_status":"open","template":"","meta":{"_acf_changed":false},"product_brand":[],"product_cat":[4386,4380,4378,4387,4376,4383,4388,4381,4384,4379,4389,4377,4385,4375,4390,4382,4393,4391,4398,4396,4394,4392,4397,4395,2021,2014,635,4370,4371,2551,4372,4373,4374,2552,2553],"product_tag":[],"class_list":{"0":"post-5061","1":"product","2":"type-product","3":"status-publish","4":"has-post-thumbnail","6":"product_cat-08-2003-2013-mercedes-viano-2","7":"product_cat-08-2003-2013-mercedes-vito-m1","8":"product_cat-08-2003-2013-mercedes-viano","9":"product_cat-08-2003-2013-mercedes-vito-2","10":"product_cat-08-2003-2013-mercedes-eqv-447-n1","11":"product_cat-08-2003-2013-mercedes-eqv-447-m1","12":"product_cat-08-2003-2013-mercedes-vito-m1-2","13":"product_cat-08-2003-2013-mercedes-vito-447-n1","14":"product_cat-08-2003-2013-mercedes-eqv-447-n1-2","15":"product_cat-08-2003-2013-mercedes-vito","16":"product_cat-08-2003-2013-mercedes-vito-447-n1-2","17":"product_cat-08-2003-2013-mercedes-v-klasse-447-viano-447","18":"product_cat-08-2003-2013-mercedes-v-klasse-447-viano-447-2","19":"product_cat-08-2003-2013","20":"product_cat-08-2003-2013-mercedes-vito-tourer-447-m1-2","21":"product_cat-08-2003-2013-mercedes-vito-tourer-447-m1","22":"product_cat-1996-07-2003-mercedes-v-klasse-447-viano-447","23":"product_cat-1996-07-2003-mercedes-eqv-447-m1","24":"product_cat-1996-07-2003-mercedes-vito-tourer-447-m1","25":"product_cat-1996-07-2003-mercedes-vito-m1","26":"product_cat-1996-07-2003-mercedes-viano","27":"product_cat-1996-07-2003-mercedes-eqv-447-n1","28":"product_cat-1996-07-2003-mercedes-vito-447-n1","29":"product_cat-1996-07-2003-mercedes-vito","30":"product_cat-2014-2019-subaru-impreza","31":"product_cat-2014-2019-audi-tt","32":"product_cat-jantes","33":"product_cat-mercedes-eqv-447-m1","34":"product_cat-mercedes-eqv-447-n1","35":"product_cat-mercedes-v-klasse-447-viano-447","36":"product_cat-mercedes-viano","37":"product_cat-mercedes-vito","38":"product_cat-mercedes-vito-m1","39":"product_cat-mercedes-vito-447-n1","40":"product_cat-mercedes-vito-tourer-447-m1","42":"first","43":"instock","44":"purchasable","45":"product-type-simple"},"acf":[],"_links":{"self":[{"href":"https:\/\/altaroda.es\/fr\/wp-json\/wp\/v2\/product\/5061","targetHints":{"allow":["GET"]}}],"collection":[{"href":"https:\/\/altaroda.es\/fr\/wp-json\/wp\/v2\/product"}],"about":[{"href":"https:\/\/altaroda.es\/fr\/wp-json\/wp\/v2\/types\/product"}],"replies":[{"embeddable":true,"href":"https:\/\/altaroda.es\/fr\/wp-json\/wp\/v2\/comments?post=5061"}],"version-history":[{"count":1,"href":"https:\/\/altaroda.es\/fr\/wp-json\/wp\/v2\/product\/5061\/revisions"}],"predecessor-version":[{"id":5062,"href":"https:\/\/altaroda.es\/fr\/wp-json\/wp\/v2\/product\/5061\/revisions\/5062"}],"wp:featuredmedia":[{"embeddable":true,"href":"https:\/\/altaroda.es\/fr\/wp-json\/wp\/v2\/media\/5063"}],"wp:attachment":[{"href":"https:\/\/altaroda.es\/fr\/wp-json\/wp\/v2\/media?parent=5061"}],"wp:term":[{"taxonomy":"product_brand","embeddable":true,"href":"https:\/\/altaroda.es\/fr\/wp-json\/wp\/v2\/product_brand?post=5061"},{"taxonomy":"product_cat","embeddable":true,"href":"https:\/\/altaroda.es\/fr\/wp-json\/wp\/v2\/product_cat?post=5061"},{"taxonomy":"product_tag","embeddable":true,"href":"https:\/\/altaroda.es\/fr\/wp-json\/wp\/v2\/product_tag?post=5061"}],"curies":[{"name":"wp","href":"https:\/\/api.w.org\/{rel}","templated":true}]}}