{"id":5043,"date":"2025-06-08T13:38:31","date_gmt":"2025-06-08T13:38:31","guid":{"rendered":"https:\/\/altaroda.es\/product\/epica-17-gloss-black\/"},"modified":"2025-06-08T13:38:32","modified_gmt":"2025-06-08T13:38:32","slug":"epica-17-gloss-black","status":"publish","type":"product","link":"https:\/\/altaroda.es\/fr\/product\/epica-17-gloss-black\/","title":{"rendered":"EPICA 17 GLOSS BLACK"},"content":{"rendered":"<p>6,5J17 EPIC\/VE3Y ET43 5X112 57,1 GBO.E. (AUDI) Compat\u00edvel com tampa central Pe\u00e7a Nr.. 8W0601170 &#8211; Pe\u00e7a Nr.. 8W0601170A &#8211; PARA RODAS HOMOLOGADAS VERIFIQUE OS DOCUMENTOS ECENotas:<br \/>\n                     &#8211; Pre\u00e7o unit\u00e1rio;<br \/>\n                     &#8211; IVA \u00e0 taxa em vigor inclu\u00eddo no pre\u00e7o;<br \/>\n                     &#8211; Limitado ao stock existente;<br \/>\n                     &#8211; Disponibilidade e pre\u00e7o carece de re-confirma\u00e7\u00e3o.<\/p>","protected":false},"excerpt":{"rendered":"<p>6,5J17 EPIC\/VE3Y ET43 5X112 57,1 GBO.E. (AUDI) Compat\u00edvel com tampa central Pe\u00e7a Nr.. 8W0601170 &#8211; Pe\u00e7a Nr.. 8W0601170A &#8211; PARA RODAS HOMOLOGADAS VERIFIQUE OS DOCUMENTOS ECENotas:<br \/>\n                     &#8211; Pre\u00e7o unit\u00e1rio;<br \/>\n                     &#8211; IVA \u00e0 taxa em vigor inclu\u00eddo no pre\u00e7o;<br \/>\n                     &#8211; Limitado ao stock existente;<br \/>\n                     &#8211; Disponibilidade e pre\u00e7o carece de re-confirma\u00e7\u00e3o.<\/p>","protected":false},"featured_media":5045,"comment_status":"closed","ping_status":"open","template":"","meta":{"_acf_changed":false},"product_brand":[],"product_cat":[3603,3606,3604,3605,2023,2020,3599,3600,3601,694,635],"product_tag":[],"class_list":{"0":"post-5043","1":"product","2":"type-product","3":"status-publish","4":"has-post-thumbnail","6":"product_cat-09-2012-2019-audi-a3-allstreet","7":"product_cat-09-2012-2019-audi-a3","8":"product_cat-09-2012-2019-audi-a3-sportback","9":"product_cat-09-2012-2019-audi-s3","10":"product_cat-2014-2019-subaru-outback-legacy","11":"product_cat-2014-2019-subaru-forester","12":"product_cat-audi-a3","13":"product_cat-audi-a3-allstreet","14":"product_cat-audi-a3-sportback","15":"product_cat-audi-s3","16":"product_cat-jantes","18":"first","19":"instock","20":"purchasable","21":"product-type-simple"},"acf":[],"_links":{"self":[{"href":"https:\/\/altaroda.es\/fr\/wp-json\/wp\/v2\/product\/5043","targetHints":{"allow":["GET"]}}],"collection":[{"href":"https:\/\/altaroda.es\/fr\/wp-json\/wp\/v2\/product"}],"about":[{"href":"https:\/\/altaroda.es\/fr\/wp-json\/wp\/v2\/types\/product"}],"replies":[{"embeddable":true,"href":"https:\/\/altaroda.es\/fr\/wp-json\/wp\/v2\/comments?post=5043"}],"version-history":[{"count":1,"href":"https:\/\/altaroda.es\/fr\/wp-json\/wp\/v2\/product\/5043\/revisions"}],"predecessor-version":[{"id":5044,"href":"https:\/\/altaroda.es\/fr\/wp-json\/wp\/v2\/product\/5043\/revisions\/5044"}],"wp:featuredmedia":[{"embeddable":true,"href":"https:\/\/altaroda.es\/fr\/wp-json\/wp\/v2\/media\/5045"}],"wp:attachment":[{"href":"https:\/\/altaroda.es\/fr\/wp-json\/wp\/v2\/media?parent=5043"}],"wp:term":[{"taxonomy":"product_brand","embeddable":true,"href":"https:\/\/altaroda.es\/fr\/wp-json\/wp\/v2\/product_brand?post=5043"},{"taxonomy":"product_cat","embeddable":true,"href":"https:\/\/altaroda.es\/fr\/wp-json\/wp\/v2\/product_cat?post=5043"},{"taxonomy":"product_tag","embeddable":true,"href":"https:\/\/altaroda.es\/fr\/wp-json\/wp\/v2\/product_tag?post=5043"}],"curies":[{"name":"wp","href":"https:\/\/api.w.org\/{rel}","templated":true}]}}