{"id":5013,"date":"2025-06-08T13:38:18","date_gmt":"2025-06-08T13:38:18","guid":{"rendered":"https:\/\/altaroda.es\/product\/magma-17-matt-titan\/"},"modified":"2025-06-08T13:38:22","modified_gmt":"2025-06-08T13:38:22","slug":"magma-17-matt-titan","status":"publish","type":"product","link":"https:\/\/altaroda.es\/fr\/product\/magma-17-matt-titan\/","title":{"rendered":"MAGMA 17 MATT TITAN"},"content":{"rendered":"<p>7J17 MAGMA\/F4IX ET48 5114,3 56,1 MTPARA RODAS HOMOLOGADAS VERIFIQUE OS DOCUMENTOS TUV-NADCertifica\u00e7\u00f5es: MM7070 F4IX-56,1-A35Notas:<br \/>\n                     &#8211; Pre\u00e7o unit\u00e1rio;<br \/>\n                     &#8211; IVA \u00e0 taxa em vigor inclu\u00eddo no pre\u00e7o;<br \/>\n                     &#8211; Limitado ao stock existente;<br \/>\n                     &#8211; Disponibilidade e pre\u00e7o carece de re-confirma\u00e7\u00e3o.<\/p>","protected":false},"excerpt":{"rendered":"<p>7J17 MAGMA\/F4IX ET48 5114,3 56,1 MTPARA RODAS HOMOLOGADAS VERIFIQUE OS DOCUMENTOS TUV-NADCertifica\u00e7\u00f5es: MM7070 F4IX-56,1-A35Notas:<br \/>\n                     &#8211; Pre\u00e7o unit\u00e1rio;<br \/>\n                     &#8211; IVA \u00e0 taxa em vigor inclu\u00eddo no pre\u00e7o;<br \/>\n                     &#8211; Limitado ao stock existente;<br \/>\n                     &#8211; Disponibilidade e pre\u00e7o carece de re-confirma\u00e7\u00e3o.<\/p>","protected":false},"featured_media":5015,"comment_status":"closed","ping_status":"open","template":"","meta":{"_acf_changed":false},"product_brand":[],"product_cat":[3400,3401,3402,3403,2023,2020,2021,3405,3406,3407,3404,635,3398,1370,3399,1373],"product_tag":[],"class_list":{"0":"post-5013","1":"product","2":"type-product","3":"status-publish","4":"has-post-thumbnail","6":"product_cat-10-2015","7":"product_cat-10-2015-subaru-forester","8":"product_cat-10-2015-subaru-levorg","9":"product_cat-10-2015-subaru-outback-legacy","10":"product_cat-2014-2019-subaru-outback-legacy","11":"product_cat-2014-2019-subaru-forester","12":"product_cat-2014-2019-subaru-impreza","13":"product_cat-2015-2020-subaru-forester","14":"product_cat-2015-2020-subaru-levorg","15":"product_cat-2015-2020-subaru-outback-legacy","16":"product_cat-2015-2020","17":"product_cat-jantes","18":"product_cat-subaru-crosstrek","19":"product_cat-subaru-forester","20":"product_cat-subaru-levorg","21":"product_cat-subaru-outback-legacy","23":"first","24":"instock","25":"purchasable","26":"product-type-simple"},"acf":[],"_links":{"self":[{"href":"https:\/\/altaroda.es\/fr\/wp-json\/wp\/v2\/product\/5013","targetHints":{"allow":["GET"]}}],"collection":[{"href":"https:\/\/altaroda.es\/fr\/wp-json\/wp\/v2\/product"}],"about":[{"href":"https:\/\/altaroda.es\/fr\/wp-json\/wp\/v2\/types\/product"}],"replies":[{"embeddable":true,"href":"https:\/\/altaroda.es\/fr\/wp-json\/wp\/v2\/comments?post=5013"}],"version-history":[{"count":1,"href":"https:\/\/altaroda.es\/fr\/wp-json\/wp\/v2\/product\/5013\/revisions"}],"predecessor-version":[{"id":5014,"href":"https:\/\/altaroda.es\/fr\/wp-json\/wp\/v2\/product\/5013\/revisions\/5014"}],"wp:featuredmedia":[{"embeddable":true,"href":"https:\/\/altaroda.es\/fr\/wp-json\/wp\/v2\/media\/5015"}],"wp:attachment":[{"href":"https:\/\/altaroda.es\/fr\/wp-json\/wp\/v2\/media?parent=5013"}],"wp:term":[{"taxonomy":"product_brand","embeddable":true,"href":"https:\/\/altaroda.es\/fr\/wp-json\/wp\/v2\/product_brand?post=5013"},{"taxonomy":"product_cat","embeddable":true,"href":"https:\/\/altaroda.es\/fr\/wp-json\/wp\/v2\/product_cat?post=5013"},{"taxonomy":"product_tag","embeddable":true,"href":"https:\/\/altaroda.es\/fr\/wp-json\/wp\/v2\/product_tag?post=5013"}],"curies":[{"name":"wp","href":"https:\/\/api.w.org\/{rel}","templated":true}]}}