{"id":5010,"date":"2025-06-08T13:38:18","date_gmt":"2025-06-08T13:38:18","guid":{"rendered":"https:\/\/altaroda.es\/product\/epica-18-light-titan-3\/"},"modified":"2025-06-08T13:38:20","modified_gmt":"2025-06-08T13:38:20","slug":"epica-18-light-titan-3","status":"publish","type":"product","link":"https:\/\/altaroda.es\/fr\/product\/epica-18-light-titan-3\/","title":{"rendered":"EPICA 18 LIGHT TITAN"},"content":{"rendered":"<p>7J18 EPICA\/VE3X ET43 5X112 57,1 LITO.E. (VW) Compat\u00edvel com tampa central Pe\u00e7a Nr.. 5H0601171 &#8211; 5GO601171 &#8211; 3B7601171 &#8211; PARA RODAS HOMOLOGADAS VERIFIQUE OS DOCUMENTOS ECE-NADNotas:<br \/>\n                     &#8211; Pre\u00e7o unit\u00e1rio;<br \/>\n                     &#8211; IVA \u00e0 taxa em vigor inclu\u00eddo no pre\u00e7o;<br \/>\n                     &#8211; Limitado ao stock existente;<br \/>\n                     &#8211; Disponibilidade e pre\u00e7o carece de re-confirma\u00e7\u00e3o.<\/p>","protected":false},"excerpt":{"rendered":"<p>7J18 EPICA\/VE3X ET43 5X112 57,1 LITO.E. (VW) Compat\u00edvel com tampa central Pe\u00e7a Nr.. 5H0601171 &#8211; 5GO601171 &#8211; 3B7601171 &#8211; PARA RODAS HOMOLOGADAS VERIFIQUE OS DOCUMENTOS ECE-NADNotas:<br \/>\n                     &#8211; Pre\u00e7o unit\u00e1rio;<br \/>\n                     &#8211; IVA \u00e0 taxa em vigor inclu\u00eddo no pre\u00e7o;<br \/>\n                     &#8211; Limitado ao stock existente;<br \/>\n                     &#8211; Disponibilidade e pre\u00e7o carece de re-confirma\u00e7\u00e3o.<\/p>","protected":false},"featured_media":5012,"comment_status":"closed","ping_status":"open","template":"","meta":{"_acf_changed":false},"product_brand":[],"product_cat":[3320,3333,3329,3338,3321,3335,3331,3327,3323,3325,3337,3334,3330,3332,3328,3324,3326,3339,3322,3336,3348,3344,3359,3346,3356,3342,3340,3353,3349,3358,3355,3341,3351,3347,3343,3345,3357,3354,3350,3352,2020,2017,2019,2018,2024,2021,2016,2022,3392,3383,3366,3397,3363,3388,3371,3393,3373,3384,3370,3378,3375,3389,3380,3394,3362,3385,3367,3390,3360,3369,3381,3365,3377,3395,3374,3386,3364,3391,3361,3372,3382,3396,3387,3368,3379,3376,3302,3303,3304,3305,3306,3307,3308,635,3309,3310,3311,3312,3313,2960,2961,3314,3315,3316,3317,3318,3319],"product_tag":[],"class_list":{"0":"post-5010","1":"product","2":"type-product","3":"status-publish","4":"has-post-thumbnail","6":"product_cat-10-2016","7":"product_cat-10-2016-volkswagen-caddy-n1","8":"product_cat-10-2016-seat-tarraco","9":"product_cat-10-2016-volkswagen-tiguan-allspace","10":"product_cat-10-2016-audi-q2","11":"product_cat-10-2016-volkswagen-golf-viii-r","12":"product_cat-10-2016-skoda-kodiaq","13":"product_cat-10-2016-mg-mg4-electric-vehicle","14":"product_cat-10-2016-audi-q3-sportback","15":"product_cat-10-2016-ford-transit-tourneo-connect-m1","16":"product_cat-10-2016-volkswagen-tiguan","17":"product_cat-10-2016-volkswagen-golf-viii-gti-clubsport","18":"product_cat-10-2016-skoda-karoq","19":"product_cat-10-2016-volkswagen-caddy-m1","20":"product_cat-10-2016-seat-ateca","21":"product_cat-10-2016-audi-sq2","22":"product_cat-10-2016-ford-transit-tourneo-connect-n1","23":"product_cat-10-2016-volkswagen-tiguan-r-line","24":"product_cat-10-2016-audi-q3","25":"product_cat-10-2016-volkswagen-t-roc","26":"product_cat-2007-2015-seat-ateca","27":"product_cat-2007-2015-audi-sq2","28":"product_cat-2007-2015-volkswagen-tiguan-r-line","29":"product_cat-2007-2015-ford-transit-tourneo-connect-n1","30":"product_cat-2007-2015-volkswagen-t-roc","31":"product_cat-2007-2015-audi-q3","32":"product_cat-2007-2015","33":"product_cat-2007-2015-volkswagen-caddy-n1","34":"product_cat-2007-2015-seat-tarraco","35":"product_cat-2007-2015-volkswagen-tiguan-allspace","36":"product_cat-2007-2015-volkswagen-golf-viii-r","37":"product_cat-2007-2015-audi-q2","38":"product_cat-2007-2015-skoda-kodiaq","39":"product_cat-2007-2015-mg-mg4-electric-vehicle","40":"product_cat-2007-2015-audi-q3-sportback","41":"product_cat-2007-2015-ford-transit-tourneo-connect-m1","42":"product_cat-2007-2015-volkswagen-tiguan","43":"product_cat-2007-2015-volkswagen-golf-viii-gti-clubsport","44":"product_cat-2007-2015-skoda-karoq","45":"product_cat-2007-2015-volkswagen-caddy-m1","46":"product_cat-2014-2019-subaru-forester","47":"product_cat-2014-2019-lexus-ct-200h","48":"product_cat-2014-2019-subaru-brz","49":"product_cat-2014-2019-rover-75","50":"product_cat-2014-2019-subaru-trezia","51":"product_cat-2014-2019-subaru-impreza","52":"product_cat-2014-2019-chrysler-stratus-cabrio","53":"product_cat-2014-2019-subaru-legacy","54":"product_cat-2017-2023-volkswagen-golf-viii-gti-clubsport-2","55":"product_cat-2017-2023-audi-q3-sportback-2","56":"product_cat-2017-2023-ford-transit-tourneo-connect-n1","57":"product_cat-2017-2023-volkswagen-tiguan-r-line-2","58":"product_cat-2017-2023-audi-q3-sportback","59":"product_cat-2017-2023-seat-ateca-2","60":"product_cat-2017-2023-skoda-kodiaq","61":"product_cat-2017-2023-volkswagen-golf-viii-r-2","62":"product_cat-2017-2023-volkswagen-caddy-n1","63":"product_cat-2017-2023-audi-sq2-2","64":"product_cat-2017-2023-skoda-karoq","65":"product_cat-2017-2023-volkswagen-tiguan-allspace","66":"product_cat-2017-2023-volkswagen-golf-viii-r","67":"product_cat-2017-2023-seat-tarraco-2","68":"product_cat-2017-2023-aiways-u5","69":"product_cat-2017-2023-volkswagen-t-roc-2","70":"product_cat-2017-2023-audi-q3","71":"product_cat-2017-2023-ford-transit-tourneo-connect-m1-2","72":"product_cat-2017-2023-mg-mg4-electric-vehicle","73":"product_cat-2017-2023-skoda-karoq-2","74":"product_cat-2017-2023","75":"product_cat-2017-2023-seat-tarraco","76":"product_cat-2017-2023-audi-q2-2","77":"product_cat-2017-2023-ford-transit-tourneo-connect-m1","78":"product_cat-2017-2023-volkswagen-tiguan","79":"product_cat-2017-2023-volkswagen-tiguan-2","80":"product_cat-2017-2023-volkswagen-golf-viii-gti-clubsport","81":"product_cat-2017-2023-ford-transit-tourneo-connect-n1-2","82":"product_cat-2017-2023-audi-sq2","83":"product_cat-2017-2023-skoda-kodiaq-2","84":"product_cat-2017-2023-audi-q2","85":"product_cat-2017-2023-volkswagen-caddy-m1","86":"product_cat-2017-2023-audi-q3-2","87":"product_cat-2017-2023-volkswagen-tiguan-allspace-2","88":"product_cat-2017-2023-mg-mg4-electric-vehicle-2","89":"product_cat-2017-2023-seat-ateca","90":"product_cat-2017-2023-volkswagen-tiguan-r-line","91":"product_cat-2017-2023-volkswagen-t-roc","92":"product_cat-aiways-u5","93":"product_cat-audi-q2","94":"product_cat-audi-q3","95":"product_cat-audi-q3-sportback","96":"product_cat-audi-sq2","97":"product_cat-ford-transit-tourneo-connect-m1","98":"product_cat-ford-transit-tourneo-connect-n1","99":"product_cat-jantes","100":"product_cat-mg-mg4-electric-vehicle","101":"product_cat-seat-ateca","102":"product_cat-seat-tarraco","103":"product_cat-skoda-karoq","104":"product_cat-skoda-kodiaq","105":"product_cat-volkswagen-caddy-m1","106":"product_cat-volkswagen-caddy-n1","107":"product_cat-volkswagen-golf-viii-gti-clubsport","108":"product_cat-volkswagen-golf-viii-r","109":"product_cat-volkswagen-t-roc","110":"product_cat-volkswagen-tiguan","111":"product_cat-volkswagen-tiguan-allspace","112":"product_cat-volkswagen-tiguan-r-line","114":"first","115":"instock","116":"purchasable","117":"product-type-simple"},"acf":[],"_links":{"self":[{"href":"https:\/\/altaroda.es\/fr\/wp-json\/wp\/v2\/product\/5010","targetHints":{"allow":["GET"]}}],"collection":[{"href":"https:\/\/altaroda.es\/fr\/wp-json\/wp\/v2\/product"}],"about":[{"href":"https:\/\/altaroda.es\/fr\/wp-json\/wp\/v2\/types\/product"}],"replies":[{"embeddable":true,"href":"https:\/\/altaroda.es\/fr\/wp-json\/wp\/v2\/comments?post=5010"}],"version-history":[{"count":1,"href":"https:\/\/altaroda.es\/fr\/wp-json\/wp\/v2\/product\/5010\/revisions"}],"predecessor-version":[{"id":5011,"href":"https:\/\/altaroda.es\/fr\/wp-json\/wp\/v2\/product\/5010\/revisions\/5011"}],"wp:featuredmedia":[{"embeddable":true,"href":"https:\/\/altaroda.es\/fr\/wp-json\/wp\/v2\/media\/5012"}],"wp:attachment":[{"href":"https:\/\/altaroda.es\/fr\/wp-json\/wp\/v2\/media?parent=5010"}],"wp:term":[{"taxonomy":"product_brand","embeddable":true,"href":"https:\/\/altaroda.es\/fr\/wp-json\/wp\/v2\/product_brand?post=5010"},{"taxonomy":"product_cat","embeddable":true,"href":"https:\/\/altaroda.es\/fr\/wp-json\/wp\/v2\/product_cat?post=5010"},{"taxonomy":"product_tag","embeddable":true,"href":"https:\/\/altaroda.es\/fr\/wp-json\/wp\/v2\/product_tag?post=5010"}],"curies":[{"name":"wp","href":"https:\/\/api.w.org\/{rel}","templated":true}]}}