{"id":4987,"date":"2025-06-08T13:38:11","date_gmt":"2025-06-08T13:38:11","guid":{"rendered":"https:\/\/altaroda.es\/product\/epica-18-light-titan-2\/"},"modified":"2025-06-08T13:38:14","modified_gmt":"2025-06-08T13:38:14","slug":"epica-18-light-titan-2","status":"publish","type":"product","link":"https:\/\/altaroda.es\/fr\/product\/epica-18-light-titan-2\/","title":{"rendered":"EPICA 18 LIGHT TITAN"},"content":{"rendered":"<p>7J18 EPICA\/BGX ET35 4X108 65,1 LITIPARA RODAS HOMOLOGADAS VERIFIQUE OS DOCUMENTOS NADNotas:<br \/>\n                     &#8211; Pre\u00e7o unit\u00e1rio;<br \/>\n                     &#8211; IVA \u00e0 taxa em vigor inclu\u00eddo no pre\u00e7o;<br \/>\n                     &#8211; Limitado ao stock existente;<br \/>\n                     &#8211; Disponibilidade e pre\u00e7o carece de re-confirma\u00e7\u00e3o.<\/p>","protected":false},"excerpt":{"rendered":"<p>7J18 EPICA\/BGX ET35 4X108 65,1 LITIPARA RODAS HOMOLOGADAS VERIFIQUE OS DOCUMENTOS NADNotas:<br \/>\n                     &#8211; Pre\u00e7o unit\u00e1rio;<br \/>\n                     &#8211; IVA \u00e0 taxa em vigor inclu\u00eddo no pre\u00e7o;<br \/>\n                     &#8211; Limitado ao stock existente;<br \/>\n                     &#8211; Disponibilidade e pre\u00e7o carece de re-confirma\u00e7\u00e3o.<\/p>","protected":false},"featured_media":4989,"comment_status":"closed","ping_status":"open","template":"","meta":{"_acf_changed":false},"product_brand":[],"product_cat":[3193,3196,3192,3188,3195,3191,3190,926,3189,3194,3202,3201,3204,3197,3200,3203,3199,3206,3205,3198,2019,2023,2020,2021,2515,2516,2517,2518,635,2519,925,2520,2521,2522,3187],"product_tag":[],"class_list":{"0":"post-4987","1":"product","2":"type-product","3":"status-publish","4":"has-post-thumbnail","6":"product_cat-11-2019-opel-mokka-e-mokka","7":"product_cat-11-2019-peugeot-208","8":"product_cat-11-2019-jeep-avenger","9":"product_cat-11-2019-citroen-ds-c4","10":"product_cat-11-2019-peugeot-2008-gt-line","11":"product_cat-11-2019-fiat-600","12":"product_cat-11-2019-citroen-ds-ds3-crossback","13":"product_cat-11-2019","14":"product_cat-11-2019-citroen-ds-c4-x","15":"product_cat-11-2019-peugeot-2008","16":"product_cat-12-2010-2020-opel-corsa-f","17":"product_cat-12-2010-2020-jeep-avenger","18":"product_cat-12-2010-2020-peugeot-2008","19":"product_cat-12-2010-2020","20":"product_cat-12-2010-2020-fiat-600","21":"product_cat-12-2010-2020-opel-mokka-e-mokka","22":"product_cat-12-2010-2020-citroen-ds-ds3-crossback","23":"product_cat-12-2010-2020-peugeot-208","24":"product_cat-12-2010-2020-peugeot-2008-gt-line","25":"product_cat-12-2010-2020-citroen-ds-c4-x","26":"product_cat-2014-2019-subaru-brz","27":"product_cat-2014-2019-subaru-outback-legacy","28":"product_cat-2014-2019-subaru-forester","29":"product_cat-2014-2019-subaru-impreza","30":"product_cat-citroen-ds-c4","31":"product_cat-citroen-ds-c4-x","32":"product_cat-citroen-ds-ds3-crossback","33":"product_cat-fiat-600","34":"product_cat-jantes","35":"product_cat-jeep-avenger","36":"product_cat-opel-corsa-f","37":"product_cat-opel-mokka-e-mokka","38":"product_cat-peugeot-2008","39":"product_cat-peugeot-2008-gt-line","40":"product_cat-peugeot-208","42":"first","43":"instock","44":"purchasable","45":"product-type-simple"},"acf":[],"_links":{"self":[{"href":"https:\/\/altaroda.es\/fr\/wp-json\/wp\/v2\/product\/4987","targetHints":{"allow":["GET"]}}],"collection":[{"href":"https:\/\/altaroda.es\/fr\/wp-json\/wp\/v2\/product"}],"about":[{"href":"https:\/\/altaroda.es\/fr\/wp-json\/wp\/v2\/types\/product"}],"replies":[{"embeddable":true,"href":"https:\/\/altaroda.es\/fr\/wp-json\/wp\/v2\/comments?post=4987"}],"version-history":[{"count":1,"href":"https:\/\/altaroda.es\/fr\/wp-json\/wp\/v2\/product\/4987\/revisions"}],"predecessor-version":[{"id":4988,"href":"https:\/\/altaroda.es\/fr\/wp-json\/wp\/v2\/product\/4987\/revisions\/4988"}],"wp:featuredmedia":[{"embeddable":true,"href":"https:\/\/altaroda.es\/fr\/wp-json\/wp\/v2\/media\/4989"}],"wp:attachment":[{"href":"https:\/\/altaroda.es\/fr\/wp-json\/wp\/v2\/media?parent=4987"}],"wp:term":[{"taxonomy":"product_brand","embeddable":true,"href":"https:\/\/altaroda.es\/fr\/wp-json\/wp\/v2\/product_brand?post=4987"},{"taxonomy":"product_cat","embeddable":true,"href":"https:\/\/altaroda.es\/fr\/wp-json\/wp\/v2\/product_cat?post=4987"},{"taxonomy":"product_tag","embeddable":true,"href":"https:\/\/altaroda.es\/fr\/wp-json\/wp\/v2\/product_tag?post=4987"}],"curies":[{"name":"wp","href":"https:\/\/api.w.org\/{rel}","templated":true}]}}