{"id":4937,"date":"2025-06-08T13:37:56","date_gmt":"2025-06-08T13:37:56","guid":{"rendered":"https:\/\/altaroda.es\/product\/malmoe-19-black-mirror-3\/"},"modified":"2025-06-08T13:37:58","modified_gmt":"2025-06-08T13:37:58","slug":"malmoe-19-black-mirror-3","status":"publish","type":"product","link":"https:\/\/altaroda.es\/fr\/product\/malmoe-19-black-mirror-3\/","title":{"rendered":"MALMOE 19 BLACK MIRROR"},"content":{"rendered":"<p>8J19 MALMOE\/GD2X ET42 5X108 63,4 BMO.E. (VOLVO) Compat\u00edvel com tampa central Pe\u00e7a Nr.. 31400897Notas:<br \/>\n                     &#8211; Pre\u00e7o unit\u00e1rio;<br \/>\n                     &#8211; IVA \u00e0 taxa em vigor inclu\u00eddo no pre\u00e7o;<br \/>\n                     &#8211; Limitado ao stock existente;<br \/>\n                     &#8211; Disponibilidade e pre\u00e7o carece de re-confirma\u00e7\u00e3o.<\/p>","protected":false},"excerpt":{"rendered":"<p>8J19 MALMOE\/GD2X ET42 5X108 63,4 BMO.E. (VOLVO) Compat\u00edvel com tampa central Pe\u00e7a Nr.. 31400897Notas:<br \/>\n                     &#8211; Pre\u00e7o unit\u00e1rio;<br \/>\n                     &#8211; IVA \u00e0 taxa em vigor inclu\u00eddo no pre\u00e7o;<br \/>\n                     &#8211; Limitado ao stock existente;<br \/>\n                     &#8211; Disponibilidade e pre\u00e7o carece de re-confirma\u00e7\u00e3o.<\/p>","protected":false},"featured_media":4939,"comment_status":"closed","ping_status":"open","template":"","meta":{"_acf_changed":false},"product_brand":[],"product_cat":[2563,2561,2559,2562,2560,2019,2018,2565,2566,2568,2564,2567,2572,2570,2573,2571,2569,635,2554,2555,2556,2557,2558],"product_tag":[],"class_list":{"0":"post-4937","1":"product","2":"type-product","3":"status-publish","4":"has-post-thumbnail","6":"product_cat-2013-2017-volvo-v60-hybrid","7":"product_cat-2013-2017-volvo-v60","8":"product_cat-2013-2017-volvo-s60","9":"product_cat-2013-2017-volvo-v60-cross-country","10":"product_cat-2013-2017-volvo-s60-cross-country","11":"product_cat-2014-2019-subaru-brz","12":"product_cat-2014-2019-rover-75","13":"product_cat-2015-2017-volvo-s60-cross-country","14":"product_cat-2015-2017-volvo-v60","15":"product_cat-2015-2017-volvo-v60-hybrid","16":"product_cat-2015-2017","17":"product_cat-2015-2017-volvo-v60-cross-country","18":"product_cat-2016-2018-volvo-v60-cross-country","19":"product_cat-2016-2018-volvo-s60-cross-country","20":"product_cat-2016-2018-volvo-v60-hybrid","21":"product_cat-2016-2018-volvo-v60","22":"product_cat-2016-2018","23":"product_cat-jantes","24":"product_cat-volvo-s60","25":"product_cat-volvo-s60-cross-country","26":"product_cat-volvo-v60","27":"product_cat-volvo-v60-cross-country","28":"product_cat-volvo-v60-hybrid","30":"first","31":"instock","32":"purchasable","33":"product-type-simple"},"acf":[],"_links":{"self":[{"href":"https:\/\/altaroda.es\/fr\/wp-json\/wp\/v2\/product\/4937","targetHints":{"allow":["GET"]}}],"collection":[{"href":"https:\/\/altaroda.es\/fr\/wp-json\/wp\/v2\/product"}],"about":[{"href":"https:\/\/altaroda.es\/fr\/wp-json\/wp\/v2\/types\/product"}],"replies":[{"embeddable":true,"href":"https:\/\/altaroda.es\/fr\/wp-json\/wp\/v2\/comments?post=4937"}],"version-history":[{"count":1,"href":"https:\/\/altaroda.es\/fr\/wp-json\/wp\/v2\/product\/4937\/revisions"}],"predecessor-version":[{"id":4938,"href":"https:\/\/altaroda.es\/fr\/wp-json\/wp\/v2\/product\/4937\/revisions\/4938"}],"wp:featuredmedia":[{"embeddable":true,"href":"https:\/\/altaroda.es\/fr\/wp-json\/wp\/v2\/media\/4939"}],"wp:attachment":[{"href":"https:\/\/altaroda.es\/fr\/wp-json\/wp\/v2\/media?parent=4937"}],"wp:term":[{"taxonomy":"product_brand","embeddable":true,"href":"https:\/\/altaroda.es\/fr\/wp-json\/wp\/v2\/product_brand?post=4937"},{"taxonomy":"product_cat","embeddable":true,"href":"https:\/\/altaroda.es\/fr\/wp-json\/wp\/v2\/product_cat?post=4937"},{"taxonomy":"product_tag","embeddable":true,"href":"https:\/\/altaroda.es\/fr\/wp-json\/wp\/v2\/product_tag?post=4937"}],"curies":[{"name":"wp","href":"https:\/\/api.w.org\/{rel}","templated":true}]}}