{"id":4935,"date":"2025-06-08T13:37:56","date_gmt":"2025-06-08T13:37:56","guid":{"rendered":"https:\/\/altaroda.es\/product\/acciaio-16-silver-8\/"},"modified":"2025-06-08T13:37:58","modified_gmt":"2025-06-08T13:37:58","slug":"acciaio-16-silver-8","status":"publish","type":"product","link":"https:\/\/altaroda.es\/fr\/product\/acciaio-16-silver-8\/","title":{"rendered":"ACCIAIO 16 SILVER"},"content":{"rendered":"<p>6,5J16 ME516027\/WS6X ET52 5112 66SIAPENAS PARA CARROS COM RODAS ORIGINAIS DE 16 WHEELS &#8211; PARA RODAS HOMOLOGADAS VERIFIQUE OS DOCUMENTOS ECENotas:<br \/>\n                     &#8211; Pre\u00e7o unit\u00e1rio;<br \/>\n                     &#8211; IVA \u00e0 taxa em vigor inclu\u00eddo no pre\u00e7o;<br \/>\n                     &#8211; Limitado ao stock existente;<br \/>\n                     &#8211; Disponibilidade e pre\u00e7o carece de re-confirma\u00e7\u00e3o.<\/p>","protected":false},"excerpt":{"rendered":"<p>6,5J16 ME516027\/WS6X ET52 5112 66SIAPENAS PARA CARROS COM RODAS ORIGINAIS DE 16 WHEELS &#8211; PARA RODAS HOMOLOGADAS VERIFIQUE OS DOCUMENTOS ECENotas:<br \/>\n                     &#8211; Pre\u00e7o unit\u00e1rio;<br \/>\n                     &#8211; IVA \u00e0 taxa em vigor inclu\u00eddo no pre\u00e7o;<br \/>\n                     &#8211; Limitado ao stock existente;<br \/>\n                     &#8211; Disponibilidade e pre\u00e7o carece de re-confirma\u00e7\u00e3o.<\/p>","protected":false},"featured_media":0,"comment_status":"closed","ping_status":"open","template":"","meta":{"_acf_changed":false},"product_brand":[],"product_cat":[2014,635,2551,2552,2553],"product_tag":[],"class_list":{"0":"post-4935","1":"product","2":"type-product","3":"status-publish","5":"product_cat-2014-2019-audi-tt","6":"product_cat-jantes","7":"product_cat-mercedes-v-klasse-447-viano-447","8":"product_cat-mercedes-vito-447-n1","9":"product_cat-mercedes-vito-tourer-447-m1","11":"first","12":"instock","13":"purchasable","14":"product-type-simple"},"acf":[],"_links":{"self":[{"href":"https:\/\/altaroda.es\/fr\/wp-json\/wp\/v2\/product\/4935","targetHints":{"allow":["GET"]}}],"collection":[{"href":"https:\/\/altaroda.es\/fr\/wp-json\/wp\/v2\/product"}],"about":[{"href":"https:\/\/altaroda.es\/fr\/wp-json\/wp\/v2\/types\/product"}],"replies":[{"embeddable":true,"href":"https:\/\/altaroda.es\/fr\/wp-json\/wp\/v2\/comments?post=4935"}],"version-history":[{"count":1,"href":"https:\/\/altaroda.es\/fr\/wp-json\/wp\/v2\/product\/4935\/revisions"}],"predecessor-version":[{"id":4936,"href":"https:\/\/altaroda.es\/fr\/wp-json\/wp\/v2\/product\/4935\/revisions\/4936"}],"wp:attachment":[{"href":"https:\/\/altaroda.es\/fr\/wp-json\/wp\/v2\/media?parent=4935"}],"wp:term":[{"taxonomy":"product_brand","embeddable":true,"href":"https:\/\/altaroda.es\/fr\/wp-json\/wp\/v2\/product_brand?post=4935"},{"taxonomy":"product_cat","embeddable":true,"href":"https:\/\/altaroda.es\/fr\/wp-json\/wp\/v2\/product_cat?post=4935"},{"taxonomy":"product_tag","embeddable":true,"href":"https:\/\/altaroda.es\/fr\/wp-json\/wp\/v2\/product_tag?post=4935"}],"curies":[{"name":"wp","href":"https:\/\/api.w.org\/{rel}","templated":true}]}}