{"id":4908,"date":"2025-06-08T13:37:51","date_gmt":"2025-06-08T13:37:51","guid":{"rendered":"https:\/\/altaroda.es\/product\/leipzig-d-20-black-mirror-3\/"},"modified":"2025-06-08T13:37:53","modified_gmt":"2025-06-08T13:37:53","slug":"leipzig-d-20-black-mirror-3","status":"publish","type":"product","link":"https:\/\/altaroda.es\/fr\/product\/leipzig-d-20-black-mirror-3\/","title":{"rendered":"LEIPZIG-D 20 BLACK MIRROR"},"content":{"rendered":"<p>11,5J20 LEIP-D\/KY6 E68 5130 71,6 BMO.E. (PORSCHE) Compat\u00edvel com tampa central Pe\u00e7a Nr.. 7PP601149 &#8211; TR\u00c1S &#8211; INCLUDOS DISCOS DE TRAV\u00c3O DE CER\u00c1MICA DOCUMENTS &#8211; PARA RODAS HOMOLOGADAS VERIFIQUE OS DOCUMENTOS TUV-NADCertifica\u00e7\u00f5es: LP95-LZ1520 KY5-KY6-71,6Notas:<br \/>\n                     &#8211; Pre\u00e7o unit\u00e1rio;<br \/>\n                     &#8211; IVA \u00e0 taxa em vigor inclu\u00eddo no pre\u00e7o;<br \/>\n                     &#8211; Limitado ao stock existente;<br \/>\n                     &#8211; Disponibilidade e pre\u00e7o carece de re-confirma\u00e7\u00e3o.<\/p>","protected":false},"excerpt":{"rendered":"<p>11,5J20 LEIP-D\/KY6 E68 5130 71,6 BMO.E. (PORSCHE) Compat\u00edvel com tampa central Pe\u00e7a Nr.. 7PP601149 &#8211; TR\u00c1S &#8211; INCLUDOS DISCOS DE TRAV\u00c3O DE CER\u00c1MICA DOCUMENTS &#8211; PARA RODAS HOMOLOGADAS VERIFIQUE OS DOCUMENTOS TUV-NADCertifica\u00e7\u00f5es: LP95-LZ1520 KY5-KY6-71,6Notas:<br \/>\n                     &#8211; Pre\u00e7o unit\u00e1rio;<br \/>\n                     &#8211; IVA \u00e0 taxa em vigor inclu\u00eddo no pre\u00e7o;<br \/>\n                     &#8211; Limitado ao stock existente;<br \/>\n                     &#8211; Disponibilidade e pre\u00e7o carece de re-confirma\u00e7\u00e3o.<\/p>","protected":false},"featured_media":4910,"comment_status":"closed","ping_status":"open","template":"","meta":{"_acf_changed":false},"product_brand":[],"product_cat":[2017,635,2545,2546],"product_tag":[],"class_list":{"0":"post-4908","1":"product","2":"type-product","3":"status-publish","4":"has-post-thumbnail","6":"product_cat-2014-2019-lexus-ct-200h","7":"product_cat-jantes","8":"product_cat-porsche-panamera-971-4-4s-4e-hybrid-gts","9":"product_cat-porsche-panamera-971-turbo-turbo-s-e-hybrid","11":"first","12":"instock","13":"purchasable","14":"product-type-simple"},"acf":[],"_links":{"self":[{"href":"https:\/\/altaroda.es\/fr\/wp-json\/wp\/v2\/product\/4908","targetHints":{"allow":["GET"]}}],"collection":[{"href":"https:\/\/altaroda.es\/fr\/wp-json\/wp\/v2\/product"}],"about":[{"href":"https:\/\/altaroda.es\/fr\/wp-json\/wp\/v2\/types\/product"}],"replies":[{"embeddable":true,"href":"https:\/\/altaroda.es\/fr\/wp-json\/wp\/v2\/comments?post=4908"}],"version-history":[{"count":1,"href":"https:\/\/altaroda.es\/fr\/wp-json\/wp\/v2\/product\/4908\/revisions"}],"predecessor-version":[{"id":4909,"href":"https:\/\/altaroda.es\/fr\/wp-json\/wp\/v2\/product\/4908\/revisions\/4909"}],"wp:featuredmedia":[{"embeddable":true,"href":"https:\/\/altaroda.es\/fr\/wp-json\/wp\/v2\/media\/4910"}],"wp:attachment":[{"href":"https:\/\/altaroda.es\/fr\/wp-json\/wp\/v2\/media?parent=4908"}],"wp:term":[{"taxonomy":"product_brand","embeddable":true,"href":"https:\/\/altaroda.es\/fr\/wp-json\/wp\/v2\/product_brand?post=4908"},{"taxonomy":"product_cat","embeddable":true,"href":"https:\/\/altaroda.es\/fr\/wp-json\/wp\/v2\/product_cat?post=4908"},{"taxonomy":"product_tag","embeddable":true,"href":"https:\/\/altaroda.es\/fr\/wp-json\/wp\/v2\/product_tag?post=4908"}],"curies":[{"name":"wp","href":"https:\/\/api.w.org\/{rel}","templated":true}]}}