{"id":4897,"date":"2025-06-08T13:37:51","date_gmt":"2025-06-08T13:37:51","guid":{"rendered":"https:\/\/altaroda.es\/product\/epica-18-light-titan\/"},"modified":"2025-06-08T13:37:52","modified_gmt":"2025-06-08T13:37:52","slug":"epica-18-light-titan","status":"publish","type":"product","link":"https:\/\/altaroda.es\/fr\/product\/epica-18-light-titan\/","title":{"rendered":"EPICA 18 LIGHT TITAN"},"content":{"rendered":"<p>7J18 EPICA\/GD3X ET47,5 5108 63,4 LTNotas:<br \/>\n                     &#8211; Pre\u00e7o unit\u00e1rio;<br \/>\n                     &#8211; IVA \u00e0 taxa em vigor inclu\u00eddo no pre\u00e7o;<br \/>\n                     &#8211; Limitado ao stock existente;<br \/>\n                     &#8211; Disponibilidade e pre\u00e7o carece de re-confirma\u00e7\u00e3o.<\/p>","protected":false},"excerpt":{"rendered":"<p>7J18 EPICA\/GD3X ET47,5 5108 63,4 LTNotas:<br \/>\n                     &#8211; Pre\u00e7o unit\u00e1rio;<br \/>\n                     &#8211; IVA \u00e0 taxa em vigor inclu\u00eddo no pre\u00e7o;<br \/>\n                     &#8211; Limitado ao stock existente;<br \/>\n                     &#8211; Disponibilidade e pre\u00e7o carece de re-confirma\u00e7\u00e3o.<\/p>","protected":false},"featured_media":4899,"comment_status":"closed","ping_status":"open","template":"","meta":{"_acf_changed":false},"product_brand":[],"product_cat":[2021,2023,2018,2019,2024,2020,2532,2533,2534,2535,2536,2537,2538,2539,635,2540],"product_tag":[],"class_list":{"0":"post-4897","1":"product","2":"type-product","3":"status-publish","4":"has-post-thumbnail","6":"product_cat-2014-2019-subaru-impreza","7":"product_cat-2014-2019-subaru-outback-legacy","8":"product_cat-2014-2019-rover-75","9":"product_cat-2014-2019-subaru-brz","10":"product_cat-2014-2019-subaru-trezia","11":"product_cat-2014-2019-subaru-forester","12":"product_cat-ford-focus","13":"product_cat-ford-focus-active","14":"product_cat-ford-focus-st","15":"product_cat-ford-kuga-iii","16":"product_cat-ford-mustang-mach-e","17":"product_cat-ford-puma","18":"product_cat-ford-tourneo-courier-m1","19":"product_cat-ford-transit-courier-n1","20":"product_cat-jantes","21":"product_cat-smart-1","23":"first","24":"instock","25":"purchasable","26":"product-type-simple"},"acf":[],"_links":{"self":[{"href":"https:\/\/altaroda.es\/fr\/wp-json\/wp\/v2\/product\/4897","targetHints":{"allow":["GET"]}}],"collection":[{"href":"https:\/\/altaroda.es\/fr\/wp-json\/wp\/v2\/product"}],"about":[{"href":"https:\/\/altaroda.es\/fr\/wp-json\/wp\/v2\/types\/product"}],"replies":[{"embeddable":true,"href":"https:\/\/altaroda.es\/fr\/wp-json\/wp\/v2\/comments?post=4897"}],"version-history":[{"count":1,"href":"https:\/\/altaroda.es\/fr\/wp-json\/wp\/v2\/product\/4897\/revisions"}],"predecessor-version":[{"id":4898,"href":"https:\/\/altaroda.es\/fr\/wp-json\/wp\/v2\/product\/4897\/revisions\/4898"}],"wp:featuredmedia":[{"embeddable":true,"href":"https:\/\/altaroda.es\/fr\/wp-json\/wp\/v2\/media\/4899"}],"wp:attachment":[{"href":"https:\/\/altaroda.es\/fr\/wp-json\/wp\/v2\/media?parent=4897"}],"wp:term":[{"taxonomy":"product_brand","embeddable":true,"href":"https:\/\/altaroda.es\/fr\/wp-json\/wp\/v2\/product_brand?post=4897"},{"taxonomy":"product_cat","embeddable":true,"href":"https:\/\/altaroda.es\/fr\/wp-json\/wp\/v2\/product_cat?post=4897"},{"taxonomy":"product_tag","embeddable":true,"href":"https:\/\/altaroda.es\/fr\/wp-json\/wp\/v2\/product_tag?post=4897"}],"curies":[{"name":"wp","href":"https:\/\/api.w.org\/{rel}","templated":true}]}}