{"id":4865,"date":"2025-06-08T13:37:44","date_gmt":"2025-06-08T13:37:44","guid":{"rendered":"https:\/\/altaroda.es\/product\/zenith-14-gloss-black-2\/"},"modified":"2025-06-08T13:37:45","modified_gmt":"2025-06-08T13:37:45","slug":"zenith-14-gloss-black-2","status":"publish","type":"product","link":"https:\/\/altaroda.es\/fr\/product\/zenith-14-gloss-black-2\/","title":{"rendered":"ZENITH 14 GLOSS BLACK"},"content":{"rendered":"<p>4,5J14 ZENIT\/CH2X E37 4X100 60,1 GBPARA RODAS HOMOLOGADAS VERIFIQUE OS DOCUMENTOS ECENotas:<br \/>\n                     &#8211; Pre\u00e7o unit\u00e1rio;<br \/>\n                     &#8211; IVA \u00e0 taxa em vigor inclu\u00eddo no pre\u00e7o;<br \/>\n                     &#8211; Limitado ao stock existente;<br \/>\n                     &#8211; Disponibilidade e pre\u00e7o carece de re-confirma\u00e7\u00e3o.<\/p>","protected":false},"excerpt":{"rendered":"<p>4,5J14 ZENIT\/CH2X E37 4X100 60,1 GBPARA RODAS HOMOLOGADAS VERIFIQUE OS DOCUMENTOS ECENotas:<br \/>\n                     &#8211; Pre\u00e7o unit\u00e1rio;<br \/>\n                     &#8211; IVA \u00e0 taxa em vigor inclu\u00eddo no pre\u00e7o;<br \/>\n                     &#8211; Limitado ao stock existente;<br \/>\n                     &#8211; Disponibilidade e pre\u00e7o carece de re-confirma\u00e7\u00e3o.<\/p>","protected":false},"featured_media":4867,"comment_status":"closed","ping_status":"open","template":"","meta":{"_acf_changed":false},"product_brand":[],"product_cat":[2021,2504,635],"product_tag":[],"class_list":{"0":"post-4865","1":"product","2":"type-product","3":"status-publish","4":"has-post-thumbnail","6":"product_cat-2014-2019-subaru-impreza","7":"product_cat-dacia-spring","8":"product_cat-jantes","10":"first","11":"instock","12":"purchasable","13":"product-type-simple"},"acf":[],"_links":{"self":[{"href":"https:\/\/altaroda.es\/fr\/wp-json\/wp\/v2\/product\/4865","targetHints":{"allow":["GET"]}}],"collection":[{"href":"https:\/\/altaroda.es\/fr\/wp-json\/wp\/v2\/product"}],"about":[{"href":"https:\/\/altaroda.es\/fr\/wp-json\/wp\/v2\/types\/product"}],"replies":[{"embeddable":true,"href":"https:\/\/altaroda.es\/fr\/wp-json\/wp\/v2\/comments?post=4865"}],"version-history":[{"count":1,"href":"https:\/\/altaroda.es\/fr\/wp-json\/wp\/v2\/product\/4865\/revisions"}],"predecessor-version":[{"id":4866,"href":"https:\/\/altaroda.es\/fr\/wp-json\/wp\/v2\/product\/4865\/revisions\/4866"}],"wp:featuredmedia":[{"embeddable":true,"href":"https:\/\/altaroda.es\/fr\/wp-json\/wp\/v2\/media\/4867"}],"wp:attachment":[{"href":"https:\/\/altaroda.es\/fr\/wp-json\/wp\/v2\/media?parent=4865"}],"wp:term":[{"taxonomy":"product_brand","embeddable":true,"href":"https:\/\/altaroda.es\/fr\/wp-json\/wp\/v2\/product_brand?post=4865"},{"taxonomy":"product_cat","embeddable":true,"href":"https:\/\/altaroda.es\/fr\/wp-json\/wp\/v2\/product_cat?post=4865"},{"taxonomy":"product_tag","embeddable":true,"href":"https:\/\/altaroda.es\/fr\/wp-json\/wp\/v2\/product_tag?post=4865"}],"curies":[{"name":"wp","href":"https:\/\/api.w.org\/{rel}","templated":true}]}}