{"id":4817,"date":"2025-06-08T13:37:22","date_gmt":"2025-06-08T13:37:22","guid":{"rendered":"https:\/\/altaroda.es\/product\/kit-roda-suplente-2\/"},"modified":"2025-06-08T13:37:30","modified_gmt":"2025-06-08T13:37:30","slug":"kit-roda-suplente-2","status":"publish","type":"product","link":"https:\/\/altaroda.es\/fr\/product\/kit-roda-suplente-2\/","title":{"rendered":"Kit Roda Suplente"},"content":{"rendered":"<p>NPK945 1558019 5130716 -15 JP4 K17Notas:<br \/>\n                     &#8211; Pre\u00e7o unit\u00e1rio;<br \/>\n                     &#8211; IVA \u00e0 taxa em vigor inclu\u00eddo no pre\u00e7o;<br \/>\n                     &#8211; Limitado ao stock existente;<br \/>\n                     &#8211; Disponibilidade e pre\u00e7o carece de re-confirma\u00e7\u00e3o.<\/p>","protected":false},"excerpt":{"rendered":"<p>NPK945 1558019 5130716 -15 JP4 K17Notas:<br \/>\n                     &#8211; Pre\u00e7o unit\u00e1rio;<br \/>\n                     &#8211; IVA \u00e0 taxa em vigor inclu\u00eddo no pre\u00e7o;<br \/>\n                     &#8211; Limitado ao stock existente;<br \/>\n                     &#8211; Disponibilidade e pre\u00e7o carece de re-confirma\u00e7\u00e3o.<\/p>","protected":false},"featured_media":0,"comment_status":"closed","ping_status":"open","template":"","meta":{"_acf_changed":false},"product_brand":[],"product_cat":[649,692,648,741,691],"product_tag":[],"class_list":{"0":"post-4817","1":"product","2":"type-product","3":"status-publish","5":"product_cat-2024-audi-q6-gf-sq6-gf","6":"product_cat-2024-porsche-macan-electric-xa-macan-4-electric-xa","7":"product_cat-audi-q6-gf-sq6-gf","8":"product_cat-kit-roda-suplente","9":"product_cat-porsche-macan-electric-xa-macan-4-electric-xa","11":"first","12":"instock","13":"purchasable","14":"product-type-simple"},"acf":[],"_links":{"self":[{"href":"https:\/\/altaroda.es\/fr\/wp-json\/wp\/v2\/product\/4817","targetHints":{"allow":["GET"]}}],"collection":[{"href":"https:\/\/altaroda.es\/fr\/wp-json\/wp\/v2\/product"}],"about":[{"href":"https:\/\/altaroda.es\/fr\/wp-json\/wp\/v2\/types\/product"}],"replies":[{"embeddable":true,"href":"https:\/\/altaroda.es\/fr\/wp-json\/wp\/v2\/comments?post=4817"}],"version-history":[{"count":1,"href":"https:\/\/altaroda.es\/fr\/wp-json\/wp\/v2\/product\/4817\/revisions"}],"predecessor-version":[{"id":4818,"href":"https:\/\/altaroda.es\/fr\/wp-json\/wp\/v2\/product\/4817\/revisions\/4818"}],"wp:attachment":[{"href":"https:\/\/altaroda.es\/fr\/wp-json\/wp\/v2\/media?parent=4817"}],"wp:term":[{"taxonomy":"product_brand","embeddable":true,"href":"https:\/\/altaroda.es\/fr\/wp-json\/wp\/v2\/product_brand?post=4817"},{"taxonomy":"product_cat","embeddable":true,"href":"https:\/\/altaroda.es\/fr\/wp-json\/wp\/v2\/product_cat?post=4817"},{"taxonomy":"product_tag","embeddable":true,"href":"https:\/\/altaroda.es\/fr\/wp-json\/wp\/v2\/product_tag?post=4817"}],"curies":[{"name":"wp","href":"https:\/\/api.w.org\/{rel}","templated":true}]}}