{"id":4799,"date":"2025-06-08T13:37:16","date_gmt":"2025-06-08T13:37:16","guid":{"rendered":"https:\/\/altaroda.es\/product\/evo-20-black-mirror\/"},"modified":"2025-06-08T13:37:19","modified_gmt":"2025-06-08T13:37:19","slug":"evo-20-black-mirror","status":"publish","type":"product","link":"https:\/\/altaroda.es\/fr\/product\/evo-20-black-mirror\/","title":{"rendered":"EVO 20 BLACK MIRROR"},"content":{"rendered":"<p>8J20 EVO\/WS8Y ET20 5X112 66,6 BLMIRPARA RODAS HOMOLOGADAS VERIFIQUE OS DOCUMENTOS TUVCertifica\u00e7\u00f5es: EV8020 WS8Y-66,6-A02Notas:<br \/>\n                     &#8211; Pre\u00e7o unit\u00e1rio;<br \/>\n                     &#8211; IVA \u00e0 taxa em vigor inclu\u00eddo no pre\u00e7o;<br \/>\n                     &#8211; Limitado ao stock existente;<br \/>\n                     &#8211; Disponibilidade e pre\u00e7o carece de re-confirma\u00e7\u00e3o.<\/p>","protected":false},"excerpt":{"rendered":"<p>8J20 EVO\/WS8Y ET20 5X112 66,6 BLMIRPARA RODAS HOMOLOGADAS VERIFIQUE OS DOCUMENTOS TUVCertifica\u00e7\u00f5es: EV8020 WS8Y-66,6-A02Notas:<br \/>\n                     &#8211; Pre\u00e7o unit\u00e1rio;<br \/>\n                     &#8211; IVA \u00e0 taxa em vigor inclu\u00eddo no pre\u00e7o;<br \/>\n                     &#8211; Limitado ao stock existente;<br \/>\n                     &#8211; Disponibilidade e pre\u00e7o carece de re-confirma\u00e7\u00e3o.<\/p>","protected":false},"featured_media":4801,"comment_status":"closed","ping_status":"open","template":"","meta":{"_acf_changed":false},"product_brand":[],"product_cat":[1290,1287,1285,1291,1289,1292,1288,1286,1299,1297,1294,1300,1295,1296,1293,1298,1307,1305,1302,1308,1303,1304,1301,1306,1312,1310,1314,1311,1309,1315,1313,1316,1317,1323,1321,1324,1320,1318,1322,1319,1326,1330,1327,1331,1328,1325,1329,1332,1277,1278,1279,635,1280,1281,1282,1283,1284],"product_tag":[],"class_list":{"0":"post-4799","1":"product","2":"type-product","3":"status-publish","4":"has-post-thumbnail","6":"product_cat-11-2010-2017-mercedes-e-klasse-43-amg-53-amg-staggered-differenziato","7":"product_cat-11-2010-2017-audi-sq5","8":"product_cat-11-2010-2017","9":"product_cat-11-2010-2017-mercedes-e-klasse-43-s-w-amg-53-s-w-amg-staggered-differenziato","10":"product_cat-11-2010-2017-mercedes-cls-shooting-brake","11":"product_cat-11-2010-2017-mercedes-e-klasse-53-amg-staggered-differenziato","12":"product_cat-11-2010-2017-mercedes-cls","13":"product_cat-11-2010-2017-audi-rs7-sportback","14":"product_cat-2012-2016-mercedes-e-klasse-43-s-w-amg-53-s-w-amg-staggered-differenziato","15":"product_cat-2012-2016-mercedes-cls-shooting-brake","16":"product_cat-2012-2016-audi-rs7-sportback","17":"product_cat-2012-2016-mercedes-e-klasse-53-amg-staggered-differenziato","18":"product_cat-2012-2016-audi-sq5","19":"product_cat-2012-2016-mercedes-cls","20":"product_cat-2012-2016","21":"product_cat-2012-2016-mercedes-e-klasse-43-amg-53-amg-staggered-differenziato","22":"product_cat-2013-2017-mercedes-e-klasse-43-s-w-amg-53-s-w-amg-staggered-differenziato","23":"product_cat-2013-2017-mercedes-cls-shooting-brake","24":"product_cat-2013-2017-audi-rs7-sportback","25":"product_cat-2013-2017-mercedes-e-klasse-53-amg-staggered-differenziato","26":"product_cat-2013-2017-audi-sq5","27":"product_cat-2013-2017-mercedes-cls","28":"product_cat-2013-2017","29":"product_cat-2013-2017-mercedes-e-klasse-43-amg-53-amg-staggered-differenziato","30":"product_cat-2013-2019-mercedes-cls","31":"product_cat-2013-2019-audi-rs7-sportback","32":"product_cat-2013-2019-mercedes-e-klasse-43-amg-53-amg-staggered-differenziato","33":"product_cat-2013-2019-audi-sq5","34":"product_cat-2013-2019","35":"product_cat-2013-2019-mercedes-e-klasse-43-s-w-amg-53-s-w-amg-staggered-differenziato","36":"product_cat-2013-2019-mercedes-cls-shooting-brake","37":"product_cat-2013-2019-mercedes-e-klasse-53-amg-staggered-differenziato","38":"product_cat-2017-2022","39":"product_cat-2017-2022-mercedes-e-klasse-43-s-w-amg-53-s-w-amg-staggered-differenziato","40":"product_cat-2017-2022-mercedes-cls-shooting-brake","41":"product_cat-2017-2022-mercedes-e-klasse-53-amg-staggered-differenziato","42":"product_cat-2017-2022-mercedes-cls","43":"product_cat-2017-2022-audi-rs7-sportback","44":"product_cat-2017-2022-mercedes-e-klasse-43-amg-53-amg-staggered-differenziato","45":"product_cat-2017-2022-audi-sq5","46":"product_cat-2018-audi-rs7-sportback","47":"product_cat-2018-mercedes-e-klasse-43-amg-53-amg-staggered-differenziato","48":"product_cat-2018-audi-sq5","49":"product_cat-2018-mercedes-e-klasse-43-s-w-amg-53-s-w-amg-staggered-differenziato","50":"product_cat-2018-mercedes-cls","51":"product_cat-2018-audi-rs5","52":"product_cat-2018-mercedes-cls-shooting-brake","53":"product_cat-2018-mercedes-e-klasse-53-amg-staggered-differenziato","54":"product_cat-audi-rs5","55":"product_cat-audi-rs7-sportback","56":"product_cat-audi-sq5","57":"product_cat-jantes","58":"product_cat-mercedes-cls","59":"product_cat-mercedes-cls-shooting-brake","60":"product_cat-mercedes-e-klasse-43-amg-53-amg-staggered-differenziato","61":"product_cat-mercedes-e-klasse-43-s-w-amg-53-s-w-amg-staggered-differenziato","62":"product_cat-mercedes-e-klasse-53-amg-staggered-differenziato","64":"first","65":"instock","66":"purchasable","67":"product-type-simple"},"acf":[],"_links":{"self":[{"href":"https:\/\/altaroda.es\/fr\/wp-json\/wp\/v2\/product\/4799","targetHints":{"allow":["GET"]}}],"collection":[{"href":"https:\/\/altaroda.es\/fr\/wp-json\/wp\/v2\/product"}],"about":[{"href":"https:\/\/altaroda.es\/fr\/wp-json\/wp\/v2\/types\/product"}],"replies":[{"embeddable":true,"href":"https:\/\/altaroda.es\/fr\/wp-json\/wp\/v2\/comments?post=4799"}],"version-history":[{"count":1,"href":"https:\/\/altaroda.es\/fr\/wp-json\/wp\/v2\/product\/4799\/revisions"}],"predecessor-version":[{"id":4800,"href":"https:\/\/altaroda.es\/fr\/wp-json\/wp\/v2\/product\/4799\/revisions\/4800"}],"wp:featuredmedia":[{"embeddable":true,"href":"https:\/\/altaroda.es\/fr\/wp-json\/wp\/v2\/media\/4801"}],"wp:attachment":[{"href":"https:\/\/altaroda.es\/fr\/wp-json\/wp\/v2\/media?parent=4799"}],"wp:term":[{"taxonomy":"product_brand","embeddable":true,"href":"https:\/\/altaroda.es\/fr\/wp-json\/wp\/v2\/product_brand?post=4799"},{"taxonomy":"product_cat","embeddable":true,"href":"https:\/\/altaroda.es\/fr\/wp-json\/wp\/v2\/product_cat?post=4799"},{"taxonomy":"product_tag","embeddable":true,"href":"https:\/\/altaroda.es\/fr\/wp-json\/wp\/v2\/product_tag?post=4799"}],"curies":[{"name":"wp","href":"https:\/\/api.w.org\/{rel}","templated":true}]}}