{"id":4782,"date":"2025-06-08T13:37:16","date_gmt":"2025-06-08T13:37:16","guid":{"rendered":"https:\/\/altaroda.es\/product\/koenig-18-gloss-black\/"},"modified":"2025-06-08T13:37:17","modified_gmt":"2025-06-08T13:37:17","slug":"koenig-18-gloss-black","status":"publish","type":"product","link":"https:\/\/altaroda.es\/fr\/product\/koenig-18-gloss-black\/","title":{"rendered":"KOENIG 18 GLOSS BLACK"},"content":{"rendered":"<p>7,5J18 KOENI\/WSX ET22 5X112 66,6 GBFRENTE &#8211; O.E. (BMW) Compat\u00edvel com tampa central Pe\u00e7a Nr.. 36136850834 &#8211; PARA RODAS HOMOLOGADAS VERIFIQUE OS DOCUMENTOS TUVCertifica\u00e7\u00f5es: KG7580 WSX-66,6-A01Notas:<br \/>\n                     &#8211; Pre\u00e7o unit\u00e1rio;<br \/>\n                     &#8211; IVA \u00e0 taxa em vigor inclu\u00eddo no pre\u00e7o;<br \/>\n                     &#8211; Limitado ao stock existente;<br \/>\n                     &#8211; Disponibilidade e pre\u00e7o carece de re-confirma\u00e7\u00e3o.<\/p>","protected":false},"excerpt":{"rendered":"<p>7,5J18 KOENI\/WSX ET22 5X112 66,6 GBFRENTE &#8211; O.E. (BMW) Compat\u00edvel com tampa central Pe\u00e7a Nr.. 36136850834 &#8211; PARA RODAS HOMOLOGADAS VERIFIQUE OS DOCUMENTOS TUVCertifica\u00e7\u00f5es: KG7580 WSX-66,6-A01Notas:<br \/>\n                     &#8211; Pre\u00e7o unit\u00e1rio;<br \/>\n                     &#8211; IVA \u00e0 taxa em vigor inclu\u00eddo no pre\u00e7o;<br \/>\n                     &#8211; Limitado ao stock existente;<br \/>\n                     &#8211; Disponibilidade e pre\u00e7o carece de re-confirma\u00e7\u00e3o.<\/p>","protected":false},"featured_media":4784,"comment_status":"closed","ping_status":"open","template":"","meta":{"_acf_changed":false},"product_brand":[],"product_cat":[1107,1105,635],"product_tag":[],"class_list":{"0":"post-4782","1":"product","2":"type-product","3":"status-publish","4":"has-post-thumbnail","6":"product_cat-2021-bmw-serie-2-coupe-m240i","7":"product_cat-bmw-serie-2-coupe-m240i","8":"product_cat-jantes","10":"first","11":"instock","12":"purchasable","13":"product-type-simple"},"acf":[],"_links":{"self":[{"href":"https:\/\/altaroda.es\/fr\/wp-json\/wp\/v2\/product\/4782","targetHints":{"allow":["GET"]}}],"collection":[{"href":"https:\/\/altaroda.es\/fr\/wp-json\/wp\/v2\/product"}],"about":[{"href":"https:\/\/altaroda.es\/fr\/wp-json\/wp\/v2\/types\/product"}],"replies":[{"embeddable":true,"href":"https:\/\/altaroda.es\/fr\/wp-json\/wp\/v2\/comments?post=4782"}],"version-history":[{"count":1,"href":"https:\/\/altaroda.es\/fr\/wp-json\/wp\/v2\/product\/4782\/revisions"}],"predecessor-version":[{"id":4783,"href":"https:\/\/altaroda.es\/fr\/wp-json\/wp\/v2\/product\/4782\/revisions\/4783"}],"wp:featuredmedia":[{"embeddable":true,"href":"https:\/\/altaroda.es\/fr\/wp-json\/wp\/v2\/media\/4784"}],"wp:attachment":[{"href":"https:\/\/altaroda.es\/fr\/wp-json\/wp\/v2\/media?parent=4782"}],"wp:term":[{"taxonomy":"product_brand","embeddable":true,"href":"https:\/\/altaroda.es\/fr\/wp-json\/wp\/v2\/product_brand?post=4782"},{"taxonomy":"product_cat","embeddable":true,"href":"https:\/\/altaroda.es\/fr\/wp-json\/wp\/v2\/product_cat?post=4782"},{"taxonomy":"product_tag","embeddable":true,"href":"https:\/\/altaroda.es\/fr\/wp-json\/wp\/v2\/product_tag?post=4782"}],"curies":[{"name":"wp","href":"https:\/\/api.w.org\/{rel}","templated":true}]}}