{"id":4770,"date":"2025-06-08T13:37:07","date_gmt":"2025-06-08T13:37:07","guid":{"rendered":"https:\/\/altaroda.es\/product\/sturm-21-gloss-black\/"},"modified":"2025-06-08T13:37:14","modified_gmt":"2025-06-08T13:37:14","slug":"sturm-21-gloss-black","status":"publish","type":"product","link":"https:\/\/altaroda.es\/fr\/product\/sturm-21-gloss-black\/","title":{"rendered":"STURM 21 GLOSS BLACK"},"content":{"rendered":"<p>10,5J21 STURM\/IS2X E41 5120 66,6 GBTR\u00c1S &#8211; O.E. (BMW) Compat\u00edvel com tampa central Pe\u00e7a Nr.. 36136850834 &#8211; PARA RODAS HOMOLOGADAS VERIFIQUE OS DOCUMENTOS TUV-NADCertifica\u00e7\u00f5es: SM95-0521 IS1X-IS2X-66,6Notas:<br \/>\n                     &#8211; Pre\u00e7o unit\u00e1rio;<br \/>\n                     &#8211; IVA \u00e0 taxa em vigor inclu\u00eddo no pre\u00e7o;<br \/>\n                     &#8211; Limitado ao stock existente;<br \/>\n                     &#8211; Disponibilidade e pre\u00e7o carece de re-confirma\u00e7\u00e3o.<\/p>","protected":false},"excerpt":{"rendered":"<p>10,5J21 STURM\/IS2X E41 5120 66,6 GBTR\u00c1S &#8211; O.E. (BMW) Compat\u00edvel com tampa central Pe\u00e7a Nr.. 36136850834 &#8211; PARA RODAS HOMOLOGADAS VERIFIQUE OS DOCUMENTOS TUV-NADCertifica\u00e7\u00f5es: SM95-0521 IS1X-IS2X-66,6Notas:<br \/>\n                     &#8211; Pre\u00e7o unit\u00e1rio;<br \/>\n                     &#8211; IVA \u00e0 taxa em vigor inclu\u00eddo no pre\u00e7o;<br \/>\n                     &#8211; Limitado ao stock existente;<br \/>\n                     &#8211; Disponibilidade e pre\u00e7o carece de re-confirma\u00e7\u00e3o.<\/p>","protected":false},"featured_media":4772,"comment_status":"closed","ping_status":"open","template":"","meta":{"_acf_changed":false},"product_brand":[],"product_cat":[963,962,964,1240,1241,1242,973,1243,971,1244,972,959,635,1239,960,961],"product_tag":[],"class_list":{"0":"post-4770","1":"product","2":"type-product","3":"status-publish","4":"has-post-thumbnail","6":"product_cat-2023-lotus-eletre-lb","7":"product_cat-2023-bmw-xm","8":"product_cat-2023-lotus-emeya-ld","9":"product_cat-2023-lotus-eletre","10":"product_cat-2023-lotus-eletre-2","11":"product_cat-2023-lotus-eletre-3","12":"product_cat-2024-lotus-emeya-ld","13":"product_cat-2024-lotus-eletre","14":"product_cat-2024-bmw-xm","15":"product_cat-2024-lotus-eletre-2","16":"product_cat-2024-lotus-eletre-lb","17":"product_cat-bmw-xm","18":"product_cat-jantes","19":"product_cat-lotus-eletre","20":"product_cat-lotus-eletre-lb","21":"product_cat-lotus-emeya-ld","23":"first","24":"instock","25":"purchasable","26":"product-type-simple"},"acf":[],"_links":{"self":[{"href":"https:\/\/altaroda.es\/fr\/wp-json\/wp\/v2\/product\/4770","targetHints":{"allow":["GET"]}}],"collection":[{"href":"https:\/\/altaroda.es\/fr\/wp-json\/wp\/v2\/product"}],"about":[{"href":"https:\/\/altaroda.es\/fr\/wp-json\/wp\/v2\/types\/product"}],"replies":[{"embeddable":true,"href":"https:\/\/altaroda.es\/fr\/wp-json\/wp\/v2\/comments?post=4770"}],"version-history":[{"count":1,"href":"https:\/\/altaroda.es\/fr\/wp-json\/wp\/v2\/product\/4770\/revisions"}],"predecessor-version":[{"id":4771,"href":"https:\/\/altaroda.es\/fr\/wp-json\/wp\/v2\/product\/4770\/revisions\/4771"}],"wp:featuredmedia":[{"embeddable":true,"href":"https:\/\/altaroda.es\/fr\/wp-json\/wp\/v2\/media\/4772"}],"wp:attachment":[{"href":"https:\/\/altaroda.es\/fr\/wp-json\/wp\/v2\/media?parent=4770"}],"wp:term":[{"taxonomy":"product_brand","embeddable":true,"href":"https:\/\/altaroda.es\/fr\/wp-json\/wp\/v2\/product_brand?post=4770"},{"taxonomy":"product_cat","embeddable":true,"href":"https:\/\/altaroda.es\/fr\/wp-json\/wp\/v2\/product_cat?post=4770"},{"taxonomy":"product_tag","embeddable":true,"href":"https:\/\/altaroda.es\/fr\/wp-json\/wp\/v2\/product_tag?post=4770"}],"curies":[{"name":"wp","href":"https:\/\/api.w.org\/{rel}","templated":true}]}}