{"id":4758,"date":"2025-06-08T13:37:07","date_gmt":"2025-06-08T13:37:07","guid":{"rendered":"https:\/\/altaroda.es\/product\/koenig-18-black-mirror\/"},"modified":"2025-06-08T13:37:12","modified_gmt":"2025-06-08T13:37:12","slug":"koenig-18-black-mirror","status":"publish","type":"product","link":"https:\/\/altaroda.es\/fr\/product\/koenig-18-black-mirror\/","title":{"rendered":"KOENIG 18 BLACK MIRROR"},"content":{"rendered":"<p>7,5J18 KOENI\/WSX ET22 5X112 66,6 BMFRENTE &#8211; O.E. (BMW) Compat\u00edvel com tampa central Pe\u00e7a Nr.. 36136850834 &#8211; PARA RODAS HOMOLOGADAS VERIFIQUE OS DOCUMENTOS TUV-NADCertifica\u00e7\u00f5es: KG7580 WSX-66,6-A01Notas:<br \/>\n                     &#8211; Pre\u00e7o unit\u00e1rio;<br \/>\n                     &#8211; IVA \u00e0 taxa em vigor inclu\u00eddo no pre\u00e7o;<br \/>\n                     &#8211; Limitado ao stock existente;<br \/>\n                     &#8211; Disponibilidade e pre\u00e7o carece de re-confirma\u00e7\u00e3o.<\/p>","protected":false},"excerpt":{"rendered":"<p>7,5J18 KOENI\/WSX ET22 5X112 66,6 BMFRENTE &#8211; O.E. (BMW) Compat\u00edvel com tampa central Pe\u00e7a Nr.. 36136850834 &#8211; PARA RODAS HOMOLOGADAS VERIFIQUE OS DOCUMENTOS TUV-NADCertifica\u00e7\u00f5es: KG7580 WSX-66,6-A01Notas:<br \/>\n                     &#8211; Pre\u00e7o unit\u00e1rio;<br \/>\n                     &#8211; IVA \u00e0 taxa em vigor inclu\u00eddo no pre\u00e7o;<br \/>\n                     &#8211; Limitado ao stock existente;<br \/>\n                     &#8211; Disponibilidade e pre\u00e7o carece de re-confirma\u00e7\u00e3o.<\/p>","protected":false},"featured_media":4760,"comment_status":"closed","ping_status":"open","template":"","meta":{"_acf_changed":false},"product_brand":[],"product_cat":[1108,1107,1105,1106,635],"product_tag":[],"class_list":{"0":"post-4758","1":"product","2":"type-product","3":"status-publish","4":"has-post-thumbnail","6":"product_cat-2021-bmw-serie-2-coupe-m240i-g2c-g42","7":"product_cat-2021-bmw-serie-2-coupe-m240i","8":"product_cat-bmw-serie-2-coupe-m240i","9":"product_cat-bmw-serie-2-coupe-m240i-g2c-g42","10":"product_cat-jantes","12":"first","13":"instock","14":"purchasable","15":"product-type-simple"},"acf":[],"_links":{"self":[{"href":"https:\/\/altaroda.es\/fr\/wp-json\/wp\/v2\/product\/4758","targetHints":{"allow":["GET"]}}],"collection":[{"href":"https:\/\/altaroda.es\/fr\/wp-json\/wp\/v2\/product"}],"about":[{"href":"https:\/\/altaroda.es\/fr\/wp-json\/wp\/v2\/types\/product"}],"replies":[{"embeddable":true,"href":"https:\/\/altaroda.es\/fr\/wp-json\/wp\/v2\/comments?post=4758"}],"version-history":[{"count":1,"href":"https:\/\/altaroda.es\/fr\/wp-json\/wp\/v2\/product\/4758\/revisions"}],"predecessor-version":[{"id":4759,"href":"https:\/\/altaroda.es\/fr\/wp-json\/wp\/v2\/product\/4758\/revisions\/4759"}],"wp:featuredmedia":[{"embeddable":true,"href":"https:\/\/altaroda.es\/fr\/wp-json\/wp\/v2\/media\/4760"}],"wp:attachment":[{"href":"https:\/\/altaroda.es\/fr\/wp-json\/wp\/v2\/media?parent=4758"}],"wp:term":[{"taxonomy":"product_brand","embeddable":true,"href":"https:\/\/altaroda.es\/fr\/wp-json\/wp\/v2\/product_brand?post=4758"},{"taxonomy":"product_cat","embeddable":true,"href":"https:\/\/altaroda.es\/fr\/wp-json\/wp\/v2\/product_cat?post=4758"},{"taxonomy":"product_tag","embeddable":true,"href":"https:\/\/altaroda.es\/fr\/wp-json\/wp\/v2\/product_tag?post=4758"}],"curies":[{"name":"wp","href":"https:\/\/api.w.org\/{rel}","templated":true}]}}