{"id":4722,"date":"2025-06-08T13:37:00","date_gmt":"2025-06-08T13:37:00","guid":{"rendered":"https:\/\/altaroda.es\/product\/oxford-16-black-mirror\/"},"modified":"2025-06-08T13:37:01","modified_gmt":"2025-06-08T13:37:01","slug":"oxford-16-black-mirror","status":"publish","type":"product","link":"https:\/\/altaroda.es\/fr\/product\/oxford-16-black-mirror\/","title":{"rendered":"OXFORD 16 BLACK MIRROR"},"content":{"rendered":"<p>6,5J16 OXFORD\/I3BX E46 5120 72,6 BMO.E. (MINI) Compat\u00edvel com tampa central Pe\u00e7a Nr.. 36131171069 &#8211; INCLU\u00cdDO JOHN COOPER WORKS &#8211; PARA RODAS HOMOLOGADAS VERIFIQUE OS DOCUMENTOS TUV-NADCertifica\u00e7\u00f5es: OF6560 I3BX-72,6-A02Notas:<br \/>\n                     &#8211; Pre\u00e7o unit\u00e1rio;<br \/>\n                     &#8211; IVA \u00e0 taxa em vigor inclu\u00eddo no pre\u00e7o;<br \/>\n                     &#8211; Limitado ao stock existente;<br \/>\n                     &#8211; Disponibilidade e pre\u00e7o carece de re-confirma\u00e7\u00e3o.<\/p>","protected":false},"excerpt":{"rendered":"<p>6,5J16 OXFORD\/I3BX E46 5120 72,6 BMO.E. (MINI) Compat\u00edvel com tampa central Pe\u00e7a Nr.. 36131171069 &#8211; INCLU\u00cdDO JOHN COOPER WORKS &#8211; PARA RODAS HOMOLOGADAS VERIFIQUE OS DOCUMENTOS TUV-NADCertifica\u00e7\u00f5es: OF6560 I3BX-72,6-A02Notas:<br \/>\n                     &#8211; Pre\u00e7o unit\u00e1rio;<br \/>\n                     &#8211; IVA \u00e0 taxa em vigor inclu\u00eddo no pre\u00e7o;<br \/>\n                     &#8211; Limitado ao stock existente;<br \/>\n                     &#8211; Disponibilidade e pre\u00e7o carece de re-confirma\u00e7\u00e3o.<\/p>","protected":false},"featured_media":4724,"comment_status":"closed","ping_status":"open","template":"","meta":{"_acf_changed":false},"product_brand":[],"product_cat":[1027,1028,1026,1029,1031,1030,1032,1033,1034,1037,1036,1035,1038,1040,1039,635,899,1024,1025],"product_tag":[],"class_list":{"0":"post-4722","1":"product","2":"type-product","3":"status-publish","4":"has-post-thumbnail","6":"product_cat-09-2010-mini-mini","7":"product_cat-09-2010-mini-paceman","8":"product_cat-09-2010","9":"product_cat-09-2010-2016","10":"product_cat-09-2010-2016-mini-paceman","11":"product_cat-09-2010-2016-mini-mini","12":"product_cat-09-2010-2017","13":"product_cat-09-2010-2017-mini-mini","14":"product_cat-09-2010-2017-mini-paceman","15":"product_cat-2013-mini-paceman","16":"product_cat-2013-mini-mini","17":"product_cat-1035","18":"product_cat-2013-2016","19":"product_cat-2013-2016-mini-paceman","20":"product_cat-2013-2016-mini-mini","21":"product_cat-jantes","22":"product_cat-mini-countryman","23":"product_cat-mini-mini","24":"product_cat-mini-paceman","26":"first","27":"instock","28":"purchasable","29":"product-type-simple"},"acf":[],"_links":{"self":[{"href":"https:\/\/altaroda.es\/fr\/wp-json\/wp\/v2\/product\/4722","targetHints":{"allow":["GET"]}}],"collection":[{"href":"https:\/\/altaroda.es\/fr\/wp-json\/wp\/v2\/product"}],"about":[{"href":"https:\/\/altaroda.es\/fr\/wp-json\/wp\/v2\/types\/product"}],"replies":[{"embeddable":true,"href":"https:\/\/altaroda.es\/fr\/wp-json\/wp\/v2\/comments?post=4722"}],"version-history":[{"count":1,"href":"https:\/\/altaroda.es\/fr\/wp-json\/wp\/v2\/product\/4722\/revisions"}],"predecessor-version":[{"id":4723,"href":"https:\/\/altaroda.es\/fr\/wp-json\/wp\/v2\/product\/4722\/revisions\/4723"}],"wp:featuredmedia":[{"embeddable":true,"href":"https:\/\/altaroda.es\/fr\/wp-json\/wp\/v2\/media\/4724"}],"wp:attachment":[{"href":"https:\/\/altaroda.es\/fr\/wp-json\/wp\/v2\/media?parent=4722"}],"wp:term":[{"taxonomy":"product_brand","embeddable":true,"href":"https:\/\/altaroda.es\/fr\/wp-json\/wp\/v2\/product_brand?post=4722"},{"taxonomy":"product_cat","embeddable":true,"href":"https:\/\/altaroda.es\/fr\/wp-json\/wp\/v2\/product_cat?post=4722"},{"taxonomy":"product_tag","embeddable":true,"href":"https:\/\/altaroda.es\/fr\/wp-json\/wp\/v2\/product_tag?post=4722"}],"curies":[{"name":"wp","href":"https:\/\/api.w.org\/{rel}","templated":true}]}}