{"id":4695,"date":"2025-06-08T13:36:52","date_gmt":"2025-06-08T13:36:52","guid":{"rendered":"https:\/\/altaroda.es\/product\/epica-17-black-mirror\/"},"modified":"2025-06-08T13:36:54","modified_gmt":"2025-06-08T13:36:54","slug":"epica-17-black-mirror","status":"publish","type":"product","link":"https:\/\/altaroda.es\/fr\/product\/epica-17-black-mirror\/","title":{"rendered":"EPICA 17 BLACK MIRROR"},"content":{"rendered":"<p>7J17 EPICA\/WS2 ET41 5X112 66,6 BLMIPARA RODAS HOMOLOGADAS VERIFIQUE OS DOCUMENTOS ECE-NADNotas:<br \/>\n                     &#8211; Pre\u00e7o unit\u00e1rio;<br \/>\n                     &#8211; IVA \u00e0 taxa em vigor inclu\u00eddo no pre\u00e7o;<br \/>\n                     &#8211; Limitado ao stock existente;<br \/>\n                     &#8211; Disponibilidade e pre\u00e7o carece de re-confirma\u00e7\u00e3o.<\/p>","protected":false},"excerpt":{"rendered":"<p>7J17 EPICA\/WS2 ET41 5X112 66,6 BLMIPARA RODAS HOMOLOGADAS VERIFIQUE OS DOCUMENTOS ECE-NADNotas:<br \/>\n                     &#8211; Pre\u00e7o unit\u00e1rio;<br \/>\n                     &#8211; IVA \u00e0 taxa em vigor inclu\u00eddo no pre\u00e7o;<br \/>\n                     &#8211; Limitado ao stock existente;<br \/>\n                     &#8211; Disponibilidade e pre\u00e7o carece de re-confirma\u00e7\u00e3o.<\/p>","protected":false},"featured_media":4697,"comment_status":"closed","ping_status":"open","template":"","meta":{"_acf_changed":false},"product_brand":[],"product_cat":[908,904,909,900,905,901,906,902,907,903,917,922,913,918,923,914,919,910,924,915,920,911,916,921,912,895,896,897,898,635,899],"product_tag":[],"class_list":{"0":"post-4695","1":"product","2":"type-product","3":"status-publish","4":"has-post-thumbnail","6":"product_cat-2022-bmw-x2-2","7":"product_cat-2022-mini-countryman","8":"product_cat-2022-mini-countryman-2","9":"product_cat-2022-bmw-ix1","10":"product_cat-2022-bmw-ix1-2","11":"product_cat-2022-bmw-ix2","12":"product_cat-2022-bmw-ix2-2","13":"product_cat-2022-bmw-x1","14":"product_cat-2022-bmw-x1-2","15":"product_cat-2022-bmw-x2","16":"product_cat-2024-bmw-x1-2","17":"product_cat-2024-bmw-x1-3","18":"product_cat-2024-bmw-x2","19":"product_cat-2024-bmw-x2-2","20":"product_cat-2024-bmw-x2-3","21":"product_cat-2024-mini-countryman","22":"product_cat-2024-mini-countryman-2","23":"product_cat-2024-bmw-ix1","24":"product_cat-2024-mini-countryman-3","25":"product_cat-2024-bmw-ix1-2","26":"product_cat-2024-bmw-ix1-3","27":"product_cat-2024-bmw-ix2","28":"product_cat-2024-bmw-ix2-2","29":"product_cat-2024-bmw-ix2-3","30":"product_cat-2024-bmw-x1","31":"product_cat-bmw-ix1","32":"product_cat-bmw-ix2","33":"product_cat-bmw-x1","34":"product_cat-bmw-x2","35":"product_cat-jantes","36":"product_cat-mini-countryman","38":"first","39":"instock","40":"purchasable","41":"product-type-simple"},"acf":[],"_links":{"self":[{"href":"https:\/\/altaroda.es\/fr\/wp-json\/wp\/v2\/product\/4695","targetHints":{"allow":["GET"]}}],"collection":[{"href":"https:\/\/altaroda.es\/fr\/wp-json\/wp\/v2\/product"}],"about":[{"href":"https:\/\/altaroda.es\/fr\/wp-json\/wp\/v2\/types\/product"}],"replies":[{"embeddable":true,"href":"https:\/\/altaroda.es\/fr\/wp-json\/wp\/v2\/comments?post=4695"}],"version-history":[{"count":1,"href":"https:\/\/altaroda.es\/fr\/wp-json\/wp\/v2\/product\/4695\/revisions"}],"predecessor-version":[{"id":4696,"href":"https:\/\/altaroda.es\/fr\/wp-json\/wp\/v2\/product\/4695\/revisions\/4696"}],"wp:featuredmedia":[{"embeddable":true,"href":"https:\/\/altaroda.es\/fr\/wp-json\/wp\/v2\/media\/4697"}],"wp:attachment":[{"href":"https:\/\/altaroda.es\/fr\/wp-json\/wp\/v2\/media?parent=4695"}],"wp:term":[{"taxonomy":"product_brand","embeddable":true,"href":"https:\/\/altaroda.es\/fr\/wp-json\/wp\/v2\/product_brand?post=4695"},{"taxonomy":"product_cat","embeddable":true,"href":"https:\/\/altaroda.es\/fr\/wp-json\/wp\/v2\/product_cat?post=4695"},{"taxonomy":"product_tag","embeddable":true,"href":"https:\/\/altaroda.es\/fr\/wp-json\/wp\/v2\/product_tag?post=4695"}],"curies":[{"name":"wp","href":"https:\/\/api.w.org\/{rel}","templated":true}]}}