{"id":4677,"date":"2025-06-08T13:36:44","date_gmt":"2025-06-08T13:36:44","guid":{"rendered":"https:\/\/altaroda.es\/product\/kit-roda-suplente\/"},"modified":"2025-06-08T13:36:48","modified_gmt":"2025-06-08T13:36:48","slug":"kit-roda-suplente","status":"publish","type":"product","link":"https:\/\/altaroda.es\/fr\/product\/kit-roda-suplente\/","title":{"rendered":"Kit Roda Suplente"},"content":{"rendered":"<p>NPK130R 1658017 513078 20 JP118 K21ONLY FOR VEHICLES WITH PCD 130Notas:<br \/>\n                     &#8211; Pre\u00e7o unit\u00e1rio;<br \/>\n                     &#8211; IVA \u00e0 taxa em vigor inclu\u00eddo no pre\u00e7o;<br \/>\n                     &#8211; Limitado ao stock existente;<br \/>\n                     &#8211; Disponibilidade e pre\u00e7o carece de re-confirma\u00e7\u00e3o.<\/p>","protected":false},"excerpt":{"rendered":"<p>NPK130R 1658017 513078 20 JP118 K21ONLY FOR VEHICLES WITH PCD 130Notas:<br \/>\n                     &#8211; Pre\u00e7o unit\u00e1rio;<br \/>\n                     &#8211; IVA \u00e0 taxa em vigor inclu\u00eddo no pre\u00e7o;<br \/>\n                     &#8211; Limitado ao stock existente;<br \/>\n                     &#8211; Disponibilidade e pre\u00e7o carece de re-confirma\u00e7\u00e3o.<\/p>","protected":false},"featured_media":4679,"comment_status":"closed","ping_status":"open","template":"","meta":{"_acf_changed":false},"product_brand":[],"product_cat":[745,746,747,744,742,743,741],"product_tag":[],"class_list":{"0":"post-4677","1":"product","2":"type-product","3":"status-publish","4":"has-post-thumbnail","6":"product_cat-2024-fiat-e-ducato-pcd-130-n1","7":"product_cat-2024-fiat-e-ducato-pcd-130-m1-2","8":"product_cat-2024-fiat-e-ducato-pcd-130-n1-2","9":"product_cat-2024-fiat-e-ducato-pcd-130-m1","10":"product_cat-fiat-e-ducato-pcd-130-m1","11":"product_cat-fiat-e-ducato-pcd-130-n1","12":"product_cat-kit-roda-suplente","14":"first","15":"instock","16":"purchasable","17":"product-type-simple"},"acf":[],"_links":{"self":[{"href":"https:\/\/altaroda.es\/fr\/wp-json\/wp\/v2\/product\/4677","targetHints":{"allow":["GET"]}}],"collection":[{"href":"https:\/\/altaroda.es\/fr\/wp-json\/wp\/v2\/product"}],"about":[{"href":"https:\/\/altaroda.es\/fr\/wp-json\/wp\/v2\/types\/product"}],"replies":[{"embeddable":true,"href":"https:\/\/altaroda.es\/fr\/wp-json\/wp\/v2\/comments?post=4677"}],"version-history":[{"count":1,"href":"https:\/\/altaroda.es\/fr\/wp-json\/wp\/v2\/product\/4677\/revisions"}],"predecessor-version":[{"id":4678,"href":"https:\/\/altaroda.es\/fr\/wp-json\/wp\/v2\/product\/4677\/revisions\/4678"}],"wp:featuredmedia":[{"embeddable":true,"href":"https:\/\/altaroda.es\/fr\/wp-json\/wp\/v2\/media\/4679"}],"wp:attachment":[{"href":"https:\/\/altaroda.es\/fr\/wp-json\/wp\/v2\/media?parent=4677"}],"wp:term":[{"taxonomy":"product_brand","embeddable":true,"href":"https:\/\/altaroda.es\/fr\/wp-json\/wp\/v2\/product_brand?post=4677"},{"taxonomy":"product_cat","embeddable":true,"href":"https:\/\/altaroda.es\/fr\/wp-json\/wp\/v2\/product_cat?post=4677"},{"taxonomy":"product_tag","embeddable":true,"href":"https:\/\/altaroda.es\/fr\/wp-json\/wp\/v2\/product_tag?post=4677"}],"curies":[{"name":"wp","href":"https:\/\/api.w.org\/{rel}","templated":true}]}}