{"id":4671,"date":"2025-06-08T13:36:44","date_gmt":"2025-06-08T13:36:44","guid":{"rendered":"https:\/\/altaroda.es\/product\/leipzig-d-20-gloss-black-2\/"},"modified":"2025-06-08T13:36:47","modified_gmt":"2025-06-08T13:36:47","slug":"leipzig-d-20-gloss-black-2","status":"publish","type":"product","link":"https:\/\/altaroda.es\/fr\/product\/leipzig-d-20-gloss-black-2\/","title":{"rendered":"LEIPZIG-D 20 GLOSS BLACK"},"content":{"rendered":"<p>10J20 LEIP-D\/KS5X E49 5130 66,45 GBO.E. (PORSCHE) Compat\u00edvel com tampa central Pe\u00e7a Nr.. 7PP601149 &#8211; TR\u00c1S &#8211; PARA RODAS HOMOLOGADAS VERIFIQUE OS DOCUMENTOS ECENotas:<br \/>\n                     &#8211; Pre\u00e7o unit\u00e1rio;<br \/>\n                     &#8211; IVA \u00e0 taxa em vigor inclu\u00eddo no pre\u00e7o;<br \/>\n                     &#8211; Limitado ao stock existente;<br \/>\n                     &#8211; Disponibilidade e pre\u00e7o carece de re-confirma\u00e7\u00e3o.<\/p>","protected":false},"excerpt":{"rendered":"<p>10J20 LEIP-D\/KS5X E49 5130 66,45 GBO.E. (PORSCHE) Compat\u00edvel com tampa central Pe\u00e7a Nr.. 7PP601149 &#8211; TR\u00c1S &#8211; PARA RODAS HOMOLOGADAS VERIFIQUE OS DOCUMENTOS ECENotas:<br \/>\n                     &#8211; Pre\u00e7o unit\u00e1rio;<br \/>\n                     &#8211; IVA \u00e0 taxa em vigor inclu\u00eddo no pre\u00e7o;<br \/>\n                     &#8211; Limitado ao stock existente;<br \/>\n                     &#8211; Disponibilidade e pre\u00e7o carece de re-confirma\u00e7\u00e3o.<\/p>","protected":false},"featured_media":4673,"comment_status":"closed","ping_status":"open","template":"","meta":{"_acf_changed":false},"product_brand":[],"product_cat":[692,635,691],"product_tag":[],"class_list":{"0":"post-4671","1":"product","2":"type-product","3":"status-publish","4":"has-post-thumbnail","6":"product_cat-2024-porsche-macan-electric-xa-macan-4-electric-xa","7":"product_cat-jantes","8":"product_cat-porsche-macan-electric-xa-macan-4-electric-xa","10":"first","11":"instock","12":"purchasable","13":"product-type-simple"},"acf":[],"_links":{"self":[{"href":"https:\/\/altaroda.es\/fr\/wp-json\/wp\/v2\/product\/4671","targetHints":{"allow":["GET"]}}],"collection":[{"href":"https:\/\/altaroda.es\/fr\/wp-json\/wp\/v2\/product"}],"about":[{"href":"https:\/\/altaroda.es\/fr\/wp-json\/wp\/v2\/types\/product"}],"replies":[{"embeddable":true,"href":"https:\/\/altaroda.es\/fr\/wp-json\/wp\/v2\/comments?post=4671"}],"version-history":[{"count":1,"href":"https:\/\/altaroda.es\/fr\/wp-json\/wp\/v2\/product\/4671\/revisions"}],"predecessor-version":[{"id":4672,"href":"https:\/\/altaroda.es\/fr\/wp-json\/wp\/v2\/product\/4671\/revisions\/4672"}],"wp:featuredmedia":[{"embeddable":true,"href":"https:\/\/altaroda.es\/fr\/wp-json\/wp\/v2\/media\/4673"}],"wp:attachment":[{"href":"https:\/\/altaroda.es\/fr\/wp-json\/wp\/v2\/media?parent=4671"}],"wp:term":[{"taxonomy":"product_brand","embeddable":true,"href":"https:\/\/altaroda.es\/fr\/wp-json\/wp\/v2\/product_brand?post=4671"},{"taxonomy":"product_cat","embeddable":true,"href":"https:\/\/altaroda.es\/fr\/wp-json\/wp\/v2\/product_cat?post=4671"},{"taxonomy":"product_tag","embeddable":true,"href":"https:\/\/altaroda.es\/fr\/wp-json\/wp\/v2\/product_tag?post=4671"}],"curies":[{"name":"wp","href":"https:\/\/api.w.org\/{rel}","templated":true}]}}