{"id":4662,"date":"2025-06-08T13:36:44","date_gmt":"2025-06-08T13:36:44","guid":{"rendered":"https:\/\/altaroda.es\/product\/highlands-17-gloss-black\/"},"modified":"2025-06-08T13:36:45","modified_gmt":"2025-06-08T13:36:45","slug":"highlands-17-gloss-black","status":"publish","type":"product","link":"https:\/\/altaroda.es\/fr\/product\/highlands-17-gloss-black\/","title":{"rendered":"HIGHLANDS 17 GLOSS BLACK"},"content":{"rendered":"<p>7J17 HIGHLA\/FF E40 5X114 RS76 GLBLAPARA RODAS HOMOLOGADAS VERIFIQUE OS DOCUMENTOS TUV-NADCertifica\u00e7\u00f5es: HI7070 FF-67,1-A05Notas:<br \/>\n                     &#8211; Pre\u00e7o unit\u00e1rio;<br \/>\n                     &#8211; IVA \u00e0 taxa em vigor inclu\u00eddo no pre\u00e7o;<br \/>\n                     &#8211; Limitado ao stock existente;<br \/>\n                     &#8211; Disponibilidade e pre\u00e7o carece de re-confirma\u00e7\u00e3o.<\/p>","protected":false},"excerpt":{"rendered":"<p>7J17 HIGHLA\/FF E40 5X114 RS76 GLBLAPARA RODAS HOMOLOGADAS VERIFIQUE OS DOCUMENTOS TUV-NADCertifica\u00e7\u00f5es: HI7070 FF-67,1-A05Notas:<br \/>\n                     &#8211; Pre\u00e7o unit\u00e1rio;<br \/>\n                     &#8211; IVA \u00e0 taxa em vigor inclu\u00eddo no pre\u00e7o;<br \/>\n                     &#8211; Limitado ao stock existente;<br \/>\n                     &#8211; Disponibilidade e pre\u00e7o carece de re-confirma\u00e7\u00e3o.<\/p>","protected":false},"featured_media":4664,"comment_status":"closed","ping_status":"open","template":"","meta":{"_acf_changed":false},"product_brand":[],"product_cat":[703,699,700,701,702,708,704,705,706,707,712,717,713,718,709,714,710,715,711,716,722,723,719,720,721,726,727,728,724,725,731,732,733,729,730,735,736,737,738,734,694,695,696,635,697,698],"product_tag":[],"class_list":{"0":"post-4662","1":"product","2":"type-product","3":"status-publish","4":"has-post-thumbnail","6":"product_cat-05-2006-subaru-impreza-sti-wrx","7":"product_cat-05-2006","8":"product_cat-05-2006-chrysler-avenger","9":"product_cat-05-2006-dodge-caliber","10":"product_cat-05-2006-lancia-flavia","11":"product_cat-05-2006-2011-subaru-impreza-sti-wrx","12":"product_cat-05-2006-2011","13":"product_cat-05-2006-2011-chrysler-avenger","14":"product_cat-05-2006-2011-dodge-caliber","15":"product_cat-05-2006-2011-lancia-flavia","16":"product_cat-06-2007-lancia-flavia","17":"product_cat-06-2007-lancia-flavia-2","18":"product_cat-06-2007-subaru-impreza-sti-wrx","19":"product_cat-06-2007-subaru-impreza-sti-wrx-2","20":"product_cat-06-2007","21":"product_cat-06-2007-audi-s3","22":"product_cat-06-2007-chrysler-avenger","23":"product_cat-06-2007-chrysler-avenger-2","24":"product_cat-06-2007-dodge-caliber","25":"product_cat-06-2007-dodge-caliber-2","26":"product_cat-06-2007-2011-lancia-flavia","27":"product_cat-06-2007-2011-subaru-impreza-sti-wrx","28":"product_cat-06-2007-2011","29":"product_cat-06-2007-2011-chrysler-avenger","30":"product_cat-06-2007-2011-dodge-caliber","31":"product_cat-06-2007-2014-dodge-caliber","32":"product_cat-06-2007-2014-lancia-flavia","33":"product_cat-06-2007-2014-subaru-impreza-sti-wrx","34":"product_cat-06-2007-2014","35":"product_cat-06-2007-2014-chrysler-avenger","36":"product_cat-10-2006-2012-dodge-caliber","37":"product_cat-10-2006-2012-lancia-flavia","38":"product_cat-10-2006-2012-subaru-impreza-sti-wrx","39":"product_cat-10-2006-2012","40":"product_cat-10-2006-2012-chrysler-avenger","41":"product_cat-11-2005-12-2007-chrysler-avenger","42":"product_cat-11-2005-12-2007-dodge-caliber","43":"product_cat-11-2005-12-2007-lancia-flavia","44":"product_cat-11-2005-12-2007-subaru-impreza-sti-wrx","45":"product_cat-11-2005-12-2007","46":"product_cat-audi-s3","47":"product_cat-chrysler-avenger","48":"product_cat-dodge-caliber","49":"product_cat-jantes","50":"product_cat-lancia-flavia","51":"product_cat-subaru-impreza-sti-wrx","53":"first","54":"instock","55":"purchasable","56":"product-type-simple"},"acf":[],"_links":{"self":[{"href":"https:\/\/altaroda.es\/fr\/wp-json\/wp\/v2\/product\/4662","targetHints":{"allow":["GET"]}}],"collection":[{"href":"https:\/\/altaroda.es\/fr\/wp-json\/wp\/v2\/product"}],"about":[{"href":"https:\/\/altaroda.es\/fr\/wp-json\/wp\/v2\/types\/product"}],"replies":[{"embeddable":true,"href":"https:\/\/altaroda.es\/fr\/wp-json\/wp\/v2\/comments?post=4662"}],"version-history":[{"count":1,"href":"https:\/\/altaroda.es\/fr\/wp-json\/wp\/v2\/product\/4662\/revisions"}],"predecessor-version":[{"id":4663,"href":"https:\/\/altaroda.es\/fr\/wp-json\/wp\/v2\/product\/4662\/revisions\/4663"}],"wp:featuredmedia":[{"embeddable":true,"href":"https:\/\/altaroda.es\/fr\/wp-json\/wp\/v2\/media\/4664"}],"wp:attachment":[{"href":"https:\/\/altaroda.es\/fr\/wp-json\/wp\/v2\/media?parent=4662"}],"wp:term":[{"taxonomy":"product_brand","embeddable":true,"href":"https:\/\/altaroda.es\/fr\/wp-json\/wp\/v2\/product_brand?post=4662"},{"taxonomy":"product_cat","embeddable":true,"href":"https:\/\/altaroda.es\/fr\/wp-json\/wp\/v2\/product_cat?post=4662"},{"taxonomy":"product_tag","embeddable":true,"href":"https:\/\/altaroda.es\/fr\/wp-json\/wp\/v2\/product_tag?post=4662"}],"curies":[{"name":"wp","href":"https:\/\/api.w.org\/{rel}","templated":true}]}}