{"id":4447,"date":"2025-05-26T15:40:13","date_gmt":"2025-05-26T15:40:13","guid":{"rendered":"https:\/\/altaroda.es\/product\/botao-tracao-off-consola-central-bmw-serie-5-6-x3-x4-f10-f11-f06-f25-f26-2010-2017\/"},"modified":"2025-05-26T15:41:53","modified_gmt":"2025-05-26T15:41:53","slug":"botao-tracao-off-consola-central-bmw-serie-5-6-x3-x4-f10-f11-f06-f25-f26-2010-2017","status":"publish","type":"product","link":"https:\/\/altaroda.es\/fr\/product\/botao-tracao-off-consola-central-bmw-serie-5-6-x3-x4-f10-f11-f06-f25-f26-2010-2017\/","title":{"rendered":"Bot\u00e3o Tra\u00e7\u00e3o &apos;&apos;OFF&apos;&apos; Consola Central BMW S\u00e9rie 5 6 X3 X4 F10 F11 F06 F25 F26 2010-2017"},"content":{"rendered":"","protected":false},"excerpt":{"rendered":"","protected":false},"featured_media":4449,"comment_status":"closed","ping_status":"open","template":"","meta":{"_acf_changed":false},"product_brand":[168,298,299,490,491],"product_cat":[249],"product_tag":[],"class_list":{"0":"post-4447","1":"product","2":"type-product","3":"status-publish","4":"has-post-thumbnail","6":"product_brand-bmw","7":"product_brand-serie-5-f10-f11-f18","8":"product_brand-serie-6-f06-f12","9":"product_brand-x3-f25","10":"product_brand-x4-f26","11":"product_cat-botoes","13":"first","14":"instock","15":"purchasable","16":"product-type-simple"},"acf":[],"_links":{"self":[{"href":"https:\/\/altaroda.es\/fr\/wp-json\/wp\/v2\/product\/4447","targetHints":{"allow":["GET"]}}],"collection":[{"href":"https:\/\/altaroda.es\/fr\/wp-json\/wp\/v2\/product"}],"about":[{"href":"https:\/\/altaroda.es\/fr\/wp-json\/wp\/v2\/types\/product"}],"replies":[{"embeddable":true,"href":"https:\/\/altaroda.es\/fr\/wp-json\/wp\/v2\/comments?post=4447"}],"version-history":[{"count":1,"href":"https:\/\/altaroda.es\/fr\/wp-json\/wp\/v2\/product\/4447\/revisions"}],"predecessor-version":[{"id":4448,"href":"https:\/\/altaroda.es\/fr\/wp-json\/wp\/v2\/product\/4447\/revisions\/4448"}],"wp:featuredmedia":[{"embeddable":true,"href":"https:\/\/altaroda.es\/fr\/wp-json\/wp\/v2\/media\/4449"}],"wp:attachment":[{"href":"https:\/\/altaroda.es\/fr\/wp-json\/wp\/v2\/media?parent=4447"}],"wp:term":[{"taxonomy":"product_brand","embeddable":true,"href":"https:\/\/altaroda.es\/fr\/wp-json\/wp\/v2\/product_brand?post=4447"},{"taxonomy":"product_cat","embeddable":true,"href":"https:\/\/altaroda.es\/fr\/wp-json\/wp\/v2\/product_cat?post=4447"},{"taxonomy":"product_tag","embeddable":true,"href":"https:\/\/altaroda.es\/fr\/wp-json\/wp\/v2\/product_tag?post=4447"}],"curies":[{"name":"wp","href":"https:\/\/api.w.org\/{rel}","templated":true}]}}