{"id":3325,"date":"2025-05-26T15:25:18","date_gmt":"2025-05-26T15:25:18","guid":{"rendered":"https:\/\/altaroda.es\/product\/botao-auto-off-preto-bmw-serie-5-6-7-f10-f11-f12-f01-g30-g32-g11-2008-2023-versao-b\/"},"modified":"2025-05-26T15:26:15","modified_gmt":"2025-05-26T15:26:15","slug":"botao-auto-off-preto-bmw-serie-5-6-7-f10-f11-f12-f01-g30-g32-g11-2008-2023-versao-b","status":"publish","type":"product","link":"https:\/\/altaroda.es\/fr\/product\/botao-auto-off-preto-bmw-serie-5-6-7-f10-f11-f12-f01-g30-g32-g11-2008-2023-versao-b\/","title":{"rendered":"Bot\u00e3o Auto OFF Preto BMW S\u00e9rie 5 6 7 F10 F11 F12 F01 G30 G32 G11 2008-2023 Vers\u00e3o B"},"content":{"rendered":"","protected":false},"excerpt":{"rendered":"","protected":false},"featured_media":3327,"comment_status":"closed","ping_status":"open","template":"","meta":{"_acf_changed":false},"product_brand":[168,298,504,299,366,169,505],"product_cat":[249],"product_tag":[],"class_list":{"0":"post-3325","1":"product","2":"type-product","3":"status-publish","4":"has-post-thumbnail","6":"product_brand-bmw","7":"product_brand-serie-5-f10-f11-f18","8":"product_brand-serie-5-g30-g31-g38-f90","9":"product_brand-serie-6-f06-f12","10":"product_brand-serie-6gt-g32","11":"product_brand-serie-7-f01-f02-f04","12":"product_brand-serie-7-g11-g12","13":"product_cat-botoes","15":"first","16":"instock","17":"purchasable","18":"product-type-simple"},"acf":[],"_links":{"self":[{"href":"https:\/\/altaroda.es\/fr\/wp-json\/wp\/v2\/product\/3325","targetHints":{"allow":["GET"]}}],"collection":[{"href":"https:\/\/altaroda.es\/fr\/wp-json\/wp\/v2\/product"}],"about":[{"href":"https:\/\/altaroda.es\/fr\/wp-json\/wp\/v2\/types\/product"}],"replies":[{"embeddable":true,"href":"https:\/\/altaroda.es\/fr\/wp-json\/wp\/v2\/comments?post=3325"}],"version-history":[{"count":1,"href":"https:\/\/altaroda.es\/fr\/wp-json\/wp\/v2\/product\/3325\/revisions"}],"predecessor-version":[{"id":3326,"href":"https:\/\/altaroda.es\/fr\/wp-json\/wp\/v2\/product\/3325\/revisions\/3326"}],"wp:featuredmedia":[{"embeddable":true,"href":"https:\/\/altaroda.es\/fr\/wp-json\/wp\/v2\/media\/3327"}],"wp:attachment":[{"href":"https:\/\/altaroda.es\/fr\/wp-json\/wp\/v2\/media?parent=3325"}],"wp:term":[{"taxonomy":"product_brand","embeddable":true,"href":"https:\/\/altaroda.es\/fr\/wp-json\/wp\/v2\/product_brand?post=3325"},{"taxonomy":"product_cat","embeddable":true,"href":"https:\/\/altaroda.es\/fr\/wp-json\/wp\/v2\/product_cat?post=3325"},{"taxonomy":"product_tag","embeddable":true,"href":"https:\/\/altaroda.es\/fr\/wp-json\/wp\/v2\/product_tag?post=3325"}],"curies":[{"name":"wp","href":"https:\/\/api.w.org\/{rel}","templated":true}]}}