{"id":3212,"date":"2025-05-26T15:23:06","date_gmt":"2025-05-26T15:23:06","guid":{"rendered":"https:\/\/altaroda.es\/product\/conjunto-de-4-botoes-modos-de-conducao-mercedes-benz-ml-gl-gls-w166-w292-2012-2019-versao-b\/"},"modified":"2025-05-26T15:24:33","modified_gmt":"2025-05-26T15:24:33","slug":"conjunto-de-4-botoes-modos-de-conducao-mercedes-benz-ml-gl-gls-w166-w292-2012-2019-versao-b","status":"publish","type":"product","link":"https:\/\/altaroda.es\/fr\/product\/conjunto-de-4-botoes-modos-de-conducao-mercedes-benz-ml-gl-gls-w166-w292-2012-2019-versao-b\/","title":{"rendered":"Conjunto de 4  Bot\u00f5es Modos de Condu\u00e7\u00e3o Mercedes-Benz ML GL GLS W166 W292 2012-2019 Vers\u00e3o B"},"content":{"rendered":"","protected":false},"excerpt":{"rendered":"","protected":false},"featured_media":3214,"comment_status":"closed","ping_status":"open","template":"","meta":{"_acf_changed":false},"product_brand":[245,172,246],"product_cat":[249],"product_tag":[],"class_list":{"0":"post-3212","1":"product","2":"type-product","3":"status-publish","4":"has-post-thumbnail","6":"product_brand-gle-w292","7":"product_brand-mercedes-benz","8":"product_brand-ml-w166","9":"product_cat-botoes","11":"first","12":"instock","13":"purchasable","14":"product-type-simple"},"acf":[],"_links":{"self":[{"href":"https:\/\/altaroda.es\/fr\/wp-json\/wp\/v2\/product\/3212","targetHints":{"allow":["GET"]}}],"collection":[{"href":"https:\/\/altaroda.es\/fr\/wp-json\/wp\/v2\/product"}],"about":[{"href":"https:\/\/altaroda.es\/fr\/wp-json\/wp\/v2\/types\/product"}],"replies":[{"embeddable":true,"href":"https:\/\/altaroda.es\/fr\/wp-json\/wp\/v2\/comments?post=3212"}],"version-history":[{"count":1,"href":"https:\/\/altaroda.es\/fr\/wp-json\/wp\/v2\/product\/3212\/revisions"}],"predecessor-version":[{"id":3213,"href":"https:\/\/altaroda.es\/fr\/wp-json\/wp\/v2\/product\/3212\/revisions\/3213"}],"wp:featuredmedia":[{"embeddable":true,"href":"https:\/\/altaroda.es\/fr\/wp-json\/wp\/v2\/media\/3214"}],"wp:attachment":[{"href":"https:\/\/altaroda.es\/fr\/wp-json\/wp\/v2\/media?parent=3212"}],"wp:term":[{"taxonomy":"product_brand","embeddable":true,"href":"https:\/\/altaroda.es\/fr\/wp-json\/wp\/v2\/product_brand?post=3212"},{"taxonomy":"product_cat","embeddable":true,"href":"https:\/\/altaroda.es\/fr\/wp-json\/wp\/v2\/product_cat?post=3212"},{"taxonomy":"product_tag","embeddable":true,"href":"https:\/\/altaroda.es\/fr\/wp-json\/wp\/v2\/product_tag?post=3212"}],"curies":[{"name":"wp","href":"https:\/\/api.w.org\/{rel}","templated":true}]}}