{"id":1727,"date":"2025-05-26T15:10:59","date_gmt":"2025-05-26T15:10:59","guid":{"rendered":"https:\/\/altaroda.es\/product\/moldura-plastica-tampao-de-combustivel-mercedes-benz-classe-e-w213-2016-2023\/"},"modified":"2025-05-26T15:11:03","modified_gmt":"2025-05-26T15:11:03","slug":"moldura-plastica-tampao-de-combustivel-mercedes-benz-classe-e-w213-2016-2023","status":"publish","type":"product","link":"https:\/\/altaroda.es\/fr\/product\/moldura-plastica-tampao-de-combustivel-mercedes-benz-classe-e-w213-2016-2023\/","title":{"rendered":"Moldura Pl\u00e1stica Tamp\u00e3o de Combust\u00edvel Mercedes-Benz Classe E W213 2016-2023"},"content":{"rendered":"","protected":false},"excerpt":{"rendered":"","protected":false},"featured_media":1729,"comment_status":"closed","ping_status":"open","template":"","meta":{"_acf_changed":false},"product_brand":[262,172],"product_cat":[267],"product_tag":[],"class_list":{"0":"post-1727","1":"product","2":"type-product","3":"status-publish","4":"has-post-thumbnail","6":"product_brand-classe-e-w213","7":"product_brand-mercedes-benz","8":"product_cat-molduras","10":"first","11":"instock","12":"purchasable","13":"product-type-simple"},"acf":[],"_links":{"self":[{"href":"https:\/\/altaroda.es\/fr\/wp-json\/wp\/v2\/product\/1727","targetHints":{"allow":["GET"]}}],"collection":[{"href":"https:\/\/altaroda.es\/fr\/wp-json\/wp\/v2\/product"}],"about":[{"href":"https:\/\/altaroda.es\/fr\/wp-json\/wp\/v2\/types\/product"}],"replies":[{"embeddable":true,"href":"https:\/\/altaroda.es\/fr\/wp-json\/wp\/v2\/comments?post=1727"}],"version-history":[{"count":1,"href":"https:\/\/altaroda.es\/fr\/wp-json\/wp\/v2\/product\/1727\/revisions"}],"predecessor-version":[{"id":1728,"href":"https:\/\/altaroda.es\/fr\/wp-json\/wp\/v2\/product\/1727\/revisions\/1728"}],"wp:featuredmedia":[{"embeddable":true,"href":"https:\/\/altaroda.es\/fr\/wp-json\/wp\/v2\/media\/1729"}],"wp:attachment":[{"href":"https:\/\/altaroda.es\/fr\/wp-json\/wp\/v2\/media?parent=1727"}],"wp:term":[{"taxonomy":"product_brand","embeddable":true,"href":"https:\/\/altaroda.es\/fr\/wp-json\/wp\/v2\/product_brand?post=1727"},{"taxonomy":"product_cat","embeddable":true,"href":"https:\/\/altaroda.es\/fr\/wp-json\/wp\/v2\/product_cat?post=1727"},{"taxonomy":"product_tag","embeddable":true,"href":"https:\/\/altaroda.es\/fr\/wp-json\/wp\/v2\/product_tag?post=1727"}],"curies":[{"name":"wp","href":"https:\/\/api.w.org\/{rel}","templated":true}]}}