{"id":1110,"date":"2025-04-25T11:24:48","date_gmt":"2025-04-25T11:24:48","guid":{"rendered":"https:\/\/altaroda.es\/?post_type=product&#038;p=1110"},"modified":"2025-04-25T11:24:48","modified_gmt":"2025-04-25T11:24:48","slug":"rascador-de-neumaticos-profesional-greaves-3d","status":"publish","type":"product","link":"https:\/\/altaroda.es\/fr\/product\/rascador-de-neumaticos-profesional-greaves-3d\/","title":{"rendered":"Rascador de neum\u00e1ticos profesional Greaves 3D"},"content":{"rendered":"<p>Para los entusiastas del motor que entienden la importancia del mantenimiento de los neum\u00e1ticos, destaca el rascador de neum\u00e1ticos profesional Greaves 3D Engineering. Meticulosamente dise\u00f1ado, ofrece una combinaci\u00f3n de eficiencia y precisi\u00f3n, garantizando que sus neum\u00e1ticos permanezcan en \u00f3ptimas condiciones durante m\u00e1s<\/p>\n<p>&nbsp;<\/p>\n<p>Gracias a su construcci\u00f3n \u00fanica, conseguir\u00e1 una notable mejora en el rendimiento y la vida \u00fatil de sus neum\u00e1ticos.<br \/>\nFabricada para cambiar las reglas del juego en el mantenimiento de neum\u00e1ticos, esta herramienta promete los mejores resultados y facilidad de uso.<\/p>\n<p><strong>Vea lo que la diferencia:<\/strong><\/p>\n<ul>\n<li>Mayor vida \u00fatil del neum\u00e1tico: incorpora una pistola de calor de 2000 W de potencia con temperatura ajustable (100-600 grados C) y velocidad del ventilador (300-600 L\/min de flujo de aire), que ofrece una limpieza \u00f3ptima sin da\u00f1ar el compuesto del neum\u00e1tico.<\/li>\n<li>ergon\u00f3mico: creado para simplificar el manejo, adecuado para neum\u00e1ticos de todas las categor\u00edas del automovilismo, desde el karting hasta la F1.<\/li>\n<li>Acabado de la superficie intacto: Elimina eficazmente los residuos y la acumulaci\u00f3n de goma, garantizando un acabado liso sin da\u00f1ar el<\/li>\n<li>Ajustes f\u00e1ciles de usar: el mango ajustable y la posici\u00f3n de la cuchilla proporcionan una experiencia personalizada para cada usuario.<\/li>\n<li>Opciones de alimentaci\u00f3n flexibles: Se suministra con un adaptador europeo y brit\u00e1nico de 230 V, por lo que est\u00e1 preparada para su uso internacional.<\/li>\n<li>Robusta y fiable: Garantiza una eliminaci\u00f3n uniforme de los residuos al ofrecer.<\/li>\n<li>una plataforma de neum\u00e1ticos estable con rodillos controlados con el pie, sin la molestia de un manejo excesivo de las ruedas ni cables de arrastre adicionales.<\/li>\n<\/ul>","protected":false},"excerpt":{"rendered":"<p>Limpieza de precisi\u00f3n con pistola de calor de 2000 W.<br \/>\nConstrucci\u00f3n robusta para mayor estabilidad.<br \/>\nDise\u00f1o ergon\u00f3mico con mecanismo accionado con el pie.<\/p>","protected":false},"featured_media":0,"comment_status":"open","ping_status":"closed","template":"","meta":{"_acf_changed":false},"product_brand":[],"product_cat":[16],"product_tag":[153],"class_list":{"0":"post-1110","1":"product","2":"type-product","3":"status-publish","5":"product_cat-uncategorized","6":"product_tag-rascador-de-neumaticos-profesional-greaves-3d","8":"first","9":"instock","10":"taxable","11":"shipping-taxable","12":"purchasable","13":"product-type-simple"},"acf":[],"_links":{"self":[{"href":"https:\/\/altaroda.es\/fr\/wp-json\/wp\/v2\/product\/1110","targetHints":{"allow":["GET"]}}],"collection":[{"href":"https:\/\/altaroda.es\/fr\/wp-json\/wp\/v2\/product"}],"about":[{"href":"https:\/\/altaroda.es\/fr\/wp-json\/wp\/v2\/types\/product"}],"replies":[{"embeddable":true,"href":"https:\/\/altaroda.es\/fr\/wp-json\/wp\/v2\/comments?post=1110"}],"version-history":[{"count":0,"href":"https:\/\/altaroda.es\/fr\/wp-json\/wp\/v2\/product\/1110\/revisions"}],"wp:attachment":[{"href":"https:\/\/altaroda.es\/fr\/wp-json\/wp\/v2\/media?parent=1110"}],"wp:term":[{"taxonomy":"product_brand","embeddable":true,"href":"https:\/\/altaroda.es\/fr\/wp-json\/wp\/v2\/product_brand?post=1110"},{"taxonomy":"product_cat","embeddable":true,"href":"https:\/\/altaroda.es\/fr\/wp-json\/wp\/v2\/product_cat?post=1110"},{"taxonomy":"product_tag","embeddable":true,"href":"https:\/\/altaroda.es\/fr\/wp-json\/wp\/v2\/product_tag?post=1110"}],"curies":[{"name":"wp","href":"https:\/\/api.w.org\/{rel}","templated":true}]}}