{"id":1045,"date":"2025-04-22T22:08:23","date_gmt":"2025-04-22T22:08:23","guid":{"rendered":"https:\/\/altaroda.es\/?post_type=product&#038;p=1045"},"modified":"2025-04-22T22:08:23","modified_gmt":"2025-04-22T22:08:23","slug":"herramienta-de-diagnostico-y-comprobacion-de-holguras-en-el-conjunto-de-las-articulaciones-de-la-direccion-y-de-la-suspension","status":"publish","type":"product","link":"https:\/\/altaroda.es\/fr\/product\/herramienta-de-diagnostico-y-comprobacion-de-holguras-en-el-conjunto-de-las-articulaciones-de-la-direccion-y-de-la-suspension\/","title":{"rendered":"Herramienta de diagn\u00f3stico y comprobaci\u00f3n de holguras en el conjunto de las articulaciones de la direcci\u00f3n y de la suspensi\u00f3n."},"content":{"rendered":"<p>Herramienta de diagn\u00f3stico y comprobaci\u00f3n de holguras en el conjunto de las articulaciones de la direcci\u00f3n y de la suspensi\u00f3n.<br \/>\nPara ruedas de 13&#8243; a 22&#8243; de di\u00e1metro.<\/p>\n<p>Permite ejercer una gran fuerza para forzar y resaltar las holguras.<\/p>\n<p>Este comprobador de holguras de articulaciones es una herramienta indispensable en cualquier taller mec\u00e1nico,<strong> dise\u00f1ada para la inspecci\u00f3n precisa de las articulaciones de la direcci\u00f3n y de la suspensi\u00f3n, y para descubrir holguras en las mismas.<\/strong><\/p>\n<p><strong>Capaz de identificar da\u00f1os y holguras en articulaciones, r\u00f3tulas, cojinetes, silentblocks, palieres, juntas homocin\u00e9ticas, manguetas, etc&#8230;<\/strong><\/p>\n<p>Con su capacidad para manejar ruedas de 13&#8243; a 22&#8243; mm de di\u00e1metro, este dispositivo es ideal para turismos, SUVs y furgonetas.<br \/>\nPermite hacer una instalaci\u00f3n r\u00e1pida y segura cuando el veh\u00edculo est\u00e1 en el elevador, proporcionando una clara indicaci\u00f3n de la necesidad de reparaciones durante las interacciones con los clientes.<\/p>\n<p><strong>Caracter\u00edsticas y Especificaciones:<\/strong><\/p>\n<ul>\n<li><strong>Rango de Di\u00e1metro de Llanta:<\/strong>\u00a0aprox. 13&#8243; a 22&#8243;. (m\u00e1ximo 80 cms. con neum\u00e1tico inclu\u00eddo)<\/li>\n<li><strong>Compatibilidad:<\/strong> Apto para todos los turismos comunes, SUVs y furgonetas.<\/li>\n<li><strong>Trabajo Seguro:<\/strong>\u00a0Las p\u00faas especiales se fijan en los nuematicos sin da\u00f1arlos, lo cual permite hacer una gran fuerza con el m\u00ednino esfuerzo.<\/li>\n<li><strong>Protecci\u00f3n del Veh\u00edculo:<\/strong> No da\u00f1a la llanta, pues va forrado interiormente.<\/li>\n<li>Ergon\u00f3mico: Su dise\u00f1o de palanca protege la espalda y las articulaciones del trabajador.<\/li>\n<li><strong>Eficiencia:<\/strong> Permite una comprobaci\u00f3n r\u00e1pida y eficaz. Adem\u00e1s ahorra tiempo.<\/li>\n<li><strong>Detecci\u00f3n de Da\u00f1os:<\/strong> Capaz de identificar peque\u00f1os da\u00f1os y holguras en r\u00f3tulas, cojinetes, silentblocks, palieres, juntas homocin\u00e9ticas, manguetas, etc&#8230;<\/li>\n<\/ul>\n<p><strong>Aplicaciones del Producto:<\/strong> Ideal para uso en talleres mec\u00e1nicos para la revisi\u00f3n y mantenimiento habitual.comprobaci\u00f3n de las\u00a0piezas del chasis y de la direcci\u00f3n,\u00a0conforme a los est\u00e1ndares profesionales<\/p>\n<p>Peso del producto : 13 kilos<\/p>\n<p>&nbsp;<\/p>\n<p><iframe title=\"Detetor de folgas de dire\u00e7\u00e3o e suspens\u00e3o p\/rodas de 13&quot;-22&quot;\" width=\"800\" height=\"450\" src=\"https:\/\/www.youtube.com\/embed\/6PUQ5Wxd4Io?feature=oembed\" frameborder=\"0\" allow=\"accelerometer; autoplay; clipboard-write; encrypted-media; gyroscope; picture-in-picture; web-share\" referrerpolicy=\"strict-origin-when-cross-origin\" allowfullscreen><\/iframe><\/p>","protected":false},"excerpt":{"rendered":"<p>Herramienta de diagn\u00f3stico y comprobaci\u00f3n de holguras en el conjunto de las articulaciones de la direcci\u00f3n y de la suspensi\u00f3n.<\/p>","protected":false},"featured_media":0,"comment_status":"open","ping_status":"closed","template":"","meta":{"_acf_changed":false},"product_brand":[],"product_cat":[43],"product_tag":[144,143,142,145,141,146],"class_list":{"0":"post-1045","1":"product","2":"type-product","3":"status-publish","5":"product_cat-herramientas","6":"product_tag-articulaciones-de","7":"product_tag-comprobacion-de-holguras","8":"product_tag-diagnostico","9":"product_tag-direccion","10":"product_tag-herramienta","11":"product_tag-suspension","13":"first","14":"instock","15":"taxable","16":"shipping-taxable","17":"purchasable","18":"product-type-simple"},"acf":[],"_links":{"self":[{"href":"https:\/\/altaroda.es\/fr\/wp-json\/wp\/v2\/product\/1045","targetHints":{"allow":["GET"]}}],"collection":[{"href":"https:\/\/altaroda.es\/fr\/wp-json\/wp\/v2\/product"}],"about":[{"href":"https:\/\/altaroda.es\/fr\/wp-json\/wp\/v2\/types\/product"}],"replies":[{"embeddable":true,"href":"https:\/\/altaroda.es\/fr\/wp-json\/wp\/v2\/comments?post=1045"}],"version-history":[{"count":0,"href":"https:\/\/altaroda.es\/fr\/wp-json\/wp\/v2\/product\/1045\/revisions"}],"wp:attachment":[{"href":"https:\/\/altaroda.es\/fr\/wp-json\/wp\/v2\/media?parent=1045"}],"wp:term":[{"taxonomy":"product_brand","embeddable":true,"href":"https:\/\/altaroda.es\/fr\/wp-json\/wp\/v2\/product_brand?post=1045"},{"taxonomy":"product_cat","embeddable":true,"href":"https:\/\/altaroda.es\/fr\/wp-json\/wp\/v2\/product_cat?post=1045"},{"taxonomy":"product_tag","embeddable":true,"href":"https:\/\/altaroda.es\/fr\/wp-json\/wp\/v2\/product_tag?post=1045"}],"curies":[{"name":"wp","href":"https:\/\/api.w.org\/{rel}","templated":true}]}}