{"id":715,"date":"2025-04-21T22:40:07","date_gmt":"2025-04-21T22:40:07","guid":{"rendered":"https:\/\/altaroda.es\/?post_type=product&#038;p=715"},"modified":"2025-04-22T12:06:05","modified_gmt":"2025-04-22T12:06:05","slug":"grabador-de-neumaticos-a-laser","status":"publish","type":"product","link":"https:\/\/altaroda.es\/en\/product\/grabador-de-neumaticos-a-laser\/","title":{"rendered":"LASER TYRE ENGRAVER"},"content":{"rendered":"<div>Posibilidad ilimitada, ventaja t\u00e9cnica<\/div>\n<div>Gestione de forma inteligente su proceso de marcado, desde el taller hasta la l\u00ednea de producci\u00f3n automatizada, le permitir\u00e1 realizar f\u00e1cilmente m\u00faltiples tareas.<\/div>\n<div>Material de la m\u00e1quina<\/div>\n<div>Estructura de aluminio anodizado con chorro de arena.<\/div>\n<div><\/div>\n<div><\/div>","protected":false},"excerpt":{"rendered":"<p>Gestione de forma inteligente sus procesos de marcado, desde talleres hasta l\u00edneas de producci\u00f3n automatizadas, lo que le permitir\u00e1.<\/p>\n<p>Gestionar f\u00e1cilmente m\u00faltiples tareas.<\/p>","protected":false},"featured_media":0,"comment_status":"open","ping_status":"closed","template":"","meta":{"_acf_changed":false},"product_brand":[],"product_cat":[42],"product_tag":[123,124],"class_list":{"0":"post-715","1":"product","2":"type-product","3":"status-publish","5":"product_cat-equipamiento","6":"product_tag-grabadora","7":"product_tag-laser","9":"first","10":"instock","11":"taxable","12":"shipping-taxable","13":"purchasable","14":"product-type-simple"},"acf":[],"_links":{"self":[{"href":"https:\/\/altaroda.es\/en\/wp-json\/wp\/v2\/product\/715","targetHints":{"allow":["GET"]}}],"collection":[{"href":"https:\/\/altaroda.es\/en\/wp-json\/wp\/v2\/product"}],"about":[{"href":"https:\/\/altaroda.es\/en\/wp-json\/wp\/v2\/types\/product"}],"replies":[{"embeddable":true,"href":"https:\/\/altaroda.es\/en\/wp-json\/wp\/v2\/comments?post=715"}],"version-history":[{"count":5,"href":"https:\/\/altaroda.es\/en\/wp-json\/wp\/v2\/product\/715\/revisions"}],"predecessor-version":[{"id":898,"href":"https:\/\/altaroda.es\/en\/wp-json\/wp\/v2\/product\/715\/revisions\/898"}],"wp:attachment":[{"href":"https:\/\/altaroda.es\/en\/wp-json\/wp\/v2\/media?parent=715"}],"wp:term":[{"taxonomy":"product_brand","embeddable":true,"href":"https:\/\/altaroda.es\/en\/wp-json\/wp\/v2\/product_brand?post=715"},{"taxonomy":"product_cat","embeddable":true,"href":"https:\/\/altaroda.es\/en\/wp-json\/wp\/v2\/product_cat?post=715"},{"taxonomy":"product_tag","embeddable":true,"href":"https:\/\/altaroda.es\/en\/wp-json\/wp\/v2\/product_tag?post=715"}],"curies":[{"name":"wp","href":"https:\/\/api.w.org\/{rel}","templated":true}]}}