{"id":624,"date":"2025-04-12T11:55:41","date_gmt":"2025-04-12T11:55:41","guid":{"rendered":"https:\/\/altaroda.es\/?post_type=product&#038;p=624"},"modified":"2025-04-12T12:03:33","modified_gmt":"2025-04-12T12:03:33","slug":"soldadura-en-frio-jb-weld","status":"publish","type":"product","link":"https:\/\/altaroda.es\/en\/product\/soldadura-en-frio-jb-weld\/","title":{"rendered":"JB Weld cold welding"},"content":{"rendered":"<p>Cantidad en cada tubo = 5 Oz (141,8 gr).<\/p>\n<p>Adhesivo americano para superficies r\u00edgidas: pl\u00e1stico, hierro, aluminio, cobre, bronce, madera, cer\u00e1mica, etc.<br \/>\nResistente a altas temperaturas<br \/>\nTapona fugas en tanques y tuber\u00edas<\/p>\n<p><iframe title=\"How to Glue Metal with J-B Weld - Video 3 of 3\" width=\"800\" height=\"450\" src=\"https:\/\/www.youtube.com\/embed\/QkL7Ua641Ss?feature=oembed\" frameborder=\"0\" allow=\"accelerometer; autoplay; clipboard-write; encrypted-media; gyroscope; picture-in-picture; web-share\" referrerpolicy=\"strict-origin-when-cross-origin\" allowfullscreen><\/iframe><\/p>","protected":false},"excerpt":{"rendered":"<p>Adhesivo americano para superficies r\u00edgidas: pl\u00e1stico, hierro, aluminio, cobre, bronce, madera, cer\u00e1mica, etc.<br \/>\nResistente a altas temperaturas<\/p>","protected":false},"featured_media":0,"comment_status":"open","ping_status":"closed","template":"","meta":{"_acf_changed":false},"product_brand":[76],"product_cat":[44,75],"product_tag":[78,79,77],"class_list":{"0":"post-624","1":"product","2":"type-product","3":"status-publish","5":"product_brand-jb-weld","6":"product_cat-consumibles","7":"product_cat-varios","8":"product_tag-fria","9":"product_tag-jbweld","10":"product_tag-soldadura","12":"first","13":"instock","14":"taxable","15":"shipping-taxable","16":"purchasable","17":"product-type-simple"},"acf":[],"_links":{"self":[{"href":"https:\/\/altaroda.es\/en\/wp-json\/wp\/v2\/product\/624","targetHints":{"allow":["GET"]}}],"collection":[{"href":"https:\/\/altaroda.es\/en\/wp-json\/wp\/v2\/product"}],"about":[{"href":"https:\/\/altaroda.es\/en\/wp-json\/wp\/v2\/types\/product"}],"replies":[{"embeddable":true,"href":"https:\/\/altaroda.es\/en\/wp-json\/wp\/v2\/comments?post=624"}],"version-history":[{"count":0,"href":"https:\/\/altaroda.es\/en\/wp-json\/wp\/v2\/product\/624\/revisions"}],"wp:attachment":[{"href":"https:\/\/altaroda.es\/en\/wp-json\/wp\/v2\/media?parent=624"}],"wp:term":[{"taxonomy":"product_brand","embeddable":true,"href":"https:\/\/altaroda.es\/en\/wp-json\/wp\/v2\/product_brand?post=624"},{"taxonomy":"product_cat","embeddable":true,"href":"https:\/\/altaroda.es\/en\/wp-json\/wp\/v2\/product_cat?post=624"},{"taxonomy":"product_tag","embeddable":true,"href":"https:\/\/altaroda.es\/en\/wp-json\/wp\/v2\/product_tag?post=624"}],"curies":[{"name":"wp","href":"https:\/\/api.w.org\/{rel}","templated":true}]}}